{"id":1410,"date":"2025-06-01T20:38:49","date_gmt":"2025-06-01T18:38:49","guid":{"rendered":"http:\/\/dev.targowiska.tarnow.pl\/?page_id=1410"},"modified":"2025-10-13T12:29:29","modified_gmt":"2025-10-13T10:29:29","slug":"o-nas","status":"publish","type":"page","link":"http:\/\/targowiska.tarnow.pl\/?page_id=1410","title":{"rendered":"O nas"},"content":{"rendered":"\n<p class=\"has-large-font-size\"><strong>TARGOWISKA MIEJSKIE<\/strong><\/p>\n\n\n<style>.kt-svg-icons1410_cada86-b7 .kt-svg-item-0 .kb-svg-icon-wrap{color:var(--global-palette4, #2D3748);font-size:50px;}.wp-block-kadence-icon.kt-svg-icons1410_cada86-b7{justify-content:center;}<\/style>\n<div class=\"wp-block-kadence-icon kt-svg-icons kt-svg-icons1410_cada86-b7 alignleft\"><style>.kt-svg-item-1410_d5feeb-ea .kb-svg-icon-wrap, .kt-svg-style-stacked.kt-svg-item-1410_d5feeb-ea .kb-svg-icon-wrap{font-size:40px;}<\/style>\n<div class=\"wp-block-kadence-single-icon kt-svg-style-default kt-svg-icon-wrap kt-svg-item-1410_d5feeb-ea\"><span class=\"kb-svg-icon-wrap kb-svg-icon-fe_home\"><svg viewBox=\"0 0 24 24\"  fill=\"none\" stroke=\"currentColor\" stroke-width=\"2\" stroke-linecap=\"round\" stroke-linejoin=\"round\" xmlns=\"http:\/\/www.w3.org\/2000\/svg\"  aria-hidden=\"true\"><path d=\"M3 9l9-7 9 7v11a2 2 0 0 1-2 2H5a2 2 0 0 1-2-2z\"\/><polyline points=\"9 22 9 12 15 12 15 22\"\/><\/svg><\/span><\/div>\n<\/div>\n\n\n\n<p>33-100 Tarn\u00f3w, ul. Naj\u015bwi\u0119tszej Marii Panny 3<\/p>\n\n\n<style>.kt-svg-icons1410_8a3d8e-a3 .kt-svg-item-0 .kb-svg-icon-wrap{color:var(--global-palette4, #2D3748);font-size:50px;}.wp-block-kadence-icon.kt-svg-icons1410_8a3d8e-a3{justify-content:center;}<\/style>\n<div class=\"wp-block-kadence-icon kt-svg-icons kt-svg-icons1410_8a3d8e-a3 alignleft\"><style>.kt-svg-item-1410_166696-17 .kb-svg-icon-wrap, .kt-svg-style-stacked.kt-svg-item-1410_166696-17 .kb-svg-icon-wrap{font-size:40px;}<\/style>\n<div class=\"wp-block-kadence-single-icon kt-svg-style-default kt-svg-icon-wrap kt-svg-item-1410_166696-17\"><span class=\"kb-svg-icon-wrap kb-svg-icon-fe_info\"><svg viewBox=\"0 0 24 24\"  fill=\"none\" stroke=\"currentColor\" stroke-width=\"2\" stroke-linecap=\"round\" stroke-linejoin=\"round\" xmlns=\"http:\/\/www.w3.org\/2000\/svg\"  aria-hidden=\"true\"><circle cx=\"12\" cy=\"12\" r=\"10\"\/><line x1=\"12\" y1=\"16\" x2=\"12\" y2=\"12\"\/><line x1=\"12\" y1=\"8\" x2=\"12\" y2=\"8\"\/><\/svg><\/span><\/div>\n<\/div>\n\n\n\n<p>NIP:&nbsp; 873-21-30-835<\/p>\n\n\n<style>.kt-svg-icons1410_08055f-08 .kt-svg-item-0 .kb-svg-icon-wrap{color:var(--global-palette4, #2D3748);font-size:50px;}.wp-block-kadence-icon.kt-svg-icons1410_08055f-08{justify-content:center;}<\/style>\n<div class=\"wp-block-kadence-icon kt-svg-icons kt-svg-icons1410_08055f-08 alignleft\"><style>.kt-svg-item-1410_f7044e-75 .kb-svg-icon-wrap, .kt-svg-style-stacked.kt-svg-item-1410_f7044e-75 .kb-svg-icon-wrap{font-size:40px;}<\/style>\n<div class=\"wp-block-kadence-single-icon kt-svg-style-default kt-svg-icon-wrap kt-svg-item-1410_f7044e-75\"><span class=\"kb-svg-icon-wrap kb-svg-icon-fe_info\"><svg viewBox=\"0 0 24 24\"  fill=\"none\" stroke=\"currentColor\" stroke-width=\"2\" stroke-linecap=\"round\" stroke-linejoin=\"round\" xmlns=\"http:\/\/www.w3.org\/2000\/svg\"  aria-hidden=\"true\"><circle cx=\"12\" cy=\"12\" r=\"10\"\/><line x1=\"12\" y1=\"16\" x2=\"12\" y2=\"12\"\/><line x1=\"12\" y1=\"8\" x2=\"12\" y2=\"8\"\/><\/svg><\/span><\/div>\n<\/div>\n\n\n\n<p>REGON: 850487484<\/p>\n\n\n<style>.kt-svg-icons1410_5a4cb6-f4 .kt-svg-item-0 .kb-svg-icon-wrap{color:var(--global-palette4, #2D3748);font-size:50px;}.wp-block-kadence-icon.kt-svg-icons1410_5a4cb6-f4{justify-content:center;}<\/style>\n<div class=\"wp-block-kadence-icon kt-svg-icons kt-svg-icons1410_5a4cb6-f4 alignleft\"><style>.kt-svg-item-1410_2da36e-e6 .kb-svg-icon-wrap, .kt-svg-style-stacked.kt-svg-item-1410_2da36e-e6 .kb-svg-icon-wrap{font-size:40px;}<\/style>\n<div class=\"wp-block-kadence-single-icon kt-svg-style-default kt-svg-icon-wrap kt-svg-item-1410_2da36e-e6\"><span class=\"kb-svg-icon-wrap kb-svg-icon-fe_phone\"><svg viewBox=\"0 0 24 24\"  fill=\"none\" stroke=\"currentColor\" stroke-width=\"2\" stroke-linecap=\"round\" stroke-linejoin=\"round\" xmlns=\"http:\/\/www.w3.org\/2000\/svg\"  aria-hidden=\"true\"><path d=\"M22 16.92v3a2 2 0 0 1-2.18 2 19.79 19.79 0 0 1-8.63-3.07 19.5 19.5 0 0 1-6-6 19.79 19.79 0 0 1-3.07-8.67A2 2 0 0 1 4.11 2h3a2 2 0 0 1 2 1.72 12.84 12.84 0 0 0 .7 2.81 2 2 0 0 1-.45 2.11L8.09 9.91a16 16 0 0 0 6 6l1.27-1.27a2 2 0 0 1 2.11-.45 12.84 12.84 0 0 0 2.81.7A2 2 0 0 1 22 16.92z\"\/><\/svg><\/span><\/div>\n<\/div>\n\n\n\n<p>telefon\/fax: (014) 688-89-80, 688-89-81<\/p>\n\n\n<style>.kt-svg-icons1410_f453cd-8a .kt-svg-item-0 .kb-svg-icon-wrap{color:var(--global-palette4, #2D3748);font-size:50px;}.wp-block-kadence-icon.kt-svg-icons1410_f453cd-8a{justify-content:center;}<\/style>\n<div class=\"wp-block-kadence-icon kt-svg-icons kt-svg-icons1410_f453cd-8a alignleft\"><style>.kt-svg-item-1410_2a9751-50 .kb-svg-icon-wrap, .kt-svg-style-stacked.kt-svg-item-1410_2a9751-50 .kb-svg-icon-wrap{font-size:40px;}<\/style>\n<div class=\"wp-block-kadence-single-icon kt-svg-style-default kt-svg-icon-wrap kt-svg-item-1410_2a9751-50\"><span class=\"kb-svg-icon-wrap kb-svg-icon-fe_mail\"><svg viewBox=\"0 0 24 24\"  fill=\"none\" stroke=\"currentColor\" stroke-width=\"2\" stroke-linecap=\"round\" stroke-linejoin=\"round\" xmlns=\"http:\/\/www.w3.org\/2000\/svg\"  aria-hidden=\"true\"><path d=\"M4 4h16c1.1 0 2 .9 2 2v12c0 1.1-.9 2-2 2H4c-1.1 0-2-.9-2-2V6c0-1.1.9-2 2-2z\"\/><polyline points=\"22,6 12,13 2,6\"\/><\/svg><\/span><\/div>\n<\/div>\n\n\n\n<p>e-mail:<a href=\"mailto:targowiska_tarnow@vp.pl\"> <\/a><a href=\"mailto:targowiska_tarnow@vp.pl\">targowiska@targowiska.tarnow.pl<\/a><\/p>\n\n\n\n<p><\/p>\n\n\n<style>.wp-block-kadence-column.kb-section-dir-horizontal > .kt-inside-inner-col > .kt-info-box1410_de3924-c3 .kt-blocks-info-box-link-wrap{max-width:unset;}.kt-info-box1410_de3924-c3 .kt-blocks-info-box-link-wrap{border-top:5px solid var(--global-palette7, #eeeeee);border-right:5px solid var(--global-palette7, #eeeeee);border-bottom:5px solid var(--global-palette7, #eeeeee);border-left:5px solid var(--global-palette7, #eeeeee);border-top-left-radius:30px;border-top-right-radius:30px;border-bottom-right-radius:30px;border-bottom-left-radius:30px;background:#ffffff;padding-top:var(--global-kb-spacing-xs, 1rem);padding-right:var(--global-kb-spacing-xs, 1rem);padding-bottom:var(--global-kb-spacing-xs, 1rem);padding-left:var(--global-kb-spacing-xs, 1rem);}.kt-info-box1410_de3924-c3 .kt-blocks-info-box-link-wrap:hover{background:var(--global-palette7, #EDF2F7);}.kt-info-box1410_de3924-c3.wp-block-kadence-infobox{max-width:100%;}.kt-info-box1410_de3924-c3 .kadence-info-box-image-inner-intrisic-container{max-width:150px;}.kt-info-box1410_de3924-c3 .kadence-info-box-image-inner-intrisic-container .kadence-info-box-image-intrisic{padding-bottom:64.5914%;width:514px;height:0px;max-width:100%;}.kt-info-box1410_de3924-c3 .kadence-info-box-icon-container .kt-info-svg-icon, .kt-info-box1410_de3924-c3 .kt-info-svg-icon-flip, .kt-info-box1410_de3924-c3 .kt-blocks-info-box-number{font-size:50px;}.kt-info-box1410_de3924-c3 .kt-blocks-info-box-media{border-radius:200px;overflow:hidden;border-top-width:0px;border-right-width:0px;border-bottom-width:0px;border-left-width:0px;padding-top:20px;padding-right:20px;padding-bottom:20px;padding-left:20px;margin-top:0px;margin-right:20px;margin-bottom:0px;margin-left:0px;}.kt-info-box1410_de3924-c3 .kt-blocks-info-box-media .kadence-info-box-image-intrisic img{border-radius:200px;}.kt-info-box1410_de3924-c3 .kt-infobox-textcontent h3.kt-blocks-info-box-title{padding-top:0px;padding-right:0px;padding-bottom:0px;padding-left:0px;margin-top:5px;margin-right:0px;margin-bottom:10px;margin-left:0px;}.kt-info-box1410_de3924-c3 .kt-blocks-info-box-learnmore{background:transparent;border-width:0px 0px 0px 0px;padding-top:4px;padding-right:8px;padding-bottom:4px;padding-left:8px;margin-top:10px;margin-right:0px;margin-bottom:10px;margin-left:0px;}@media all and (max-width: 1024px){.kt-info-box1410_de3924-c3 .kt-blocks-info-box-link-wrap{border-top:5px solid var(--global-palette7, #eeeeee);border-right:5px solid var(--global-palette7, #eeeeee);border-bottom:5px solid var(--global-palette7, #eeeeee);border-left:5px solid var(--global-palette7, #eeeeee);}}@media all and (max-width: 767px){.kt-info-box1410_de3924-c3 .kt-blocks-info-box-link-wrap{border-top:5px solid var(--global-palette7, #eeeeee);border-right:5px solid var(--global-palette7, #eeeeee);border-bottom:5px solid var(--global-palette7, #eeeeee);border-left:5px solid var(--global-palette7, #eeeeee);}}<\/style>\n<div class=\"wp-block-kadence-infobox kt-info-box1410_de3924-c3\"><a class=\"kt-blocks-info-box-link-wrap info-box-link kt-blocks-info-box-media-align-left kt-info-halign-left\" href=\"http:\/\/targowiska.tarnow.pl\/?page_id=1493\" aria-label=\"Historia Targowisk Miejskich\"><div class=\"kt-blocks-info-box-media-container\"><div class=\"kt-blocks-info-box-media kt-info-media-animate-none\"><div class=\"kadence-info-box-image-inner-intrisic-container\"><div class=\"kadence-info-box-image-intrisic kt-info-animate-none\"><div class=\"kadence-info-box-image-inner-intrisic\"><img loading=\"lazy\" decoding=\"async\" src=\"http:\/\/targowiska.tarnow.pl\/wp-content\/uploads\/2025\/06\/rynek-1.jpg\" alt=\"\" width=\"514\" height=\"332\" class=\"kt-info-box-image wp-image-1499\" srcset=\"http:\/\/targowiska.tarnow.pl\/wp-content\/uploads\/2025\/06\/rynek-1.jpg 514w, http:\/\/targowiska.tarnow.pl\/wp-content\/uploads\/2025\/06\/rynek-1-300x194.jpg 300w\" sizes=\"auto, (max-width: 514px) 100vw, 514px\" \/><\/div><\/div><\/div><\/div><\/div><div class=\"kt-infobox-textcontent\"><h3 class=\"kt-blocks-info-box-title\">Historia Targowisk Miejskich<\/h3><p class=\"kt-blocks-info-box-text\">Po placach handlowych dawnego Tarnowa pozosta\u0142y tylko historyczne nawy: Plac Drzewny, Pod D\u0119bem, Plac Rybny, Chlebowy, Kap\u0142on\u00f3wka, Targowica. Ostatnia znika w\u0142a\u015bnie nie\u015bmiertelna Targowica, nie\u015bmiertelna, ale ma\u0142o kto wie, \u017ce jej \u017cywot w tym miejscu, o kt\u00f3ry nam chodzi, datuje si\u0119 na koniec XIX w.<\/p><\/div><\/a><\/div>\n\n\n\n<p><\/p>\n\n\n<style>.wp-block-kadence-column.kb-section-dir-horizontal > .kt-inside-inner-col > .kt-info-box1410_8c8d50-e3 .kt-blocks-info-box-link-wrap{max-width:unset;}.kt-info-box1410_8c8d50-e3 .kt-blocks-info-box-link-wrap{border-top:5px solid var(--global-palette7, #eeeeee);border-right:5px solid var(--global-palette7, #eeeeee);border-bottom:5px solid var(--global-palette7, #eeeeee);border-left:5px solid var(--global-palette7, #eeeeee);border-top-left-radius:30px;border-top-right-radius:30px;border-bottom-right-radius:30px;border-bottom-left-radius:30px;background:#ffffff;padding-top:var(--global-kb-spacing-xs, 1rem);padding-right:var(--global-kb-spacing-xs, 1rem);padding-bottom:var(--global-kb-spacing-xs, 1rem);padding-left:var(--global-kb-spacing-xs, 1rem);}.kt-info-box1410_8c8d50-e3 .kt-blocks-info-box-link-wrap:hover{background:var(--global-palette7, #EDF2F7);}.kt-info-box1410_8c8d50-e3 .kadence-info-box-icon-container .kt-info-svg-icon, .kt-info-box1410_8c8d50-e3 .kt-info-svg-icon-flip, .kt-info-box1410_8c8d50-e3 .kt-blocks-info-box-number{font-size:50px;}.kt-info-box1410_8c8d50-e3 .kt-blocks-info-box-media{border-radius:200px;overflow:hidden;border-top-width:0px;border-right-width:0px;border-bottom-width:0px;border-left-width:0px;padding-top:20px;padding-right:20px;padding-bottom:20px;padding-left:20px;margin-top:0px;margin-right:20px;margin-bottom:0px;margin-left:0px;}.kt-info-box1410_8c8d50-e3 .kt-blocks-info-box-media .kadence-info-box-image-intrisic img{border-radius:200px;}.kt-info-box1410_8c8d50-e3 .kt-infobox-textcontent h3.kt-blocks-info-box-title{padding-top:0px;padding-right:0px;padding-bottom:0px;padding-left:0px;margin-top:5px;margin-right:0px;margin-bottom:10px;margin-left:0px;}.kt-info-box1410_8c8d50-e3 .kt-blocks-info-box-learnmore{background:transparent;border-width:0px 0px 0px 0px;padding-top:4px;padding-right:8px;padding-bottom:4px;padding-left:8px;margin-top:10px;margin-right:0px;margin-bottom:10px;margin-left:0px;}@media all and (max-width: 1024px){.kt-info-box1410_8c8d50-e3 .kt-blocks-info-box-link-wrap{border-top:5px solid var(--global-palette7, #eeeeee);border-right:5px solid var(--global-palette7, #eeeeee);border-bottom:5px solid var(--global-palette7, #eeeeee);border-left:5px solid var(--global-palette7, #eeeeee);}}@media all and (max-width: 767px){.kt-info-box1410_8c8d50-e3 .kt-blocks-info-box-link-wrap{border-top:5px solid var(--global-palette7, #eeeeee);border-right:5px solid var(--global-palette7, #eeeeee);border-bottom:5px solid var(--global-palette7, #eeeeee);border-left:5px solid var(--global-palette7, #eeeeee);}}<\/style>\n<div class=\"wp-block-kadence-infobox kt-info-box1410_8c8d50-e3\"><a class=\"kt-blocks-info-box-link-wrap info-box-link kt-blocks-info-box-media-align-left kt-info-halign-left\" href=\"http:\/\/targowiska.tarnow.pl\/?page_id=1467\" aria-label=\"Podstawy prawne\"><div class=\"kt-infobox-textcontent\"><h3 class=\"kt-blocks-info-box-title\">Podstawy prawne<\/h3><p class=\"kt-blocks-info-box-text\">Podstawy prawne, przedmiot dzia\u0142ania, struktura organizacyjna, gospodarka finansowa.<\/p><\/div><\/a><\/div>\n\n\n\n<p><\/p>\n\n\n<style>.wp-block-kadence-column.kb-section-dir-horizontal > .kt-inside-inner-col > .kt-info-box1410_6487f5-09 .kt-blocks-info-box-link-wrap{max-width:unset;}.kt-info-box1410_6487f5-09 .kt-blocks-info-box-link-wrap{border-top:5px solid var(--global-palette7, #eeeeee);border-right:5px solid var(--global-palette7, #eeeeee);border-bottom:5px solid var(--global-palette7, #eeeeee);border-left:5px solid var(--global-palette7, #eeeeee);border-top-left-radius:30px;border-top-right-radius:30px;border-bottom-right-radius:30px;border-bottom-left-radius:30px;background:#ffffff;padding-top:var(--global-kb-spacing-xs, 1rem);padding-right:var(--global-kb-spacing-xs, 1rem);padding-bottom:var(--global-kb-spacing-xs, 1rem);padding-left:var(--global-kb-spacing-xs, 1rem);}.kt-info-box1410_6487f5-09 .kt-blocks-info-box-link-wrap:hover{background:var(--global-palette7, #EDF2F7);}.kt-info-box1410_6487f5-09 .kadence-info-box-icon-container .kt-info-svg-icon, .kt-info-box1410_6487f5-09 .kt-info-svg-icon-flip, .kt-info-box1410_6487f5-09 .kt-blocks-info-box-number{font-size:50px;}.kt-info-box1410_6487f5-09 .kt-blocks-info-box-media{border-radius:200px;overflow:hidden;border-top-width:0px;border-right-width:0px;border-bottom-width:0px;border-left-width:0px;padding-top:20px;padding-right:20px;padding-bottom:20px;padding-left:20px;margin-top:0px;margin-right:20px;margin-bottom:0px;margin-left:0px;}.kt-info-box1410_6487f5-09 .kt-blocks-info-box-media .kadence-info-box-image-intrisic img{border-radius:200px;}.kt-info-box1410_6487f5-09 .kt-infobox-textcontent h3.kt-blocks-info-box-title{padding-top:0px;padding-right:0px;padding-bottom:0px;padding-left:0px;margin-top:5px;margin-right:0px;margin-bottom:10px;margin-left:0px;}.kt-info-box1410_6487f5-09 .kt-blocks-info-box-learnmore{background:transparent;border-width:0px 0px 0px 0px;padding-top:4px;padding-right:8px;padding-bottom:4px;padding-left:8px;margin-top:10px;margin-right:0px;margin-bottom:10px;margin-left:0px;}@media all and (max-width: 1024px){.kt-info-box1410_6487f5-09 .kt-blocks-info-box-link-wrap{border-top:5px solid var(--global-palette7, #eeeeee);border-right:5px solid var(--global-palette7, #eeeeee);border-bottom:5px solid var(--global-palette7, #eeeeee);border-left:5px solid var(--global-palette7, #eeeeee);}}@media all and (max-width: 767px){.kt-info-box1410_6487f5-09 .kt-blocks-info-box-link-wrap{border-top:5px solid var(--global-palette7, #eeeeee);border-right:5px solid var(--global-palette7, #eeeeee);border-bottom:5px solid var(--global-palette7, #eeeeee);border-left:5px solid var(--global-palette7, #eeeeee);}}<\/style>\n<div class=\"wp-block-kadence-infobox kt-info-box1410_6487f5-09\"><a class=\"kt-blocks-info-box-link-wrap info-box-link kt-blocks-info-box-media-align-left kt-info-halign-left\" href=\"http:\/\/targowiska.tarnow.pl\/?page_id=1474\" aria-label=\"Zadania Targowisk Miejskich\"><div class=\"kt-infobox-textcontent\"><h3 class=\"kt-blocks-info-box-title\">Zadania Targowisk Miejskich<\/h3><p class=\"kt-blocks-info-box-text\">Pob\u00f3r op\u0142aty targowej i eksploatacyjnej; utrzymanie porz\u0105dku i czysto\u015bci; nadz\u00f3r handlu grzybami.<\/p><\/div><\/a><\/div>\n\n\n\n<p><\/p>\n","protected":false},"excerpt":{"rendered":"<p>TARGOWISKA MIEJSKIE 33-100 Tarn\u00f3w, ul. Naj\u015bwi\u0119tszej Marii Panny 3 NIP:&nbsp; 873-21-30-835 REGON: 850487484 telefon\/fax: (014) 688-89-80, 688-89-81 e-mail: targowiska@targowiska.tarnow.pl<\/p>\n","protected":false},"author":1,"featured_media":0,"parent":0,"menu_order":0,"comment_status":"closed","ping_status":"closed","template":"","meta":{"_kad_post_transparent":"","_kad_post_title":"","_kad_post_layout":"","_kad_post_sidebar_id":"","_kad_post_content_style":"","_kad_post_vertical_padding":"","_kad_post_feature":"","_kad_post_feature_position":"","_kad_post_header":false,"_kad_post_footer":false,"_kad_post_classname":"","footnotes":""},"class_list":["post-1410","page","type-page","status-publish","hentry"],"_links":{"self":[{"href":"http:\/\/targowiska.tarnow.pl\/index.php?rest_route=\/wp\/v2\/pages\/1410","targetHints":{"allow":["GET"]}}],"collection":[{"href":"http:\/\/targowiska.tarnow.pl\/index.php?rest_route=\/wp\/v2\/pages"}],"about":[{"href":"http:\/\/targowiska.tarnow.pl\/index.php?rest_route=\/wp\/v2\/types\/page"}],"author":[{"embeddable":true,"href":"http:\/\/targowiska.tarnow.pl\/index.php?rest_route=\/wp\/v2\/users\/1"}],"replies":[{"embeddable":true,"href":"http:\/\/targowiska.tarnow.pl\/index.php?rest_route=%2Fwp%2Fv2%2Fcomments&post=1410"}],"version-history":[{"count":2,"href":"http:\/\/targowiska.tarnow.pl\/index.php?rest_route=\/wp\/v2\/pages\/1410\/revisions"}],"predecessor-version":[{"id":1834,"href":"http:\/\/targowiska.tarnow.pl\/index.php?rest_route=\/wp\/v2\/pages\/1410\/revisions\/1834"}],"wp:attachment":[{"href":"http:\/\/targowiska.tarnow.pl\/index.php?rest_route=%2Fwp%2Fv2%2Fmedia&parent=1410"}],"curies":[{"name":"wp","href":"https:\/\/api.w.org\/{rel}","templated":true}]}}