{"id":1418,"date":"2025-06-01T20:55:31","date_gmt":"2025-06-01T18:55:31","guid":{"rendered":"http:\/\/dev.targowiska.tarnow.pl\/?page_id=1418"},"modified":"2025-10-13T12:31:26","modified_gmt":"2025-10-13T10:31:26","slug":"strefa-platnego-parkowania","status":"publish","type":"page","link":"http:\/\/targowiska.tarnow.pl\/?page_id=1418","title":{"rendered":"Strefa P\u0142atnego Parkowania"},"content":{"rendered":"\n<p>Niezb\u0119dne informacje dla kierowc\u00f3w pojazd\u00f3w samochodowych dotycz\u0105ce Strefy P\u0142atnego Parkowania w Mie\u015bcie Tarn\u00f3w:<\/p>\n\n\n<style>.wp-block-kadence-column.kb-section-dir-horizontal > .kt-inside-inner-col > .kt-info-box1418_860ab1-39 .kt-blocks-info-box-link-wrap{max-width:unset;}.kt-info-box1418_860ab1-39 .kt-blocks-info-box-link-wrap{border-top:5px solid var(--global-palette7, #eeeeee);border-right:5px solid var(--global-palette7, #eeeeee);border-bottom:5px solid var(--global-palette7, #eeeeee);border-left:5px solid var(--global-palette7, #eeeeee);border-top-left-radius:30px;border-top-right-radius:30px;border-bottom-right-radius:30px;border-bottom-left-radius:30px;background:#ffffff;padding-top:var(--global-kb-spacing-xs, 1rem);padding-right:var(--global-kb-spacing-xs, 1rem);padding-bottom:var(--global-kb-spacing-xs, 1rem);padding-left:var(--global-kb-spacing-xs, 1rem);}.kt-info-box1418_860ab1-39 .kt-blocks-info-box-link-wrap:hover{background:var(--global-palette7, #EDF2F7);}.kt-info-box1418_860ab1-39 .kadence-info-box-icon-container .kt-info-svg-icon, .kt-info-box1418_860ab1-39 .kt-info-svg-icon-flip, .kt-info-box1418_860ab1-39 .kt-blocks-info-box-number{font-size:50px;}.kt-info-box1418_860ab1-39 .kt-blocks-info-box-media{border-radius:200px;overflow:hidden;border-top-width:0px;border-right-width:0px;border-bottom-width:0px;border-left-width:0px;padding-top:20px;padding-right:20px;padding-bottom:20px;padding-left:20px;margin-top:0px;margin-right:10px;margin-bottom:0px;margin-left:0px;}.kt-info-box1418_860ab1-39 .kt-blocks-info-box-media .kadence-info-box-image-intrisic img{border-radius:200px;}.kt-info-box1418_860ab1-39 .kt-infobox-textcontent h4.kt-blocks-info-box-title{padding-top:0px;padding-right:0px;padding-bottom:0px;padding-left:0px;margin-top:2px;margin-right:0px;margin-bottom:2px;margin-left:0px;}.kt-info-box1418_860ab1-39 .kt-blocks-info-box-learnmore{background:transparent;border-width:0px 0px 0px 0px;padding-top:4px;padding-right:8px;padding-bottom:4px;padding-left:8px;margin-top:10px;margin-right:0px;margin-bottom:10px;margin-left:0px;}@media all and (max-width: 1024px){.kt-info-box1418_860ab1-39 .kt-blocks-info-box-link-wrap{border-top:5px solid var(--global-palette7, #eeeeee);border-right:5px solid var(--global-palette7, #eeeeee);border-bottom:5px solid var(--global-palette7, #eeeeee);border-left:5px solid var(--global-palette7, #eeeeee);}}@media all and (max-width: 767px){.kt-info-box1418_860ab1-39 .kt-blocks-info-box-link-wrap{border-top:5px solid var(--global-palette7, #eeeeee);border-right:5px solid var(--global-palette7, #eeeeee);border-bottom:5px solid var(--global-palette7, #eeeeee);border-left:5px solid var(--global-palette7, #eeeeee);}}<\/style>\n<div class=\"wp-block-kadence-infobox kt-info-box1418_860ab1-39\"><a class=\"kt-blocks-info-box-link-wrap info-box-link kt-blocks-info-box-media-align-left kt-info-halign-left\" href=\"http:\/\/targowiska.tarnow.pl\/?page_id=1605\" aria-label=\"Parkowanie za pomoc\u0105 telefonu kom\u00f3rkowego\"><div class=\"kt-infobox-textcontent\"><h4 class=\"kt-blocks-info-box-title\">Parkowanie za pomoc\u0105 telefonu kom\u00f3rkowego<\/h4><\/div><\/a><\/div>\n\n\n<style>.wp-block-kadence-column.kb-section-dir-horizontal > .kt-inside-inner-col > .kt-info-box1418_0621ca-06 .kt-blocks-info-box-link-wrap{max-width:unset;}.kt-info-box1418_0621ca-06 .kt-blocks-info-box-link-wrap{border-top:5px solid var(--global-palette7, #eeeeee);border-right:5px solid var(--global-palette7, #eeeeee);border-bottom:5px solid var(--global-palette7, #eeeeee);border-left:5px solid var(--global-palette7, #eeeeee);border-top-left-radius:30px;border-top-right-radius:30px;border-bottom-right-radius:30px;border-bottom-left-radius:30px;background:#ffffff;padding-top:var(--global-kb-spacing-xs, 1rem);padding-right:var(--global-kb-spacing-xs, 1rem);padding-bottom:var(--global-kb-spacing-xs, 1rem);padding-left:var(--global-kb-spacing-xs, 1rem);}.kt-info-box1418_0621ca-06 .kt-blocks-info-box-link-wrap:hover{background:var(--global-palette7, #EDF2F7);}.kt-info-box1418_0621ca-06 .kadence-info-box-icon-container .kt-info-svg-icon, .kt-info-box1418_0621ca-06 .kt-info-svg-icon-flip, .kt-info-box1418_0621ca-06 .kt-blocks-info-box-number{font-size:50px;}.kt-info-box1418_0621ca-06 .kt-blocks-info-box-media{border-radius:200px;overflow:hidden;border-top-width:0px;border-right-width:0px;border-bottom-width:0px;border-left-width:0px;padding-top:20px;padding-right:20px;padding-bottom:20px;padding-left:20px;margin-top:0px;margin-right:10px;margin-bottom:0px;margin-left:0px;}.kt-info-box1418_0621ca-06 .kt-blocks-info-box-media .kadence-info-box-image-intrisic img{border-radius:200px;}.kt-info-box1418_0621ca-06 .kt-infobox-textcontent h4.kt-blocks-info-box-title{padding-top:0px;padding-right:0px;padding-bottom:0px;padding-left:0px;margin-top:2px;margin-right:0px;margin-bottom:2px;margin-left:0px;}.kt-info-box1418_0621ca-06 .kt-blocks-info-box-learnmore{background:transparent;border-width:0px 0px 0px 0px;padding-top:4px;padding-right:8px;padding-bottom:4px;padding-left:8px;margin-top:10px;margin-right:0px;margin-bottom:10px;margin-left:0px;}@media all and (max-width: 1024px){.kt-info-box1418_0621ca-06 .kt-blocks-info-box-link-wrap{border-top:5px solid var(--global-palette7, #eeeeee);border-right:5px solid var(--global-palette7, #eeeeee);border-bottom:5px solid var(--global-palette7, #eeeeee);border-left:5px solid var(--global-palette7, #eeeeee);}}@media all and (max-width: 767px){.kt-info-box1418_0621ca-06 .kt-blocks-info-box-link-wrap{border-top:5px solid var(--global-palette7, #eeeeee);border-right:5px solid var(--global-palette7, #eeeeee);border-bottom:5px solid var(--global-palette7, #eeeeee);border-left:5px solid var(--global-palette7, #eeeeee);}}<\/style>\n<div class=\"wp-block-kadence-infobox kt-info-box1418_0621ca-06\"><a class=\"kt-blocks-info-box-link-wrap info-box-link kt-blocks-info-box-media-align-left kt-info-halign-left\" href=\"http:\/\/targowiska.tarnow.pl\/?page_id=1607\" aria-label=\"Informacje podstawowe\"><div class=\"kt-infobox-textcontent\"><h4 class=\"kt-blocks-info-box-title\">Informacje podstawowe<\/h4><\/div><\/a><\/div>\n\n\n<style>.wp-block-kadence-column.kb-section-dir-horizontal > .kt-inside-inner-col > .kt-info-box1418_9fd6fd-69 .kt-blocks-info-box-link-wrap{max-width:unset;}.kt-info-box1418_9fd6fd-69 .kt-blocks-info-box-link-wrap{border-top:5px solid var(--global-palette7, #eeeeee);border-right:5px solid var(--global-palette7, #eeeeee);border-bottom:5px solid var(--global-palette7, #eeeeee);border-left:5px solid var(--global-palette7, #eeeeee);border-top-left-radius:30px;border-top-right-radius:30px;border-bottom-right-radius:30px;border-bottom-left-radius:30px;background:#ffffff;padding-top:var(--global-kb-spacing-xs, 1rem);padding-right:var(--global-kb-spacing-xs, 1rem);padding-bottom:var(--global-kb-spacing-xs, 1rem);padding-left:var(--global-kb-spacing-xs, 1rem);}.kt-info-box1418_9fd6fd-69 .kt-blocks-info-box-link-wrap:hover{background:var(--global-palette7, #EDF2F7);}.kt-info-box1418_9fd6fd-69 .kadence-info-box-icon-container .kt-info-svg-icon, .kt-info-box1418_9fd6fd-69 .kt-info-svg-icon-flip, .kt-info-box1418_9fd6fd-69 .kt-blocks-info-box-number{font-size:50px;}.kt-info-box1418_9fd6fd-69 .kt-blocks-info-box-media{border-radius:200px;overflow:hidden;border-top-width:0px;border-right-width:0px;border-bottom-width:0px;border-left-width:0px;padding-top:20px;padding-right:20px;padding-bottom:20px;padding-left:20px;margin-top:0px;margin-right:10px;margin-bottom:0px;margin-left:0px;}.kt-info-box1418_9fd6fd-69 .kt-blocks-info-box-media .kadence-info-box-image-intrisic img{border-radius:200px;}.kt-info-box1418_9fd6fd-69 .kt-infobox-textcontent h4.kt-blocks-info-box-title{padding-top:0px;padding-right:0px;padding-bottom:0px;padding-left:0px;margin-top:2px;margin-right:0px;margin-bottom:2px;margin-left:0px;}.kt-info-box1418_9fd6fd-69 .kt-blocks-info-box-learnmore{background:transparent;border-width:0px 0px 0px 0px;padding-top:4px;padding-right:8px;padding-bottom:4px;padding-left:8px;margin-top:10px;margin-right:0px;margin-bottom:10px;margin-left:0px;}@media all and (max-width: 1024px){.kt-info-box1418_9fd6fd-69 .kt-blocks-info-box-link-wrap{border-top:5px solid var(--global-palette7, #eeeeee);border-right:5px solid var(--global-palette7, #eeeeee);border-bottom:5px solid var(--global-palette7, #eeeeee);border-left:5px solid var(--global-palette7, #eeeeee);}}@media all and (max-width: 767px){.kt-info-box1418_9fd6fd-69 .kt-blocks-info-box-link-wrap{border-top:5px solid var(--global-palette7, #eeeeee);border-right:5px solid var(--global-palette7, #eeeeee);border-bottom:5px solid var(--global-palette7, #eeeeee);border-left:5px solid var(--global-palette7, #eeeeee);}}<\/style>\n<div class=\"wp-block-kadence-infobox kt-info-box1418_9fd6fd-69\"><a class=\"kt-blocks-info-box-link-wrap info-box-link kt-blocks-info-box-media-align-left kt-info-halign-left\" href=\"http:\/\/targowiska.tarnow.pl\/?page_id=1611\" aria-label=\"Podstawy prawne\"><div class=\"kt-infobox-textcontent\"><h4 class=\"kt-blocks-info-box-title\">Podstawy prawne<\/h4><\/div><\/a><\/div>\n\n\n<style>.wp-block-kadence-column.kb-section-dir-horizontal > .kt-inside-inner-col > .kt-info-box1418_ec1223-6f .kt-blocks-info-box-link-wrap{max-width:unset;}.kt-info-box1418_ec1223-6f .kt-blocks-info-box-link-wrap{border-top:5px solid var(--global-palette7, #eeeeee);border-right:5px solid var(--global-palette7, #eeeeee);border-bottom:5px solid var(--global-palette7, #eeeeee);border-left:5px solid var(--global-palette7, #eeeeee);border-top-left-radius:30px;border-top-right-radius:30px;border-bottom-right-radius:30px;border-bottom-left-radius:30px;background:#ffffff;padding-top:var(--global-kb-spacing-xs, 1rem);padding-right:var(--global-kb-spacing-xs, 1rem);padding-bottom:var(--global-kb-spacing-xs, 1rem);padding-left:var(--global-kb-spacing-xs, 1rem);}.kt-info-box1418_ec1223-6f .kt-blocks-info-box-link-wrap:hover{background:var(--global-palette7, #EDF2F7);}.kt-info-box1418_ec1223-6f .kadence-info-box-icon-container .kt-info-svg-icon, .kt-info-box1418_ec1223-6f .kt-info-svg-icon-flip, .kt-info-box1418_ec1223-6f .kt-blocks-info-box-number{font-size:50px;}.kt-info-box1418_ec1223-6f .kt-blocks-info-box-media{border-radius:200px;overflow:hidden;border-top-width:0px;border-right-width:0px;border-bottom-width:0px;border-left-width:0px;padding-top:20px;padding-right:20px;padding-bottom:20px;padding-left:20px;margin-top:0px;margin-right:10px;margin-bottom:0px;margin-left:0px;}.kt-info-box1418_ec1223-6f .kt-blocks-info-box-media .kadence-info-box-image-intrisic img{border-radius:200px;}.kt-info-box1418_ec1223-6f .kt-infobox-textcontent h4.kt-blocks-info-box-title{padding-top:0px;padding-right:0px;padding-bottom:0px;padding-left:0px;margin-top:2px;margin-right:0px;margin-bottom:2px;margin-left:0px;}.kt-info-box1418_ec1223-6f .kt-blocks-info-box-learnmore{background:transparent;border-width:0px 0px 0px 0px;padding-top:4px;padding-right:8px;padding-bottom:4px;padding-left:8px;margin-top:10px;margin-right:0px;margin-bottom:10px;margin-left:0px;}@media all and (max-width: 1024px){.kt-info-box1418_ec1223-6f .kt-blocks-info-box-link-wrap{border-top:5px solid var(--global-palette7, #eeeeee);border-right:5px solid var(--global-palette7, #eeeeee);border-bottom:5px solid var(--global-palette7, #eeeeee);border-left:5px solid var(--global-palette7, #eeeeee);}}@media all and (max-width: 767px){.kt-info-box1418_ec1223-6f .kt-blocks-info-box-link-wrap{border-top:5px solid var(--global-palette7, #eeeeee);border-right:5px solid var(--global-palette7, #eeeeee);border-bottom:5px solid var(--global-palette7, #eeeeee);border-left:5px solid var(--global-palette7, #eeeeee);}}<\/style>\n<div class=\"wp-block-kadence-infobox kt-info-box1418_ec1223-6f\"><a class=\"kt-blocks-info-box-link-wrap info-box-link kt-blocks-info-box-media-align-left kt-info-halign-left\" href=\"http:\/\/targowiska.tarnow.pl\/?page_id=1613\" aria-label=\"Cennik\"><div class=\"kt-infobox-textcontent\"><h4 class=\"kt-blocks-info-box-title\">Cennik<\/h4><\/div><\/a><\/div>\n\n\n<style>.wp-block-kadence-column.kb-section-dir-horizontal > .kt-inside-inner-col > .kt-info-box1418_57c23a-02 .kt-blocks-info-box-link-wrap{max-width:unset;}.kt-info-box1418_57c23a-02 .kt-blocks-info-box-link-wrap{border-top:5px solid var(--global-palette7, #eeeeee);border-right:5px solid var(--global-palette7, #eeeeee);border-bottom:5px solid var(--global-palette7, #eeeeee);border-left:5px solid var(--global-palette7, #eeeeee);border-top-left-radius:30px;border-top-right-radius:30px;border-bottom-right-radius:30px;border-bottom-left-radius:30px;background:#ffffff;padding-top:var(--global-kb-spacing-xs, 1rem);padding-right:var(--global-kb-spacing-xs, 1rem);padding-bottom:var(--global-kb-spacing-xs, 1rem);padding-left:var(--global-kb-spacing-xs, 1rem);}.kt-info-box1418_57c23a-02 .kt-blocks-info-box-link-wrap:hover{background:var(--global-palette7, #EDF2F7);}.kt-info-box1418_57c23a-02 .kadence-info-box-icon-container .kt-info-svg-icon, .kt-info-box1418_57c23a-02 .kt-info-svg-icon-flip, .kt-info-box1418_57c23a-02 .kt-blocks-info-box-number{font-size:50px;}.kt-info-box1418_57c23a-02 .kt-blocks-info-box-media{border-radius:200px;overflow:hidden;border-top-width:0px;border-right-width:0px;border-bottom-width:0px;border-left-width:0px;padding-top:20px;padding-right:20px;padding-bottom:20px;padding-left:20px;margin-top:0px;margin-right:10px;margin-bottom:0px;margin-left:0px;}.kt-info-box1418_57c23a-02 .kt-blocks-info-box-media .kadence-info-box-image-intrisic img{border-radius:200px;}.kt-info-box1418_57c23a-02 .kt-infobox-textcontent h4.kt-blocks-info-box-title{padding-top:0px;padding-right:0px;padding-bottom:0px;padding-left:0px;margin-top:2px;margin-right:0px;margin-bottom:2px;margin-left:0px;}.kt-info-box1418_57c23a-02 .kt-blocks-info-box-learnmore{background:transparent;border-width:0px 0px 0px 0px;padding-top:4px;padding-right:8px;padding-bottom:4px;padding-left:8px;margin-top:10px;margin-right:0px;margin-bottom:10px;margin-left:0px;}@media all and (max-width: 1024px){.kt-info-box1418_57c23a-02 .kt-blocks-info-box-link-wrap{border-top:5px solid var(--global-palette7, #eeeeee);border-right:5px solid var(--global-palette7, #eeeeee);border-bottom:5px solid var(--global-palette7, #eeeeee);border-left:5px solid var(--global-palette7, #eeeeee);}}@media all and (max-width: 767px){.kt-info-box1418_57c23a-02 .kt-blocks-info-box-link-wrap{border-top:5px solid var(--global-palette7, #eeeeee);border-right:5px solid var(--global-palette7, #eeeeee);border-bottom:5px solid var(--global-palette7, #eeeeee);border-left:5px solid var(--global-palette7, #eeeeee);}}<\/style>\n<div class=\"wp-block-kadence-infobox kt-info-box1418_57c23a-02\"><a class=\"kt-blocks-info-box-link-wrap info-box-link kt-blocks-info-box-media-align-left kt-info-halign-left\" href=\"http:\/\/targowiska.tarnow.pl\/?page_id=1615\" aria-label=\"Abonamenty\"><div class=\"kt-infobox-textcontent\"><h4 class=\"kt-blocks-info-box-title\">Abonamenty<\/h4><\/div><\/a><\/div>\n\n\n<style>.wp-block-kadence-column.kb-section-dir-horizontal > .kt-inside-inner-col > .kt-info-box1418_6ca0f5-68 .kt-blocks-info-box-link-wrap{max-width:unset;}.kt-info-box1418_6ca0f5-68 .kt-blocks-info-box-link-wrap{border-top:5px solid var(--global-palette7, #eeeeee);border-right:5px solid var(--global-palette7, #eeeeee);border-bottom:5px solid var(--global-palette7, #eeeeee);border-left:5px solid var(--global-palette7, #eeeeee);border-top-left-radius:30px;border-top-right-radius:30px;border-bottom-right-radius:30px;border-bottom-left-radius:30px;background:#ffffff;padding-top:var(--global-kb-spacing-xs, 1rem);padding-right:var(--global-kb-spacing-xs, 1rem);padding-bottom:var(--global-kb-spacing-xs, 1rem);padding-left:var(--global-kb-spacing-xs, 1rem);}.kt-info-box1418_6ca0f5-68 .kt-blocks-info-box-link-wrap:hover{background:var(--global-palette7, #EDF2F7);}.kt-info-box1418_6ca0f5-68 .kadence-info-box-icon-container .kt-info-svg-icon, .kt-info-box1418_6ca0f5-68 .kt-info-svg-icon-flip, .kt-info-box1418_6ca0f5-68 .kt-blocks-info-box-number{font-size:50px;}.kt-info-box1418_6ca0f5-68 .kt-blocks-info-box-media{border-radius:200px;overflow:hidden;border-top-width:0px;border-right-width:0px;border-bottom-width:0px;border-left-width:0px;padding-top:20px;padding-right:20px;padding-bottom:20px;padding-left:20px;margin-top:0px;margin-right:10px;margin-bottom:0px;margin-left:0px;}.kt-info-box1418_6ca0f5-68 .kt-blocks-info-box-media .kadence-info-box-image-intrisic img{border-radius:200px;}.kt-info-box1418_6ca0f5-68 .kt-infobox-textcontent h4.kt-blocks-info-box-title{padding-top:0px;padding-right:0px;padding-bottom:0px;padding-left:0px;margin-top:2px;margin-right:0px;margin-bottom:2px;margin-left:0px;}.kt-info-box1418_6ca0f5-68 .kt-blocks-info-box-learnmore{background:transparent;border-width:0px 0px 0px 0px;padding-top:4px;padding-right:8px;padding-bottom:4px;padding-left:8px;margin-top:10px;margin-right:0px;margin-bottom:10px;margin-left:0px;}@media all and (max-width: 1024px){.kt-info-box1418_6ca0f5-68 .kt-blocks-info-box-link-wrap{border-top:5px solid var(--global-palette7, #eeeeee);border-right:5px solid var(--global-palette7, #eeeeee);border-bottom:5px solid var(--global-palette7, #eeeeee);border-left:5px solid var(--global-palette7, #eeeeee);}}@media all and (max-width: 767px){.kt-info-box1418_6ca0f5-68 .kt-blocks-info-box-link-wrap{border-top:5px solid var(--global-palette7, #eeeeee);border-right:5px solid var(--global-palette7, #eeeeee);border-bottom:5px solid var(--global-palette7, #eeeeee);border-left:5px solid var(--global-palette7, #eeeeee);}}<\/style>\n<div class=\"wp-block-kadence-infobox kt-info-box1418_6ca0f5-68\"><a class=\"kt-blocks-info-box-link-wrap info-box-link kt-blocks-info-box-media-align-left kt-info-halign-left\" href=\"http:\/\/targowiska.tarnow.pl\/?page_id=1623\" aria-label=\"Zwolnienia z op\u0142aty za post\u00f3j\"><div class=\"kt-infobox-textcontent\"><h4 class=\"kt-blocks-info-box-title\">Zwolnienia z op\u0142aty za post\u00f3j<\/h4><\/div><\/a><\/div>\n\n\n<style>.wp-block-kadence-column.kb-section-dir-horizontal > .kt-inside-inner-col > .kt-info-box1418_b6406e-10 .kt-blocks-info-box-link-wrap{max-width:unset;}.kt-info-box1418_b6406e-10 .kt-blocks-info-box-link-wrap{border-top:5px solid var(--global-palette7, #eeeeee);border-right:5px solid var(--global-palette7, #eeeeee);border-bottom:5px solid var(--global-palette7, #eeeeee);border-left:5px solid var(--global-palette7, #eeeeee);border-top-left-radius:30px;border-top-right-radius:30px;border-bottom-right-radius:30px;border-bottom-left-radius:30px;background:#ffffff;padding-top:var(--global-kb-spacing-xs, 1rem);padding-right:var(--global-kb-spacing-xs, 1rem);padding-bottom:var(--global-kb-spacing-xs, 1rem);padding-left:var(--global-kb-spacing-xs, 1rem);}.kt-info-box1418_b6406e-10 .kt-blocks-info-box-link-wrap:hover{background:var(--global-palette7, #EDF2F7);}.kt-info-box1418_b6406e-10 .kadence-info-box-icon-container .kt-info-svg-icon, .kt-info-box1418_b6406e-10 .kt-info-svg-icon-flip, .kt-info-box1418_b6406e-10 .kt-blocks-info-box-number{font-size:50px;}.kt-info-box1418_b6406e-10 .kt-blocks-info-box-media{border-radius:200px;overflow:hidden;border-top-width:0px;border-right-width:0px;border-bottom-width:0px;border-left-width:0px;padding-top:20px;padding-right:20px;padding-bottom:20px;padding-left:20px;margin-top:0px;margin-right:10px;margin-bottom:0px;margin-left:0px;}.kt-info-box1418_b6406e-10 .kt-blocks-info-box-media .kadence-info-box-image-intrisic img{border-radius:200px;}.kt-info-box1418_b6406e-10 .kt-infobox-textcontent h4.kt-blocks-info-box-title{padding-top:0px;padding-right:0px;padding-bottom:0px;padding-left:0px;margin-top:2px;margin-right:0px;margin-bottom:2px;margin-left:0px;}.kt-info-box1418_b6406e-10 .kt-blocks-info-box-learnmore{background:transparent;border-width:0px 0px 0px 0px;padding-top:4px;padding-right:8px;padding-bottom:4px;padding-left:8px;margin-top:10px;margin-right:0px;margin-bottom:10px;margin-left:0px;}@media all and (max-width: 1024px){.kt-info-box1418_b6406e-10 .kt-blocks-info-box-link-wrap{border-top:5px solid var(--global-palette7, #eeeeee);border-right:5px solid var(--global-palette7, #eeeeee);border-bottom:5px solid var(--global-palette7, #eeeeee);border-left:5px solid var(--global-palette7, #eeeeee);}}@media all and (max-width: 767px){.kt-info-box1418_b6406e-10 .kt-blocks-info-box-link-wrap{border-top:5px solid var(--global-palette7, #eeeeee);border-right:5px solid var(--global-palette7, #eeeeee);border-bottom:5px solid var(--global-palette7, #eeeeee);border-left:5px solid var(--global-palette7, #eeeeee);}}<\/style>\n<div class=\"wp-block-kadence-infobox kt-info-box1418_b6406e-10\"><a class=\"kt-blocks-info-box-link-wrap info-box-link kt-blocks-info-box-media-align-left kt-info-halign-left\" href=\"http:\/\/targowiska.tarnow.pl\/?page_id=1626\" aria-label=\"Obszar strefy p\u0142atnego parkowania\"><div class=\"kt-infobox-textcontent\"><h4 class=\"kt-blocks-info-box-title\">Obszar Strefy P\u0142atnego Parkowania<\/h4><\/div><\/a><\/div>\n\n\n<style>.wp-block-kadence-column.kb-section-dir-horizontal > .kt-inside-inner-col > .kt-info-box1418_24f008-e2 .kt-blocks-info-box-link-wrap{max-width:unset;}.kt-info-box1418_24f008-e2 .kt-blocks-info-box-link-wrap{border-top:5px solid var(--global-palette7, #eeeeee);border-right:5px solid var(--global-palette7, #eeeeee);border-bottom:5px solid var(--global-palette7, #eeeeee);border-left:5px solid var(--global-palette7, #eeeeee);border-top-left-radius:30px;border-top-right-radius:30px;border-bottom-right-radius:30px;border-bottom-left-radius:30px;background:#ffffff;padding-top:var(--global-kb-spacing-xs, 1rem);padding-right:var(--global-kb-spacing-xs, 1rem);padding-bottom:var(--global-kb-spacing-xs, 1rem);padding-left:var(--global-kb-spacing-xs, 1rem);}.kt-info-box1418_24f008-e2 .kt-blocks-info-box-link-wrap:hover{background:var(--global-palette7, #EDF2F7);}.kt-info-box1418_24f008-e2 .kadence-info-box-icon-container .kt-info-svg-icon, .kt-info-box1418_24f008-e2 .kt-info-svg-icon-flip, .kt-info-box1418_24f008-e2 .kt-blocks-info-box-number{font-size:50px;}.kt-info-box1418_24f008-e2 .kt-blocks-info-box-media{border-radius:200px;overflow:hidden;border-top-width:0px;border-right-width:0px;border-bottom-width:0px;border-left-width:0px;padding-top:20px;padding-right:20px;padding-bottom:20px;padding-left:20px;margin-top:0px;margin-right:10px;margin-bottom:0px;margin-left:0px;}.kt-info-box1418_24f008-e2 .kt-blocks-info-box-media .kadence-info-box-image-intrisic img{border-radius:200px;}.kt-info-box1418_24f008-e2 .kt-infobox-textcontent h4.kt-blocks-info-box-title{padding-top:0px;padding-right:0px;padding-bottom:0px;padding-left:0px;margin-top:2px;margin-right:0px;margin-bottom:2px;margin-left:0px;}.kt-info-box1418_24f008-e2 .kt-blocks-info-box-learnmore{background:transparent;border-width:0px 0px 0px 0px;padding-top:4px;padding-right:8px;padding-bottom:4px;padding-left:8px;margin-top:10px;margin-right:0px;margin-bottom:10px;margin-left:0px;}@media all and (max-width: 1024px){.kt-info-box1418_24f008-e2 .kt-blocks-info-box-link-wrap{border-top:5px solid var(--global-palette7, #eeeeee);border-right:5px solid var(--global-palette7, #eeeeee);border-bottom:5px solid var(--global-palette7, #eeeeee);border-left:5px solid var(--global-palette7, #eeeeee);}}@media all and (max-width: 767px){.kt-info-box1418_24f008-e2 .kt-blocks-info-box-link-wrap{border-top:5px solid var(--global-palette7, #eeeeee);border-right:5px solid var(--global-palette7, #eeeeee);border-bottom:5px solid var(--global-palette7, #eeeeee);border-left:5px solid var(--global-palette7, #eeeeee);}}<\/style>\n<div class=\"wp-block-kadence-infobox kt-info-box1418_24f008-e2\"><a class=\"kt-blocks-info-box-link-wrap info-box-link kt-blocks-info-box-media-align-left kt-info-halign-left\" href=\"http:\/\/targowiska.tarnow.pl\/?page_id=1628\" aria-label=\"Reklamacja zawiadomienia\"><div class=\"kt-infobox-textcontent\"><h4 class=\"kt-blocks-info-box-title\">Reklamacja zawiadomienia<\/h4><\/div><\/a><\/div>\n","protected":false},"excerpt":{"rendered":"<p>Niezb\u0119dne informacje dla kierowc\u00f3w pojazd\u00f3w samochodowych dotycz\u0105ce Strefy P\u0142atnego Parkowania w Mie\u015bcie Tarn\u00f3w:<\/p>\n","protected":false},"author":1,"featured_media":0,"parent":0,"menu_order":0,"comment_status":"closed","ping_status":"closed","template":"","meta":{"_kad_post_transparent":"","_kad_post_title":"","_kad_post_layout":"","_kad_post_sidebar_id":"","_kad_post_content_style":"","_kad_post_vertical_padding":"","_kad_post_feature":"","_kad_post_feature_position":"","_kad_post_header":false,"_kad_post_footer":false,"_kad_post_classname":"","footnotes":""},"class_list":["post-1418","page","type-page","status-publish","hentry"],"_links":{"self":[{"href":"http:\/\/targowiska.tarnow.pl\/index.php?rest_route=\/wp\/v2\/pages\/1418","targetHints":{"allow":["GET"]}}],"collection":[{"href":"http:\/\/targowiska.tarnow.pl\/index.php?rest_route=\/wp\/v2\/pages"}],"about":[{"href":"http:\/\/targowiska.tarnow.pl\/index.php?rest_route=\/wp\/v2\/types\/page"}],"author":[{"embeddable":true,"href":"http:\/\/targowiska.tarnow.pl\/index.php?rest_route=\/wp\/v2\/users\/1"}],"replies":[{"embeddable":true,"href":"http:\/\/targowiska.tarnow.pl\/index.php?rest_route=%2Fwp%2Fv2%2Fcomments&post=1418"}],"version-history":[{"count":3,"href":"http:\/\/targowiska.tarnow.pl\/index.php?rest_route=\/wp\/v2\/pages\/1418\/revisions"}],"predecessor-version":[{"id":1838,"href":"http:\/\/targowiska.tarnow.pl\/index.php?rest_route=\/wp\/v2\/pages\/1418\/revisions\/1838"}],"wp:attachment":[{"href":"http:\/\/targowiska.tarnow.pl\/index.php?rest_route=%2Fwp%2Fv2%2Fmedia&parent=1418"}],"curies":[{"name":"wp","href":"https:\/\/api.w.org\/{rel}","templated":true}]}}