{"id":1423,"date":"2025-06-01T21:01:00","date_gmt":"2025-06-01T19:01:00","guid":{"rendered":"http:\/\/dev.targowiska.tarnow.pl\/?page_id=1423"},"modified":"2025-10-08T09:23:22","modified_gmt":"2025-10-08T07:23:22","slug":"kontakt","status":"publish","type":"page","link":"http:\/\/targowiska.tarnow.pl\/?page_id=1423","title":{"rendered":"Kontakt"},"content":{"rendered":"\n<p class=\"has-large-font-size\"><strong>TARGOWISKA MIEJSKIE<\/strong><\/p>\n\n\n<style>.kt-svg-icons1423_3ada2b-c4 .kt-svg-item-0 .kb-svg-icon-wrap{color:var(--global-palette4, #2D3748);font-size:50px;}.wp-block-kadence-icon.kt-svg-icons1423_3ada2b-c4{justify-content:center;}<\/style>\n<div class=\"wp-block-kadence-icon kt-svg-icons kt-svg-icons1423_3ada2b-c4 alignleft\"><style>.kt-svg-item-1423_e9dbff-4b .kb-svg-icon-wrap, .kt-svg-style-stacked.kt-svg-item-1423_e9dbff-4b .kb-svg-icon-wrap{font-size:40px;}<\/style>\n<div class=\"wp-block-kadence-single-icon kt-svg-style-default kt-svg-icon-wrap kt-svg-item-1423_e9dbff-4b\"><span class=\"kb-svg-icon-wrap kb-svg-icon-fe_home\"><svg viewBox=\"0 0 24 24\"  fill=\"none\" stroke=\"currentColor\" stroke-width=\"2\" stroke-linecap=\"round\" stroke-linejoin=\"round\" xmlns=\"http:\/\/www.w3.org\/2000\/svg\"  aria-hidden=\"true\"><path d=\"M3 9l9-7 9 7v11a2 2 0 0 1-2 2H5a2 2 0 0 1-2-2z\"\/><polyline points=\"9 22 9 12 15 12 15 22\"\/><\/svg><\/span><\/div>\n<\/div>\n\n\n\n<p>33-100 Tarn\u00f3w, ul. Naj\u015bwi\u0119tszej Marii Panny 3<\/p>\n\n\n<style>.kt-svg-icons1423_d5f70a-4c .kt-svg-item-0 .kb-svg-icon-wrap{color:var(--global-palette4, #2D3748);font-size:50px;}.wp-block-kadence-icon.kt-svg-icons1423_d5f70a-4c{justify-content:center;}<\/style>\n<div class=\"wp-block-kadence-icon kt-svg-icons kt-svg-icons1423_d5f70a-4c alignleft\"><style>.kt-svg-item-1423_a2f53a-dd .kb-svg-icon-wrap, .kt-svg-style-stacked.kt-svg-item-1423_a2f53a-dd .kb-svg-icon-wrap{font-size:40px;}<\/style>\n<div class=\"wp-block-kadence-single-icon kt-svg-style-default kt-svg-icon-wrap kt-svg-item-1423_a2f53a-dd\"><span class=\"kb-svg-icon-wrap kb-svg-icon-fe_phone\"><svg viewBox=\"0 0 24 24\"  fill=\"none\" stroke=\"currentColor\" stroke-width=\"2\" stroke-linecap=\"round\" stroke-linejoin=\"round\" xmlns=\"http:\/\/www.w3.org\/2000\/svg\"  aria-hidden=\"true\"><path d=\"M22 16.92v3a2 2 0 0 1-2.18 2 19.79 19.79 0 0 1-8.63-3.07 19.5 19.5 0 0 1-6-6 19.79 19.79 0 0 1-3.07-8.67A2 2 0 0 1 4.11 2h3a2 2 0 0 1 2 1.72 12.84 12.84 0 0 0 .7 2.81 2 2 0 0 1-.45 2.11L8.09 9.91a16 16 0 0 0 6 6l1.27-1.27a2 2 0 0 1 2.11-.45 12.84 12.84 0 0 0 2.81.7A2 2 0 0 1 22 16.92z\"\/><\/svg><\/span><\/div>\n<\/div>\n\n\n\n<p>telefon\/fax: (14) 688-89-80, 688-89-81<\/p>\n\n\n<style>.kt-svg-icons1423_72e2d7-e8 .kt-svg-item-0 .kb-svg-icon-wrap{color:var(--global-palette4, #2D3748);font-size:50px;}.wp-block-kadence-icon.kt-svg-icons1423_72e2d7-e8{justify-content:center;}<\/style>\n<div class=\"wp-block-kadence-icon kt-svg-icons kt-svg-icons1423_72e2d7-e8 alignleft\"><style>.kt-svg-item-1423_6b1bb5-27 .kb-svg-icon-wrap, .kt-svg-style-stacked.kt-svg-item-1423_6b1bb5-27 .kb-svg-icon-wrap{font-size:40px;}<\/style>\n<div class=\"wp-block-kadence-single-icon kt-svg-style-default kt-svg-icon-wrap kt-svg-item-1423_6b1bb5-27\"><span class=\"kb-svg-icon-wrap kb-svg-icon-fe_mail\"><svg viewBox=\"0 0 24 24\"  fill=\"none\" stroke=\"currentColor\" stroke-width=\"2\" stroke-linecap=\"round\" stroke-linejoin=\"round\" xmlns=\"http:\/\/www.w3.org\/2000\/svg\"  aria-hidden=\"true\"><path d=\"M4 4h16c1.1 0 2 .9 2 2v12c0 1.1-.9 2-2 2H4c-1.1 0-2-.9-2-2V6c0-1.1.9-2 2-2z\"\/><polyline points=\"22,6 12,13 2,6\"\/><\/svg><\/span><\/div>\n<\/div>\n\n\n\n<p>e-mail: targowiska@targowiska.tarnow.pl<\/p>\n\n\n<style>.kt-svg-icons1423_36cabd-a0 .kt-svg-item-0 .kb-svg-icon-wrap{color:var(--global-palette4, #2D3748);font-size:50px;}.wp-block-kadence-icon.kt-svg-icons1423_36cabd-a0{justify-content:center;}<\/style>\n<div class=\"wp-block-kadence-icon kt-svg-icons kt-svg-icons1423_36cabd-a0 alignleft\"><style>.kt-svg-item-1423_ae7136-f1 .kb-svg-icon-wrap, .kt-svg-style-stacked.kt-svg-item-1423_ae7136-f1 .kb-svg-icon-wrap{font-size:40px;}<\/style>\n<div class=\"wp-block-kadence-single-icon kt-svg-style-default kt-svg-icon-wrap kt-svg-item-1423_ae7136-f1\"><span class=\"kb-svg-icon-wrap kb-svg-icon-fas_sitemap\"><svg viewBox=\"0 0 640 512\"  fill=\"currentColor\" xmlns=\"http:\/\/www.w3.org\/2000\/svg\"  aria-hidden=\"true\"><path d=\"M128 352H32c-17.67 0-32 14.33-32 32v96c0 17.67 14.33 32 32 32h96c17.67 0 32-14.33 32-32v-96c0-17.67-14.33-32-32-32zm-24-80h192v48h48v-48h192v48h48v-57.59c0-21.17-17.23-38.41-38.41-38.41H344v-64h40c17.67 0 32-14.33 32-32V32c0-17.67-14.33-32-32-32H256c-17.67 0-32 14.33-32 32v96c0 17.67 14.33 32 32 32h40v64H94.41C73.23 224 56 241.23 56 262.41V320h48v-48zm264 80h-96c-17.67 0-32 14.33-32 32v96c0 17.67 14.33 32 32 32h96c17.67 0 32-14.33 32-32v-96c0-17.67-14.33-32-32-32zm240 0h-96c-17.67 0-32 14.33-32 32v96c0 17.67 14.33 32 32 32h96c17.67 0 32-14.33 32-32v-96c0-17.67-14.33-32-32-32z\"\/><\/svg><\/span><\/div>\n<\/div>\n\n\n\n<p><a href=\"http:\/\/targowiska.tarnow.pl\/\">targowiska.tarnow.pl<\/a><\/p>\n\n\n\n<hr class=\"wp-block-separator has-alpha-channel-opacity is-style-wide\" style=\"margin-top:var(--wp--preset--spacing--50);margin-bottom:var(--wp--preset--spacing--50)\"\/>\n\n\n\n<p class=\"has-large-font-size\"><strong>BIURO STREFY P\u0141ATNEGO PARKOWANIA<\/strong><\/p>\n\n\n<style>.kt-svg-icons1423_fbd298-08 .kt-svg-item-0 .kb-svg-icon-wrap{color:var(--global-palette4, #2D3748);font-size:50px;}.wp-block-kadence-icon.kt-svg-icons1423_fbd298-08{justify-content:center;}<\/style>\n<div class=\"wp-block-kadence-icon kt-svg-icons kt-svg-icons1423_fbd298-08 alignleft\"><style>.kt-svg-item-1423_5ad931-be .kb-svg-icon-wrap, .kt-svg-style-stacked.kt-svg-item-1423_5ad931-be .kb-svg-icon-wrap{font-size:40px;}<\/style>\n<div class=\"wp-block-kadence-single-icon kt-svg-style-default kt-svg-icon-wrap kt-svg-item-1423_5ad931-be\"><span class=\"kb-svg-icon-wrap kb-svg-icon-fe_home\"><svg viewBox=\"0 0 24 24\"  fill=\"none\" stroke=\"currentColor\" stroke-width=\"2\" stroke-linecap=\"round\" stroke-linejoin=\"round\" xmlns=\"http:\/\/www.w3.org\/2000\/svg\"  aria-hidden=\"true\"><path d=\"M3 9l9-7 9 7v11a2 2 0 0 1-2 2H5a2 2 0 0 1-2-2z\"\/><polyline points=\"9 22 9 12 15 12 15 22\"\/><\/svg><\/span><\/div>\n<\/div>\n\n\n\n<p>33-100 Tarn\u00f3w, ul. Naj\u015bwi\u0119tszej Marii Panny 3<\/p>\n\n\n<style>.kt-svg-icons1423_435244-88 .kt-svg-item-0 .kb-svg-icon-wrap{color:var(--global-palette4, #2D3748);font-size:50px;}.wp-block-kadence-icon.kt-svg-icons1423_435244-88{justify-content:center;}<\/style>\n<div class=\"wp-block-kadence-icon kt-svg-icons kt-svg-icons1423_435244-88 alignleft\"><style>.kt-svg-item-1423_a4b832-1f .kb-svg-icon-wrap, .kt-svg-style-stacked.kt-svg-item-1423_a4b832-1f .kb-svg-icon-wrap{font-size:40px;}<\/style>\n<div class=\"wp-block-kadence-single-icon kt-svg-style-default kt-svg-icon-wrap kt-svg-item-1423_a4b832-1f\"><span class=\"kb-svg-icon-wrap kb-svg-icon-fe_phone\"><svg viewBox=\"0 0 24 24\"  fill=\"none\" stroke=\"currentColor\" stroke-width=\"2\" stroke-linecap=\"round\" stroke-linejoin=\"round\" xmlns=\"http:\/\/www.w3.org\/2000\/svg\"  aria-hidden=\"true\"><path d=\"M22 16.92v3a2 2 0 0 1-2.18 2 19.79 19.79 0 0 1-8.63-3.07 19.5 19.5 0 0 1-6-6 19.79 19.79 0 0 1-3.07-8.67A2 2 0 0 1 4.11 2h3a2 2 0 0 1 2 1.72 12.84 12.84 0 0 0 .7 2.81 2 2 0 0 1-.45 2.11L8.09 9.91a16 16 0 0 0 6 6l1.27-1.27a2 2 0 0 1 2.11-.45 12.84 12.84 0 0 0 2.81.7A2 2 0 0 1 22 16.92z\"\/><\/svg><\/span><\/div>\n<\/div>\n\n\n\n<p>tel.: (14) 656 45 05, wew. 35<\/p>\n\n\n<style>.kt-svg-icons1423_d0014c-9f .kt-svg-item-0 .kb-svg-icon-wrap{color:var(--global-palette4, #2D3748);font-size:50px;}.wp-block-kadence-icon.kt-svg-icons1423_d0014c-9f{justify-content:center;}<\/style>\n<div class=\"wp-block-kadence-icon kt-svg-icons kt-svg-icons1423_d0014c-9f alignleft\"><style>.kt-svg-item-1423_4f36ac-8e .kb-svg-icon-wrap, .kt-svg-style-stacked.kt-svg-item-1423_4f36ac-8e .kb-svg-icon-wrap{font-size:40px;}<\/style>\n<div class=\"wp-block-kadence-single-icon kt-svg-style-default kt-svg-icon-wrap kt-svg-item-1423_4f36ac-8e\"><span class=\"kb-svg-icon-wrap kb-svg-icon-fe_mail\"><svg viewBox=\"0 0 24 24\"  fill=\"none\" stroke=\"currentColor\" stroke-width=\"2\" stroke-linecap=\"round\" stroke-linejoin=\"round\" xmlns=\"http:\/\/www.w3.org\/2000\/svg\"  aria-hidden=\"true\"><path d=\"M4 4h16c1.1 0 2 .9 2 2v12c0 1.1-.9 2-2 2H4c-1.1 0-2-.9-2-2V6c0-1.1.9-2 2-2z\"\/><polyline points=\"22,6 12,13 2,6\"\/><\/svg><\/span><\/div>\n<\/div>\n\n\n\n<p>e-mail:&nbsp;<a href=\"mailto:targowiska_tarnow@vp.pl\">targowiska@targowiska.tarnow.pl<\/a><\/p>\n\n\n\n<hr class=\"wp-block-separator has-alpha-channel-opacity is-style-wide\" style=\"margin-top:var(--wp--preset--spacing--50);margin-bottom:var(--wp--preset--spacing--50)\"\/>\n\n\n\n<p class=\"has-large-font-size\"><strong>OBS\u0141UGA PARKINGU PARKUJ I JED\u0179<\/strong><\/p>\n\n\n<style>.kt-svg-icons1423_0ec636-3e .kt-svg-item-0 .kb-svg-icon-wrap{color:var(--global-palette4, #2D3748);font-size:50px;}.wp-block-kadence-icon.kt-svg-icons1423_0ec636-3e{justify-content:center;}<\/style>\n<div class=\"wp-block-kadence-icon kt-svg-icons kt-svg-icons1423_0ec636-3e alignleft\"><style>.kt-svg-item-1423_e5024d-59 .kb-svg-icon-wrap, .kt-svg-style-stacked.kt-svg-item-1423_e5024d-59 .kb-svg-icon-wrap{font-size:40px;}<\/style>\n<div class=\"wp-block-kadence-single-icon kt-svg-style-default kt-svg-icon-wrap kt-svg-item-1423_e5024d-59\"><span class=\"kb-svg-icon-wrap kb-svg-icon-fe_home\"><svg viewBox=\"0 0 24 24\"  fill=\"none\" stroke=\"currentColor\" stroke-width=\"2\" stroke-linecap=\"round\" stroke-linejoin=\"round\" xmlns=\"http:\/\/www.w3.org\/2000\/svg\"  aria-hidden=\"true\"><path d=\"M3 9l9-7 9 7v11a2 2 0 0 1-2 2H5a2 2 0 0 1-2-2z\"\/><polyline points=\"9 22 9 12 15 12 15 22\"\/><\/svg><\/span><\/div>\n<\/div>\n\n\n\n<p>33-100 Tarn\u00f3w; ul. Do Huty 14<\/p>\n\n\n<style>.kt-svg-icons1423_9b227d-e7 .kt-svg-item-0 .kb-svg-icon-wrap{color:var(--global-palette4, #2D3748);font-size:50px;}.wp-block-kadence-icon.kt-svg-icons1423_9b227d-e7{justify-content:center;}<\/style>\n<div class=\"wp-block-kadence-icon kt-svg-icons kt-svg-icons1423_9b227d-e7 alignleft\"><style>.kt-svg-item-1423_1a8952-c5 .kb-svg-icon-wrap, .kt-svg-style-stacked.kt-svg-item-1423_1a8952-c5 .kb-svg-icon-wrap{font-size:40px;}<\/style>\n<div class=\"wp-block-kadence-single-icon kt-svg-style-default kt-svg-icon-wrap kt-svg-item-1423_1a8952-c5\"><span class=\"kb-svg-icon-wrap kb-svg-icon-fe_phone\"><svg viewBox=\"0 0 24 24\"  fill=\"none\" stroke=\"currentColor\" stroke-width=\"2\" stroke-linecap=\"round\" stroke-linejoin=\"round\" xmlns=\"http:\/\/www.w3.org\/2000\/svg\"  aria-hidden=\"true\"><path d=\"M22 16.92v3a2 2 0 0 1-2.18 2 19.79 19.79 0 0 1-8.63-3.07 19.5 19.5 0 0 1-6-6 19.79 19.79 0 0 1-3.07-8.67A2 2 0 0 1 4.11 2h3a2 2 0 0 1 2 1.72 12.84 12.84 0 0 0 .7 2.81 2 2 0 0 1-.45 2.11L8.09 9.91a16 16 0 0 0 6 6l1.27-1.27a2 2 0 0 1 2.11-.45 12.84 12.84 0 0 0 2.81.7A2 2 0 0 1 22 16.92z\"\/><\/svg><\/span><\/div>\n<\/div>\n\n\n\n<p>tel.: (14) 688 89 82<\/p>\n\n\n\n<hr class=\"wp-block-separator has-alpha-channel-opacity is-style-wide\" style=\"margin-top:var(--wp--preset--spacing--50);margin-bottom:var(--wp--preset--spacing--50)\"\/>\n\n\n\n<p class=\"has-large-font-size\"><strong>ADMINISTRACJA PLAC\u00d3W TARGOWYCH<\/strong><\/p>\n\n\n<style>.kt-svg-icons1423_469828-70 .kt-svg-item-0 .kb-svg-icon-wrap{color:var(--global-palette4, #2D3748);font-size:50px;}.wp-block-kadence-icon.kt-svg-icons1423_469828-70{justify-content:center;}<\/style>\n<div class=\"wp-block-kadence-icon kt-svg-icons kt-svg-icons1423_469828-70 alignleft\"><style>.kt-svg-item-1423_963260-26 .kb-svg-icon-wrap, .kt-svg-style-stacked.kt-svg-item-1423_963260-26 .kb-svg-icon-wrap{font-size:40px;}<\/style>\n<div class=\"wp-block-kadence-single-icon kt-svg-style-default kt-svg-icon-wrap kt-svg-item-1423_963260-26\"><span class=\"kb-svg-icon-wrap kb-svg-icon-fe_phone\"><svg viewBox=\"0 0 24 24\"  fill=\"none\" stroke=\"currentColor\" stroke-width=\"2\" stroke-linecap=\"round\" stroke-linejoin=\"round\" xmlns=\"http:\/\/www.w3.org\/2000\/svg\"  aria-hidden=\"true\"><path d=\"M22 16.92v3a2 2 0 0 1-2.18 2 19.79 19.79 0 0 1-8.63-3.07 19.5 19.5 0 0 1-6-6 19.79 19.79 0 0 1-3.07-8.67A2 2 0 0 1 4.11 2h3a2 2 0 0 1 2 1.72 12.84 12.84 0 0 0 .7 2.81 2 2 0 0 1-.45 2.11L8.09 9.91a16 16 0 0 0 6 6l1.27-1.27a2 2 0 0 1 2.11-.45 12.84 12.84 0 0 0 2.81.7A2 2 0 0 1 22 16.92z\"\/><\/svg><\/span><\/div>\n<\/div>\n\n\n\n<p>Plac Chysz\u00f3w &#8211; tel. (14) 621 18 64<\/p>\n\n\n\n<div class=\"wp-block-columns is-layout-flex wp-container-core-columns-is-layout-9d6595d7 wp-block-columns-is-layout-flex\">\n<div class=\"wp-block-column is-layout-flow wp-block-column-is-layout-flow\" style=\"flex-basis:100%\"><style>.kt-svg-icons1423_b1592a-e7 .kt-svg-item-0 .kb-svg-icon-wrap{color:var(--global-palette4, #2D3748);font-size:50px;}.wp-block-kadence-icon.kt-svg-icons1423_b1592a-e7{justify-content:center;}<\/style>\n<div class=\"wp-block-kadence-icon kt-svg-icons kt-svg-icons1423_b1592a-e7 alignleft\"><style>.kt-svg-item-1423_18e48c-e7 .kb-svg-icon-wrap, .kt-svg-style-stacked.kt-svg-item-1423_18e48c-e7 .kb-svg-icon-wrap{font-size:40px;}<\/style>\n<div class=\"wp-block-kadence-single-icon kt-svg-style-default kt-svg-icon-wrap kt-svg-item-1423_18e48c-e7\"><span class=\"kb-svg-icon-wrap kb-svg-icon-fe_phone\"><svg viewBox=\"0 0 24 24\"  fill=\"none\" stroke=\"currentColor\" stroke-width=\"2\" stroke-linecap=\"round\" stroke-linejoin=\"round\" xmlns=\"http:\/\/www.w3.org\/2000\/svg\"  aria-hidden=\"true\"><path d=\"M22 16.92v3a2 2 0 0 1-2.18 2 19.79 19.79 0 0 1-8.63-3.07 19.5 19.5 0 0 1-6-6 19.79 19.79 0 0 1-3.07-8.67A2 2 0 0 1 4.11 2h3a2 2 0 0 1 2 1.72 12.84 12.84 0 0 0 .7 2.81 2 2 0 0 1-.45 2.11L8.09 9.91a16 16 0 0 0 6 6l1.27-1.27a2 2 0 0 1 2.11-.45 12.84 12.84 0 0 0 2.81.7A2 2 0 0 1 22 16.92z\"\/><\/svg><\/span><\/div>\n<\/div>\n\n\n\n<p>Plac Burek, \u0141azienna I, \u0141azienna II, Hala Miejska, Akacjowa <br>tel. (14) 656 45 05 wew. 34<\/p>\n<\/div>\n<\/div>\n\n\n\n<hr class=\"wp-block-separator has-alpha-channel-opacity is-style-wide\"\/>\n\n\n\n<p class=\"has-medium-font-size\"><strong>Inspektor Ochrony Danych<\/strong><\/p>\n\n\n<style>.kt-svg-icons1423_b96615-39 .kt-svg-item-0 .kb-svg-icon-wrap{color:var(--global-palette4, #2D3748);font-size:50px;}.wp-block-kadence-icon.kt-svg-icons1423_b96615-39{justify-content:center;}<\/style>\n<div class=\"wp-block-kadence-icon kt-svg-icons kt-svg-icons1423_b96615-39 alignleft\"><style>.kt-svg-item-1423_15984a-18 .kb-svg-icon-wrap, .kt-svg-style-stacked.kt-svg-item-1423_15984a-18 .kb-svg-icon-wrap{font-size:40px;}<\/style>\n<div class=\"wp-block-kadence-single-icon kt-svg-style-default kt-svg-icon-wrap kt-svg-item-1423_15984a-18\"><span class=\"kb-svg-icon-wrap kb-svg-icon-fe_mail\"><svg viewBox=\"0 0 24 24\"  fill=\"none\" stroke=\"currentColor\" stroke-width=\"2\" stroke-linecap=\"round\" stroke-linejoin=\"round\" xmlns=\"http:\/\/www.w3.org\/2000\/svg\"  aria-hidden=\"true\"><path d=\"M4 4h16c1.1 0 2 .9 2 2v12c0 1.1-.9 2-2 2H4c-1.1 0-2-.9-2-2V6c0-1.1.9-2 2-2z\"\/><polyline points=\"22,6 12,13 2,6\"\/><\/svg><\/span><\/div>\n<\/div>\n\n\n\n<p>e-mail:&nbsp;<a href=\"mailto:iod@targowiska.tarnow.pl\" target=\"_blank\" rel=\"noreferrer noopener\">iod@targowiska.tarnow.pl<\/a><\/p>\n\n\n\n<p><\/p>\n","protected":false},"excerpt":{"rendered":"<p>TARGOWISKA MIEJSKIE 33-100 Tarn\u00f3w, ul. Naj\u015bwi\u0119tszej Marii Panny 3 telefon\/fax: (14) 688-89-80, 688-89-81 e-mail: targowiska@targowiska.tarnow.pl targowiska.tarnow.pl BIURO STREFY P\u0141ATNEGO PARKOWANIA 33-100 Tarn\u00f3w, ul. Naj\u015bwi\u0119tszej Marii Panny 3 tel.: (14) 656 45 05, wew. 35 e-mail:&nbsp;targowiska@targowiska.tarnow.pl OBS\u0141UGA PARKINGU PARKUJ I JED\u0179 33-100 Tarn\u00f3w; ul. Do Huty 14 tel.: (14) 688 89 82 ADMINISTRACJA PLAC\u00d3W TARGOWYCH Plac&#8230;<\/p>\n","protected":false},"author":1,"featured_media":0,"parent":0,"menu_order":0,"comment_status":"closed","ping_status":"closed","template":"","meta":{"_kad_post_transparent":"","_kad_post_title":"","_kad_post_layout":"","_kad_post_sidebar_id":"","_kad_post_content_style":"","_kad_post_vertical_padding":"","_kad_post_feature":"","_kad_post_feature_position":"","_kad_post_header":false,"_kad_post_footer":false,"_kad_post_classname":"","footnotes":""},"class_list":["post-1423","page","type-page","status-publish","hentry"],"_links":{"self":[{"href":"http:\/\/targowiska.tarnow.pl\/index.php?rest_route=\/wp\/v2\/pages\/1423","targetHints":{"allow":["GET"]}}],"collection":[{"href":"http:\/\/targowiska.tarnow.pl\/index.php?rest_route=\/wp\/v2\/pages"}],"about":[{"href":"http:\/\/targowiska.tarnow.pl\/index.php?rest_route=\/wp\/v2\/types\/page"}],"author":[{"embeddable":true,"href":"http:\/\/targowiska.tarnow.pl\/index.php?rest_route=\/wp\/v2\/users\/1"}],"replies":[{"embeddable":true,"href":"http:\/\/targowiska.tarnow.pl\/index.php?rest_route=%2Fwp%2Fv2%2Fcomments&post=1423"}],"version-history":[{"count":3,"href":"http:\/\/targowiska.tarnow.pl\/index.php?rest_route=\/wp\/v2\/pages\/1423\/revisions"}],"predecessor-version":[{"id":1799,"href":"http:\/\/targowiska.tarnow.pl\/index.php?rest_route=\/wp\/v2\/pages\/1423\/revisions\/1799"}],"wp:attachment":[{"href":"http:\/\/targowiska.tarnow.pl\/index.php?rest_route=%2Fwp%2Fv2%2Fmedia&parent=1423"}],"curies":[{"name":"wp","href":"https:\/\/api.w.org\/{rel}","templated":true}]}}