{"id":1532,"date":"2025-06-03T08:13:33","date_gmt":"2025-06-03T06:13:33","guid":{"rendered":"http:\/\/dev.targowiska.tarnow.pl\/?page_id=1532"},"modified":"2025-10-13T12:22:25","modified_gmt":"2025-10-13T10:22:25","slug":"burek","status":"publish","type":"page","link":"http:\/\/targowiska.tarnow.pl\/?page_id=1532","title":{"rendered":"Burek"},"content":{"rendered":"\n<p>Burek to najs\u0142ynniejszy plac handlowy Tarnowa. Jego historia si\u0119ga I wojny \u015bwiatowej. To po jej zako\u0144czeniu i odzyskaniu niepodleg\u0142o\u015bci rozpocz\u0105\u0142 si\u0119 tu handel. Jednak na dobre handlarze, kupcy, rolnicy, hodowcy i sadownicy zaanektowali go na swoje potrzeby po 1945 roku.<\/p>\n\n\n<style>.wp-block-kadence-column.kb-section-dir-horizontal > .kt-inside-inner-col > .kt-info-box1532_01a25a-9d .kt-blocks-info-box-link-wrap{max-width:unset;}.kt-info-box1532_01a25a-9d .kt-blocks-info-box-link-wrap{border-top:5px solid var(--global-palette7, #eeeeee);border-right:5px solid var(--global-palette7, #eeeeee);border-bottom:5px solid var(--global-palette7, #eeeeee);border-left:5px solid var(--global-palette7, #eeeeee);border-top-left-radius:30px;border-top-right-radius:30px;border-bottom-right-radius:30px;border-bottom-left-radius:30px;background:#ffffff;padding-top:var(--global-kb-spacing-xs, 1rem);padding-right:var(--global-kb-spacing-xs, 1rem);padding-bottom:var(--global-kb-spacing-xs, 1rem);padding-left:var(--global-kb-spacing-xs, 1rem);}.kt-info-box1532_01a25a-9d .kt-blocks-info-box-link-wrap:hover{background:var(--global-palette7, #EDF2F7);}.kt-info-box1532_01a25a-9d .kadence-info-box-icon-container .kt-info-svg-icon, .kt-info-box1532_01a25a-9d .kt-info-svg-icon-flip, .kt-info-box1532_01a25a-9d .kt-blocks-info-box-number{font-size:50px;}.kt-info-box1532_01a25a-9d .kt-blocks-info-box-media{border-radius:200px;overflow:hidden;border-top-width:0px;border-right-width:0px;border-bottom-width:0px;border-left-width:0px;padding-top:20px;padding-right:20px;padding-bottom:20px;padding-left:20px;margin-top:0px;margin-right:20px;margin-bottom:0px;margin-left:0px;}.kt-info-box1532_01a25a-9d .kt-blocks-info-box-media .kadence-info-box-image-intrisic img{border-radius:200px;}.kt-info-box1532_01a25a-9d .kt-infobox-textcontent h3.kt-blocks-info-box-title{padding-top:0px;padding-right:0px;padding-bottom:0px;padding-left:0px;margin-top:5px;margin-right:0px;margin-bottom:10px;margin-left:0px;}.kt-info-box1532_01a25a-9d .kt-blocks-info-box-learnmore{background:transparent;border-width:0px 0px 0px 0px;padding-top:4px;padding-right:8px;padding-bottom:4px;padding-left:8px;margin-top:10px;margin-right:0px;margin-bottom:10px;margin-left:0px;}@media all and (max-width: 1024px){.kt-info-box1532_01a25a-9d .kt-blocks-info-box-link-wrap{border-top:5px solid var(--global-palette7, #eeeeee);border-right:5px solid var(--global-palette7, #eeeeee);border-bottom:5px solid var(--global-palette7, #eeeeee);border-left:5px solid var(--global-palette7, #eeeeee);}}@media all and (max-width: 767px){.kt-info-box1532_01a25a-9d .kt-blocks-info-box-link-wrap{border-top:5px solid var(--global-palette7, #eeeeee);border-right:5px solid var(--global-palette7, #eeeeee);border-bottom:5px solid var(--global-palette7, #eeeeee);border-left:5px solid var(--global-palette7, #eeeeee);}}<\/style>\n<div class=\"wp-block-kadence-infobox kt-info-box1532_01a25a-9d\"><a class=\"kt-blocks-info-box-link-wrap info-box-link kt-blocks-info-box-media-align-left kt-info-halign-left\" href=\"http:\/\/targowiska.tarnow.pl\/?page_id=1534\" aria-label=\"Burek - galeria zdj\u0119\u0107\"><div class=\"kt-infobox-textcontent\"><h3 class=\"kt-blocks-info-box-title\">Galeria zdj\u0119\u0107<\/h3><p class=\"kt-blocks-info-box-text\">Zapraszamy do ogl\u0105dni\u0119cia kilkunastu fotografii tarnowskiego Burku.<\/p><\/div><\/a><\/div>\n\n\n\n<p><\/p>\n\n\n<style>.wp-block-kadence-column.kb-section-dir-horizontal > .kt-inside-inner-col > .kt-info-box1532_194418-63 .kt-blocks-info-box-link-wrap{max-width:unset;}.kt-info-box1532_194418-63 .kt-blocks-info-box-link-wrap{border-top:5px solid var(--global-palette7, #eeeeee);border-right:5px solid var(--global-palette7, #eeeeee);border-bottom:5px solid var(--global-palette7, #eeeeee);border-left:5px solid var(--global-palette7, #eeeeee);border-top-left-radius:30px;border-top-right-radius:30px;border-bottom-right-radius:30px;border-bottom-left-radius:30px;background:#ffffff;padding-top:var(--global-kb-spacing-xs, 1rem);padding-right:var(--global-kb-spacing-xs, 1rem);padding-bottom:var(--global-kb-spacing-xs, 1rem);padding-left:var(--global-kb-spacing-xs, 1rem);}.kt-info-box1532_194418-63 .kt-blocks-info-box-link-wrap:hover{background:var(--global-palette7, #EDF2F7);}.kt-info-box1532_194418-63 .kadence-info-box-icon-container .kt-info-svg-icon, .kt-info-box1532_194418-63 .kt-info-svg-icon-flip, .kt-info-box1532_194418-63 .kt-blocks-info-box-number{font-size:50px;}.kt-info-box1532_194418-63 .kt-blocks-info-box-media{border-radius:200px;overflow:hidden;border-top-width:0px;border-right-width:0px;border-bottom-width:0px;border-left-width:0px;padding-top:20px;padding-right:20px;padding-bottom:20px;padding-left:20px;margin-top:0px;margin-right:20px;margin-bottom:0px;margin-left:0px;}.kt-info-box1532_194418-63 .kt-blocks-info-box-media .kadence-info-box-image-intrisic img{border-radius:200px;}.kt-info-box1532_194418-63 .kt-infobox-textcontent h3.kt-blocks-info-box-title{padding-top:0px;padding-right:0px;padding-bottom:0px;padding-left:0px;margin-top:5px;margin-right:0px;margin-bottom:10px;margin-left:0px;}.kt-info-box1532_194418-63 .kt-blocks-info-box-learnmore{background:transparent;border-width:0px 0px 0px 0px;padding-top:4px;padding-right:8px;padding-bottom:4px;padding-left:8px;margin-top:10px;margin-right:0px;margin-bottom:10px;margin-left:0px;}@media all and (max-width: 1024px){.kt-info-box1532_194418-63 .kt-blocks-info-box-link-wrap{border-top:5px solid var(--global-palette7, #eeeeee);border-right:5px solid var(--global-palette7, #eeeeee);border-bottom:5px solid var(--global-palette7, #eeeeee);border-left:5px solid var(--global-palette7, #eeeeee);}}@media all and (max-width: 767px){.kt-info-box1532_194418-63 .kt-blocks-info-box-link-wrap{border-top:5px solid var(--global-palette7, #eeeeee);border-right:5px solid var(--global-palette7, #eeeeee);border-bottom:5px solid var(--global-palette7, #eeeeee);border-left:5px solid var(--global-palette7, #eeeeee);}}<\/style>\n<div class=\"wp-block-kadence-infobox kt-info-box1532_194418-63\"><a class=\"kt-blocks-info-box-link-wrap info-box-link kt-blocks-info-box-media-align-left kt-info-halign-left\" href=\"http:\/\/targowiska.tarnow.pl\/?page_id=1556\" aria-label=\"Burek dzisiaj\"><div class=\"kt-infobox-textcontent\"><h3 class=\"kt-blocks-info-box-title\">Burek dzisiaj<\/h3><p class=\"kt-blocks-info-box-text\">Mieszka\u0144cy Tarnowa od razu pokochali Burek z jego kolorytem, gwarem, nieprzemijaj\u0105cym urokiem starego placu targowego.<br>Czytaj wi\u0119cej&#8230;<\/p><\/div><\/a><\/div>\n\n\n\n<p><\/p>\n\n\n<style>.wp-block-kadence-column.kb-section-dir-horizontal > .kt-inside-inner-col > .kt-info-box1532_94ebbb-3c .kt-blocks-info-box-link-wrap{max-width:unset;}.kt-info-box1532_94ebbb-3c .kt-blocks-info-box-link-wrap{border-top:5px solid var(--global-palette7, #eeeeee);border-right:5px solid var(--global-palette7, #eeeeee);border-bottom:5px solid var(--global-palette7, #eeeeee);border-left:5px solid var(--global-palette7, #eeeeee);border-top-left-radius:30px;border-top-right-radius:30px;border-bottom-right-radius:30px;border-bottom-left-radius:30px;background:#ffffff;padding-top:var(--global-kb-spacing-xs, 1rem);padding-right:var(--global-kb-spacing-xs, 1rem);padding-bottom:var(--global-kb-spacing-xs, 1rem);padding-left:var(--global-kb-spacing-xs, 1rem);}.kt-info-box1532_94ebbb-3c .kt-blocks-info-box-link-wrap:hover{background:var(--global-palette7, #EDF2F7);}.kt-info-box1532_94ebbb-3c .kadence-info-box-icon-container .kt-info-svg-icon, .kt-info-box1532_94ebbb-3c .kt-info-svg-icon-flip, .kt-info-box1532_94ebbb-3c .kt-blocks-info-box-number{font-size:50px;}.kt-info-box1532_94ebbb-3c .kt-blocks-info-box-media{border-radius:200px;overflow:hidden;border-top-width:0px;border-right-width:0px;border-bottom-width:0px;border-left-width:0px;padding-top:20px;padding-right:20px;padding-bottom:20px;padding-left:20px;margin-top:0px;margin-right:20px;margin-bottom:0px;margin-left:0px;}.kt-info-box1532_94ebbb-3c .kt-blocks-info-box-media .kadence-info-box-image-intrisic img{border-radius:200px;}.kt-info-box1532_94ebbb-3c .kt-infobox-textcontent h3.kt-blocks-info-box-title{padding-top:0px;padding-right:0px;padding-bottom:0px;padding-left:0px;margin-top:5px;margin-right:0px;margin-bottom:10px;margin-left:0px;}.kt-info-box1532_94ebbb-3c .kt-blocks-info-box-learnmore{background:transparent;border-width:0px 0px 0px 0px;padding-top:4px;padding-right:8px;padding-bottom:4px;padding-left:8px;margin-top:10px;margin-right:0px;margin-bottom:10px;margin-left:0px;}@media all and (max-width: 1024px){.kt-info-box1532_94ebbb-3c .kt-blocks-info-box-link-wrap{border-top:5px solid var(--global-palette7, #eeeeee);border-right:5px solid var(--global-palette7, #eeeeee);border-bottom:5px solid var(--global-palette7, #eeeeee);border-left:5px solid var(--global-palette7, #eeeeee);}}@media all and (max-width: 767px){.kt-info-box1532_94ebbb-3c .kt-blocks-info-box-link-wrap{border-top:5px solid var(--global-palette7, #eeeeee);border-right:5px solid var(--global-palette7, #eeeeee);border-bottom:5px solid var(--global-palette7, #eeeeee);border-left:5px solid var(--global-palette7, #eeeeee);}}<\/style>\n<div class=\"wp-block-kadence-infobox kt-info-box1532_94ebbb-3c\"><a class=\"kt-blocks-info-box-link-wrap info-box-link kt-blocks-info-box-media-align-left kt-info-halign-left\" href=\"http:\/\/targowiska.tarnow.pl\/?page_id=1561\" aria-label=\"Burek zgody\"><div class=\"kt-infobox-textcontent\"><h3 class=\"kt-blocks-info-box-title\">Burek zgody &#8211; wizualizacja (zdj\u0119cia)<\/h3><p class=\"kt-blocks-info-box-text\">Lorem ipsum dolor sit amet, consectetur adipiscing elit. Aenean diam dolor, accumsan sed rutrum vel, dapibus et leo.<\/p><\/div><\/a><\/div>\n\n\n\n<p><\/p>\n\n\n<style>.kb-google-maps-container1532_5fbf59-f6{height:450px;}<\/style><div class=\"kb-google-maps-container kb-google-maps-container1532_5fbf59-f6  wp-block-kadence-googlemaps\" data-mapid=\"1532_5fbf59f6\"><iframe width=\"100%\" height=\"100%\"\n\t\t\t\t\t\t\tstyle=\"border:0\" loading=\"lazy\"\n\t\t\t\t\t\t\tsrc=\"https:\/\/www.google.com\/maps\/embed\/v1\/place?key=AIzaSyBAM2o7PiQqwk15LC1XRH2e_KJ-jUa7KYk&#038;zoom=15&#038;maptype=roadmap&#038;q=Burek+Tarn%C3%B3w\"\n\t\t\t\t\t\t\ttitle=\"Mapa Google Burek Tarn\u00f3w\"><\/iframe><\/div><script>function kb_google_map1532_5fbf59f6() { let center = { lat: 37.8201, lng: -122.4781}; let map = new google.maps.Map(document.getElementById(\"kb-google-map1532_5fbf59f6\"), {\n\t\t\t\t\t    zoom: 15,\n\t\t\t\t\t    center: center,});let marker = new google.maps.Marker({   position: { lat: 37.8201, lng: -122.4781},    map: map,  });}<\/script>","protected":false},"excerpt":{"rendered":"<p>Burek to najs\u0142ynniejszy plac handlowy Tarnowa. Jego historia si\u0119ga I wojny \u015bwiatowej. To po jej zako\u0144czeniu i odzyskaniu niepodleg\u0142o\u015bci rozpocz\u0105\u0142 si\u0119 tu handel. Jednak na dobre handlarze, kupcy, rolnicy, hodowcy i sadownicy zaanektowali go na swoje potrzeby po 1945 roku.<\/p>\n","protected":false},"author":1,"featured_media":0,"parent":0,"menu_order":0,"comment_status":"closed","ping_status":"closed","template":"","meta":{"_kad_post_transparent":"","_kad_post_title":"","_kad_post_layout":"","_kad_post_sidebar_id":"","_kad_post_content_style":"","_kad_post_vertical_padding":"","_kad_post_feature":"","_kad_post_feature_position":"","_kad_post_header":false,"_kad_post_footer":false,"_kad_post_classname":"","footnotes":""},"class_list":["post-1532","page","type-page","status-publish","hentry"],"_links":{"self":[{"href":"http:\/\/targowiska.tarnow.pl\/index.php?rest_route=\/wp\/v2\/pages\/1532","targetHints":{"allow":["GET"]}}],"collection":[{"href":"http:\/\/targowiska.tarnow.pl\/index.php?rest_route=\/wp\/v2\/pages"}],"about":[{"href":"http:\/\/targowiska.tarnow.pl\/index.php?rest_route=\/wp\/v2\/types\/page"}],"author":[{"embeddable":true,"href":"http:\/\/targowiska.tarnow.pl\/index.php?rest_route=\/wp\/v2\/users\/1"}],"replies":[{"embeddable":true,"href":"http:\/\/targowiska.tarnow.pl\/index.php?rest_route=%2Fwp%2Fv2%2Fcomments&post=1532"}],"version-history":[{"count":2,"href":"http:\/\/targowiska.tarnow.pl\/index.php?rest_route=\/wp\/v2\/pages\/1532\/revisions"}],"predecessor-version":[{"id":1826,"href":"http:\/\/targowiska.tarnow.pl\/index.php?rest_route=\/wp\/v2\/pages\/1532\/revisions\/1826"}],"wp:attachment":[{"href":"http:\/\/targowiska.tarnow.pl\/index.php?rest_route=%2Fwp%2Fv2%2Fmedia&parent=1532"}],"curies":[{"name":"wp","href":"https:\/\/api.w.org\/{rel}","templated":true}]}}