{"id":1581,"date":"2025-06-03T09:18:00","date_gmt":"2025-06-03T07:18:00","guid":{"rendered":"http:\/\/dev.targowiska.tarnow.pl\/?page_id=1581"},"modified":"2025-06-03T09:20:34","modified_gmt":"2025-06-03T07:20:34","slug":"chyszow-galeria-zdjec","status":"publish","type":"page","link":"http:\/\/targowiska.tarnow.pl\/?page_id=1581","title":{"rendered":"Chysz\u00f3w &#8211; Galeria zdj\u0119\u0107"},"content":{"rendered":"<style>.wp-block-kadence-advancedgallery .kb-gallery-type-grid.kb-gallery-id-1581_182f2f-b8{margin:-5px;}.kb-gallery-type-grid.kb-gallery-id-1581_182f2f-b8 .kadence-blocks-gallery-item{padding:5px;}.kb-gallery-id-1581_182f2f-b8 .kadence-blocks-gallery-item .kb-gal-image-radius, .kb-gallery-id-1581_182f2f-b8 .kb-slide-item .kb-gal-image-radius img{border-radius:0px 0px 0px 0px;;}.kb-gallery-caption-style-bottom.kb-gallery-id-1581_182f2f-b8 .kadence-blocks-gallery-item .kadence-blocks-gallery-item-inner .kadence-blocks-gallery-item__caption, .kb-gallery-caption-style-bottom-hover.kb-gallery-id-1581_182f2f-b8 .kadence-blocks-gallery-item .kadence-blocks-gallery-item-inner .kadence-blocks-gallery-item__caption{background:linear-gradient(0deg, rgba(0, 0, 0, 0.5) 0, rgba(0, 0, 0, 0) 100%);}<\/style><div class=\"kb-gallery-wrap-id-1581_182f2f-b8 alignnone wp-block-kadence-advancedgallery\"><ul class=\"kb-gallery-ul kb-gallery-non-static kb-gallery-type-grid kb-gallery-id-1581_182f2f-b8 kb-gallery-caption-style-bottom kb-gallery-filter-none kb-gallery-magnific-init\" data-image-filter=\"none\" data-item-selector=\".kadence-blocks-gallery-item\" data-lightbox-caption=\"true\" data-columns-xxl=\"2\" data-columns-xl=\"2\" data-columns-md=\"2\" data-columns-sm=\"2\" data-columns-xs=\"1\" data-columns-ss=\"1\"><li class=\"kadence-blocks-gallery-item\"><div class=\"kadence-blocks-gallery-item-inner\"><figure class=\"kb-gallery-figure kb-gallery-item-has-link kadence-blocks-gallery-item-has-caption\"><a href=\"http:\/\/targowiska.tarnow.pl\/wp-content\/uploads\/2025\/06\/chyszow_plac1.jpg\" data-description=\"Chysz\u00f3w, rolnicy 1\n\" class=\"kb-gallery-item-link\"  ><div class=\"kb-gal-image-radius\"><div class=\"kb-gallery-image-contain kadence-blocks-gallery-intrinsic kb-gallery-image-ratio-land32 kb-has-image-ratio-land32\" ><img loading=\"lazy\" decoding=\"async\" src=\"http:\/\/targowiska.tarnow.pl\/wp-content\/uploads\/2025\/06\/chyszow_plac1.jpg\" width=\"778\" height=\"584\" alt=\"\" data-full-image=\"http:\/\/targowiska.tarnow.pl\/wp-content\/uploads\/2025\/06\/chyszow_plac1.jpg\" data-light-image=\"http:\/\/targowiska.tarnow.pl\/wp-content\/uploads\/2025\/06\/chyszow_plac1.jpg\" data-id=\"1583\" class=\"wp-image-1583\" srcset=\"http:\/\/targowiska.tarnow.pl\/wp-content\/uploads\/2025\/06\/chyszow_plac1.jpg 778w, http:\/\/targowiska.tarnow.pl\/wp-content\/uploads\/2025\/06\/chyszow_plac1-300x225.jpg 300w, http:\/\/targowiska.tarnow.pl\/wp-content\/uploads\/2025\/06\/chyszow_plac1-768x576.jpg 768w\" sizes=\"auto, (max-width: 778px) 100vw, 778px\" \/><\/div><div class=\"kadence-blocks-gallery-item__caption\"><p>Chysz\u00f3w, rolnicy 1<\/p>\n<\/div><\/div><\/a><\/figure><\/div><\/li><li class=\"kadence-blocks-gallery-item\"><div class=\"kadence-blocks-gallery-item-inner\"><figure class=\"kb-gallery-figure kb-gallery-item-has-link kadence-blocks-gallery-item-has-caption\"><a href=\"http:\/\/targowiska.tarnow.pl\/wp-content\/uploads\/2025\/06\/plac2.jpg\" data-description=\"Chysz\u00f3w, rolnicy 2\n\" class=\"kb-gallery-item-link\"  ><div class=\"kb-gal-image-radius\"><div class=\"kb-gallery-image-contain kadence-blocks-gallery-intrinsic kb-gallery-image-ratio-land32 kb-has-image-ratio-land32\" ><img loading=\"lazy\" decoding=\"async\" src=\"http:\/\/targowiska.tarnow.pl\/wp-content\/uploads\/2025\/06\/plac2.jpg\" width=\"778\" height=\"584\" alt=\"\" data-full-image=\"http:\/\/targowiska.tarnow.pl\/wp-content\/uploads\/2025\/06\/plac2.jpg\" data-light-image=\"http:\/\/targowiska.tarnow.pl\/wp-content\/uploads\/2025\/06\/plac2.jpg\" data-id=\"1586\" class=\"wp-image-1586\" srcset=\"http:\/\/targowiska.tarnow.pl\/wp-content\/uploads\/2025\/06\/plac2.jpg 778w, http:\/\/targowiska.tarnow.pl\/wp-content\/uploads\/2025\/06\/plac2-300x225.jpg 300w, http:\/\/targowiska.tarnow.pl\/wp-content\/uploads\/2025\/06\/plac2-768x576.jpg 768w\" sizes=\"auto, (max-width: 778px) 100vw, 778px\" \/><\/div><div class=\"kadence-blocks-gallery-item__caption\"><p>Chysz\u00f3w, rolnicy 2<\/p>\n<\/div><\/div><\/a><\/figure><\/div><\/li><li class=\"kadence-blocks-gallery-item\"><div class=\"kadence-blocks-gallery-item-inner\"><figure class=\"kb-gallery-figure kb-gallery-item-has-link kadence-blocks-gallery-item-has-caption\"><a href=\"http:\/\/targowiska.tarnow.pl\/wp-content\/uploads\/2025\/06\/plac3.jpg\" data-description=\"Chysz\u00f3w, rolnicy 3\n\" class=\"kb-gallery-item-link\"  ><div class=\"kb-gal-image-radius\"><div class=\"kb-gallery-image-contain kadence-blocks-gallery-intrinsic kb-gallery-image-ratio-land32 kb-has-image-ratio-land32\" ><img loading=\"lazy\" decoding=\"async\" src=\"http:\/\/targowiska.tarnow.pl\/wp-content\/uploads\/2025\/06\/plac3.jpg\" width=\"778\" height=\"584\" alt=\"\" data-full-image=\"http:\/\/targowiska.tarnow.pl\/wp-content\/uploads\/2025\/06\/plac3.jpg\" data-light-image=\"http:\/\/targowiska.tarnow.pl\/wp-content\/uploads\/2025\/06\/plac3.jpg\" data-id=\"1587\" class=\"wp-image-1587\" srcset=\"http:\/\/targowiska.tarnow.pl\/wp-content\/uploads\/2025\/06\/plac3.jpg 778w, http:\/\/targowiska.tarnow.pl\/wp-content\/uploads\/2025\/06\/plac3-300x225.jpg 300w, http:\/\/targowiska.tarnow.pl\/wp-content\/uploads\/2025\/06\/plac3-768x576.jpg 768w\" sizes=\"auto, (max-width: 778px) 100vw, 778px\" \/><\/div><div class=\"kadence-blocks-gallery-item__caption\"><p>Chysz\u00f3w, rolnicy 3<\/p>\n<\/div><\/div><\/a><\/figure><\/div><\/li><li class=\"kadence-blocks-gallery-item\"><div class=\"kadence-blocks-gallery-item-inner\"><figure class=\"kb-gallery-figure kb-gallery-item-has-link kadence-blocks-gallery-item-has-caption\"><a href=\"http:\/\/targowiska.tarnow.pl\/wp-content\/uploads\/2025\/06\/plac4.jpg\" data-description=\"Chysz\u00f3w, rolnicy 4\n\" class=\"kb-gallery-item-link\"  ><div class=\"kb-gal-image-radius\"><div class=\"kb-gallery-image-contain kadence-blocks-gallery-intrinsic kb-gallery-image-ratio-land32 kb-has-image-ratio-land32\" ><img loading=\"lazy\" decoding=\"async\" src=\"http:\/\/targowiska.tarnow.pl\/wp-content\/uploads\/2025\/06\/plac4.jpg\" width=\"778\" height=\"584\" alt=\"\" data-full-image=\"http:\/\/targowiska.tarnow.pl\/wp-content\/uploads\/2025\/06\/plac4.jpg\" data-light-image=\"http:\/\/targowiska.tarnow.pl\/wp-content\/uploads\/2025\/06\/plac4.jpg\" data-id=\"1588\" class=\"wp-image-1588\" srcset=\"http:\/\/targowiska.tarnow.pl\/wp-content\/uploads\/2025\/06\/plac4.jpg 778w, http:\/\/targowiska.tarnow.pl\/wp-content\/uploads\/2025\/06\/plac4-300x225.jpg 300w, http:\/\/targowiska.tarnow.pl\/wp-content\/uploads\/2025\/06\/plac4-768x576.jpg 768w\" sizes=\"auto, (max-width: 778px) 100vw, 778px\" \/><\/div><div class=\"kadence-blocks-gallery-item__caption\"><p>Chysz\u00f3w, rolnicy 4<\/p>\n<\/div><\/div><\/a><\/figure><\/div><\/li><li class=\"kadence-blocks-gallery-item\"><div class=\"kadence-blocks-gallery-item-inner\"><figure class=\"kb-gallery-figure kb-gallery-item-has-link kadence-blocks-gallery-item-has-caption\"><a href=\"http:\/\/targowiska.tarnow.pl\/wp-content\/uploads\/2025\/06\/plac5.jpg\" data-description=\"Chysz\u00f3w, plac 1\n\" class=\"kb-gallery-item-link\"  ><div class=\"kb-gal-image-radius\"><div class=\"kb-gallery-image-contain kadence-blocks-gallery-intrinsic kb-gallery-image-ratio-land32 kb-has-image-ratio-land32\" ><img loading=\"lazy\" decoding=\"async\" src=\"http:\/\/targowiska.tarnow.pl\/wp-content\/uploads\/2025\/06\/plac5.jpg\" width=\"778\" height=\"584\" alt=\"\" data-full-image=\"http:\/\/targowiska.tarnow.pl\/wp-content\/uploads\/2025\/06\/plac5.jpg\" data-light-image=\"http:\/\/targowiska.tarnow.pl\/wp-content\/uploads\/2025\/06\/plac5.jpg\" data-id=\"1589\" class=\"wp-image-1589\" srcset=\"http:\/\/targowiska.tarnow.pl\/wp-content\/uploads\/2025\/06\/plac5.jpg 778w, http:\/\/targowiska.tarnow.pl\/wp-content\/uploads\/2025\/06\/plac5-300x225.jpg 300w, http:\/\/targowiska.tarnow.pl\/wp-content\/uploads\/2025\/06\/plac5-768x576.jpg 768w\" sizes=\"auto, (max-width: 778px) 100vw, 778px\" \/><\/div><div class=\"kadence-blocks-gallery-item__caption\"><p>Chysz\u00f3w, plac 1<\/p>\n<\/div><\/div><\/a><\/figure><\/div><\/li><li class=\"kadence-blocks-gallery-item\"><div class=\"kadence-blocks-gallery-item-inner\"><figure class=\"kb-gallery-figure kb-gallery-item-has-link kadence-blocks-gallery-item-has-caption\"><a href=\"http:\/\/targowiska.tarnow.pl\/wp-content\/uploads\/2025\/06\/plac6.jpg\" data-description=\"Chysz\u00f3w, plac 2\n\" class=\"kb-gallery-item-link\"  ><div class=\"kb-gal-image-radius\"><div class=\"kb-gallery-image-contain kadence-blocks-gallery-intrinsic kb-gallery-image-ratio-land32 kb-has-image-ratio-land32\" ><img loading=\"lazy\" decoding=\"async\" src=\"http:\/\/targowiska.tarnow.pl\/wp-content\/uploads\/2025\/06\/plac6.jpg\" width=\"778\" height=\"584\" alt=\"\" data-full-image=\"http:\/\/targowiska.tarnow.pl\/wp-content\/uploads\/2025\/06\/plac6.jpg\" data-light-image=\"http:\/\/targowiska.tarnow.pl\/wp-content\/uploads\/2025\/06\/plac6.jpg\" data-id=\"1590\" class=\"wp-image-1590\" srcset=\"http:\/\/targowiska.tarnow.pl\/wp-content\/uploads\/2025\/06\/plac6.jpg 778w, http:\/\/targowiska.tarnow.pl\/wp-content\/uploads\/2025\/06\/plac6-300x225.jpg 300w, http:\/\/targowiska.tarnow.pl\/wp-content\/uploads\/2025\/06\/plac6-768x576.jpg 768w\" sizes=\"auto, (max-width: 778px) 100vw, 778px\" \/><\/div><div class=\"kadence-blocks-gallery-item__caption\"><p>Chysz\u00f3w, plac 2<\/p>\n<\/div><\/div><\/a><\/figure><\/div><\/li><li class=\"kadence-blocks-gallery-item\"><div class=\"kadence-blocks-gallery-item-inner\"><figure class=\"kb-gallery-figure kb-gallery-item-has-link kadence-blocks-gallery-item-has-caption\"><a href=\"http:\/\/targowiska.tarnow.pl\/wp-content\/uploads\/2025\/06\/plac7.jpg\" data-description=\"Chysz\u00f3w, plac 3\n\" class=\"kb-gallery-item-link\"  ><div class=\"kb-gal-image-radius\"><div class=\"kb-gallery-image-contain kadence-blocks-gallery-intrinsic kb-gallery-image-ratio-land32 kb-has-image-ratio-land32\" ><img loading=\"lazy\" decoding=\"async\" src=\"http:\/\/targowiska.tarnow.pl\/wp-content\/uploads\/2025\/06\/plac7.jpg\" width=\"778\" height=\"584\" alt=\"\" data-full-image=\"http:\/\/targowiska.tarnow.pl\/wp-content\/uploads\/2025\/06\/plac7.jpg\" data-light-image=\"http:\/\/targowiska.tarnow.pl\/wp-content\/uploads\/2025\/06\/plac7.jpg\" data-id=\"1591\" class=\"wp-image-1591\" srcset=\"http:\/\/targowiska.tarnow.pl\/wp-content\/uploads\/2025\/06\/plac7.jpg 778w, http:\/\/targowiska.tarnow.pl\/wp-content\/uploads\/2025\/06\/plac7-300x225.jpg 300w, http:\/\/targowiska.tarnow.pl\/wp-content\/uploads\/2025\/06\/plac7-768x576.jpg 768w\" sizes=\"auto, (max-width: 778px) 100vw, 778px\" \/><\/div><div class=\"kadence-blocks-gallery-item__caption\"><p>Chysz\u00f3w, plac 3<\/p>\n<\/div><\/div><\/a><\/figure><\/div><\/li><li class=\"kadence-blocks-gallery-item\"><div class=\"kadence-blocks-gallery-item-inner\"><figure class=\"kb-gallery-figure kb-gallery-item-has-link kadence-blocks-gallery-item-has-caption\"><a href=\"http:\/\/targowiska.tarnow.pl\/wp-content\/uploads\/2025\/06\/plac8.jpg\" data-description=\"Chysz\u00f3w, plac 4\n\" class=\"kb-gallery-item-link\"  ><div class=\"kb-gal-image-radius\"><div class=\"kb-gallery-image-contain kadence-blocks-gallery-intrinsic kb-gallery-image-ratio-land32 kb-has-image-ratio-land32\" ><img loading=\"lazy\" decoding=\"async\" src=\"http:\/\/targowiska.tarnow.pl\/wp-content\/uploads\/2025\/06\/plac8.jpg\" width=\"778\" height=\"584\" alt=\"\" data-full-image=\"http:\/\/targowiska.tarnow.pl\/wp-content\/uploads\/2025\/06\/plac8.jpg\" data-light-image=\"http:\/\/targowiska.tarnow.pl\/wp-content\/uploads\/2025\/06\/plac8.jpg\" data-id=\"1592\" class=\"wp-image-1592\" srcset=\"http:\/\/targowiska.tarnow.pl\/wp-content\/uploads\/2025\/06\/plac8.jpg 778w, http:\/\/targowiska.tarnow.pl\/wp-content\/uploads\/2025\/06\/plac8-300x225.jpg 300w, http:\/\/targowiska.tarnow.pl\/wp-content\/uploads\/2025\/06\/plac8-768x576.jpg 768w\" sizes=\"auto, (max-width: 778px) 100vw, 778px\" \/><\/div><div class=\"kadence-blocks-gallery-item__caption\"><p>Chysz\u00f3w, plac 4<\/p>\n<\/div><\/div><\/a><\/figure><\/div><\/li><li class=\"kadence-blocks-gallery-item\"><div class=\"kadence-blocks-gallery-item-inner\"><figure class=\"kb-gallery-figure kb-gallery-item-has-link kadence-blocks-gallery-item-has-caption\"><a href=\"http:\/\/targowiska.tarnow.pl\/wp-content\/uploads\/2025\/06\/plac9.jpg\" data-description=\"Chysz\u00f3w, plac 5\n\" class=\"kb-gallery-item-link\"  ><div class=\"kb-gal-image-radius\"><div class=\"kb-gallery-image-contain kadence-blocks-gallery-intrinsic kb-gallery-image-ratio-land32 kb-has-image-ratio-land32\" ><img loading=\"lazy\" decoding=\"async\" src=\"http:\/\/targowiska.tarnow.pl\/wp-content\/uploads\/2025\/06\/plac9.jpg\" width=\"778\" height=\"584\" alt=\"\" data-full-image=\"http:\/\/targowiska.tarnow.pl\/wp-content\/uploads\/2025\/06\/plac9.jpg\" data-light-image=\"http:\/\/targowiska.tarnow.pl\/wp-content\/uploads\/2025\/06\/plac9.jpg\" data-id=\"1593\" class=\"wp-image-1593\" srcset=\"http:\/\/targowiska.tarnow.pl\/wp-content\/uploads\/2025\/06\/plac9.jpg 778w, http:\/\/targowiska.tarnow.pl\/wp-content\/uploads\/2025\/06\/plac9-300x225.jpg 300w, http:\/\/targowiska.tarnow.pl\/wp-content\/uploads\/2025\/06\/plac9-768x576.jpg 768w\" sizes=\"auto, (max-width: 778px) 100vw, 778px\" \/><\/div><div class=\"kadence-blocks-gallery-item__caption\"><p>Chysz\u00f3w, plac 5<\/p>\n<\/div><\/div><\/a><\/figure><\/div><\/li><li class=\"kadence-blocks-gallery-item\"><div class=\"kadence-blocks-gallery-item-inner\"><figure class=\"kb-gallery-figure kb-gallery-item-has-link kadence-blocks-gallery-item-has-caption\"><a href=\"http:\/\/targowiska.tarnow.pl\/wp-content\/uploads\/2025\/06\/plac10.jpg\" class=\"kb-gallery-item-link\"  ><div class=\"kb-gal-image-radius\"><div class=\"kb-gallery-image-contain kadence-blocks-gallery-intrinsic kb-gallery-image-ratio-land32 kb-has-image-ratio-land32\" ><img loading=\"lazy\" decoding=\"async\" src=\"http:\/\/targowiska.tarnow.pl\/wp-content\/uploads\/2025\/06\/plac10.jpg\" width=\"778\" height=\"584\" alt=\"\" data-full-image=\"http:\/\/targowiska.tarnow.pl\/wp-content\/uploads\/2025\/06\/plac10.jpg\" data-light-image=\"http:\/\/targowiska.tarnow.pl\/wp-content\/uploads\/2025\/06\/plac10.jpg\" data-id=\"1594\" class=\"wp-image-1594\" srcset=\"http:\/\/targowiska.tarnow.pl\/wp-content\/uploads\/2025\/06\/plac10.jpg 778w, http:\/\/targowiska.tarnow.pl\/wp-content\/uploads\/2025\/06\/plac10-300x225.jpg 300w, http:\/\/targowiska.tarnow.pl\/wp-content\/uploads\/2025\/06\/plac10-768x576.jpg 768w\" sizes=\"auto, (max-width: 778px) 100vw, 778px\" \/><\/div><\/div><\/a><\/figure><\/div><\/li><li class=\"kadence-blocks-gallery-item\"><div class=\"kadence-blocks-gallery-item-inner\"><figure class=\"kb-gallery-figure kb-gallery-item-has-link kadence-blocks-gallery-item-has-caption\"><a href=\"http:\/\/targowiska.tarnow.pl\/wp-content\/uploads\/2025\/06\/parking1.jpg\" data-description=\"Chysz\u00f3w, parking 1\n\" class=\"kb-gallery-item-link\"  ><div class=\"kb-gal-image-radius\"><div class=\"kb-gallery-image-contain kadence-blocks-gallery-intrinsic kb-gallery-image-ratio-land32 kb-has-image-ratio-land32\" ><img loading=\"lazy\" decoding=\"async\" src=\"http:\/\/targowiska.tarnow.pl\/wp-content\/uploads\/2025\/06\/parking1.jpg\" width=\"778\" height=\"584\" alt=\"\" data-full-image=\"http:\/\/targowiska.tarnow.pl\/wp-content\/uploads\/2025\/06\/parking1.jpg\" data-light-image=\"http:\/\/targowiska.tarnow.pl\/wp-content\/uploads\/2025\/06\/parking1.jpg\" data-id=\"1584\" class=\"wp-image-1584\" srcset=\"http:\/\/targowiska.tarnow.pl\/wp-content\/uploads\/2025\/06\/parking1.jpg 778w, http:\/\/targowiska.tarnow.pl\/wp-content\/uploads\/2025\/06\/parking1-300x225.jpg 300w, http:\/\/targowiska.tarnow.pl\/wp-content\/uploads\/2025\/06\/parking1-768x576.jpg 768w\" sizes=\"auto, (max-width: 778px) 100vw, 778px\" \/><\/div><div class=\"kadence-blocks-gallery-item__caption\"><p>Chysz\u00f3w, parking 1<\/p>\n<\/div><\/div><\/a><\/figure><\/div><\/li><li class=\"kadence-blocks-gallery-item\"><div class=\"kadence-blocks-gallery-item-inner\"><figure class=\"kb-gallery-figure kb-gallery-item-has-link kadence-blocks-gallery-item-has-caption\"><a href=\"http:\/\/targowiska.tarnow.pl\/wp-content\/uploads\/2025\/06\/parking2.jpg\" data-description=\"Chysz\u00f3w, parking 2\n\" class=\"kb-gallery-item-link\"  ><div class=\"kb-gal-image-radius\"><div class=\"kb-gallery-image-contain kadence-blocks-gallery-intrinsic kb-gallery-image-ratio-land32 kb-has-image-ratio-land32\" ><img loading=\"lazy\" decoding=\"async\" src=\"http:\/\/targowiska.tarnow.pl\/wp-content\/uploads\/2025\/06\/parking2.jpg\" width=\"778\" height=\"584\" alt=\"\" data-full-image=\"http:\/\/targowiska.tarnow.pl\/wp-content\/uploads\/2025\/06\/parking2.jpg\" data-light-image=\"http:\/\/targowiska.tarnow.pl\/wp-content\/uploads\/2025\/06\/parking2.jpg\" data-id=\"1585\" class=\"wp-image-1585\" srcset=\"http:\/\/targowiska.tarnow.pl\/wp-content\/uploads\/2025\/06\/parking2.jpg 778w, http:\/\/targowiska.tarnow.pl\/wp-content\/uploads\/2025\/06\/parking2-300x225.jpg 300w, http:\/\/targowiska.tarnow.pl\/wp-content\/uploads\/2025\/06\/parking2-768x576.jpg 768w\" sizes=\"auto, (max-width: 778px) 100vw, 778px\" \/><\/div><div class=\"kadence-blocks-gallery-item__caption\"><p>Chysz\u00f3w, parking 2<\/p>\n<\/div><\/div><\/a><\/figure><\/div><\/li><\/ul><\/div>","protected":false},"excerpt":{"rendered":"","protected":false},"author":1,"featured_media":0,"parent":0,"menu_order":0,"comment_status":"closed","ping_status":"closed","template":"","meta":{"_kad_post_transparent":"","_kad_post_title":"","_kad_post_layout":"","_kad_post_sidebar_id":"","_kad_post_content_style":"","_kad_post_vertical_padding":"","_kad_post_feature":"","_kad_post_feature_position":"","_kad_post_header":false,"_kad_post_footer":false,"_kad_post_classname":"","footnotes":""},"class_list":["post-1581","page","type-page","status-publish","hentry"],"_links":{"self":[{"href":"http:\/\/targowiska.tarnow.pl\/index.php?rest_route=\/wp\/v2\/pages\/1581","targetHints":{"allow":["GET"]}}],"collection":[{"href":"http:\/\/targowiska.tarnow.pl\/index.php?rest_route=\/wp\/v2\/pages"}],"about":[{"href":"http:\/\/targowiska.tarnow.pl\/index.php?rest_route=\/wp\/v2\/types\/page"}],"author":[{"embeddable":true,"href":"http:\/\/targowiska.tarnow.pl\/index.php?rest_route=\/wp\/v2\/users\/1"}],"replies":[{"embeddable":true,"href":"http:\/\/targowiska.tarnow.pl\/index.php?rest_route=%2Fwp%2Fv2%2Fcomments&post=1581"}],"version-history":[{"count":0,"href":"http:\/\/targowiska.tarnow.pl\/index.php?rest_route=\/wp\/v2\/pages\/1581\/revisions"}],"wp:attachment":[{"href":"http:\/\/targowiska.tarnow.pl\/index.php?rest_route=%2Fwp%2Fv2%2Fmedia&parent=1581"}],"curies":[{"name":"wp","href":"https:\/\/api.w.org\/{rel}","templated":true}]}}