{"id":1597,"date":"2025-06-03T09:21:45","date_gmt":"2025-06-03T07:21:45","guid":{"rendered":"http:\/\/dev.targowiska.tarnow.pl\/?page_id=1597"},"modified":"2025-06-03T09:21:45","modified_gmt":"2025-06-03T07:21:45","slug":"plac-chyszow-gotowy","status":"publish","type":"page","link":"http:\/\/targowiska.tarnow.pl\/?page_id=1597","title":{"rendered":"Plac Chysz\u00f3w gotowy!"},"content":{"rendered":"\n<p>Jest tam 650 stanowisk handlowych na placu, pawilon na 11 sklepik\u00f3w i gastronomi\u0119 oraz osobny budynek socjalny z sanitariatami przystosowanymi dla os\u00f3b niepe\u0142nosprawnych. Jako, \u017ce niekt\u00f3rzy handlowcy zajm\u0105 dwa miejsca, Targowiska Miejskie licz\u0105, \u017ce w pi\u0105tki i niedziele na nowym, najwi\u0119kszym placu targowym w Tarnowie \u2013 Placu Chysz\u00f3w b\u0119dzie 350-400 sprzedawc\u00f3w! Tylu ju\u017c zadeklarowa\u0142o swoj\u0105 sta\u0142\u0105 obecno\u015b\u0107.<br><br>Inwestycja jest uko\u0144czona. 20 lutego na Plac Targowy Chysz\u00f3w przeniesiony zostaje handel z dotychczasowego miejsca \u2013 Placu Targowica, czyli popularnej \u201eKap\u0142an\u00f3wki\u201d, przy Matki Bo\u017cej Fatimskiej. Zar\u00f3wno z kupcami, jak i klientami przeprowadzone by\u0142y liczne konsultacje i rozmowy. \u2013 Praktycznie sto procent handlarzy zdecydowa\u0142o si\u0119 na handel w nowym miejscu \u2013 m\u00f3wi Jacek Chrobak, dyrektor targowisk Miejskich w Tarnowie. \u2013 Ma\u0142o tego, 120-stu nowych sprzedawc\u00f3w chce handlowa\u0107 na Placu Chysz\u00f3w.<br><br>Na handlarzy na Chyszowie przy ulicy Gie\u0142dowej czeka nowy, estetyczny, wybrukowany plac o powierzchni 1,5 hektara. Na placu b\u0119dzie 650 stanowisk o powierzchni 9 metr\u00f3w kwadratowych, budynek z 10 pawilonikami handlowymi o powierzchni 22 metr\u00f3w kwadratowych i jednym czterdziestometrowym.<br><br>Tu\u017c obok g\u0142\u00f3wnego placu handlowego znajduje si\u0119 parking z utwardzon\u0105 nawierzchni\u0105 o powierzchni 1,2 hektara. Zmie\u015bci si\u0119 tu spokojnie pond 400 samochod\u00f3w.<br><br>Zar\u00f3wno dla handlarzy, jak i kupuj\u0105cych istotne jest, \u017ce tu\u017c obok Placu Chysz\u00f3w zlokalizowane s\u0105 sklepy, hurtownie, magazyny i gie\u0142dy owocowo-warzywne. Zatem teren dobrze ju\u017c rozwini\u0119ty, znany klientom i o tradycjach handlu. A na samym Placu Chysz\u00f3w od grudnia ubieg\u0142ego roku co sobot\u0119 odbywa si\u0119 gie\u0142da samochodowa.<br><br>Ramka<br>Liczby Placu Targowego Chysz\u00f3w<br>650 \u2013 tyle jest stanowisk na placu<br>9 \u2013 tyle metr\u00f3w kwadratowych ma jedno stanowisko<br>400 \u2013 mniej wi\u0119cej tylu sprzedawc\u00f3w b\u0119dzie tu handlowa\u0107<br>10 \u2013 tyle jest sklepik\u00f3w w pawilonie handlowym<br>1 \u2013 stoisko gastronomiczne pawilonie handlowym<br>1 \u2013 budynek socjalny z sanitariatami<br>1,5 hektara \u2013 tyle liczy powierzchnia Placu<br>1,2 hektara \u2013 to powierzchnia parkingu<\/p>\n","protected":false},"excerpt":{"rendered":"<p>Jest tam 650 stanowisk handlowych na placu, pawilon na 11 sklepik\u00f3w i gastronomi\u0119 oraz osobny budynek socjalny z sanitariatami przystosowanymi dla os\u00f3b niepe\u0142nosprawnych. Jako, \u017ce niekt\u00f3rzy handlowcy zajm\u0105 dwa miejsca, Targowiska Miejskie licz\u0105, \u017ce w pi\u0105tki i niedziele na nowym, najwi\u0119kszym placu targowym w Tarnowie \u2013 Placu Chysz\u00f3w b\u0119dzie 350-400 sprzedawc\u00f3w! Tylu ju\u017c zadeklarowa\u0142o swoj\u0105&#8230;<\/p>\n","protected":false},"author":1,"featured_media":0,"parent":0,"menu_order":0,"comment_status":"closed","ping_status":"closed","template":"","meta":{"_kad_post_transparent":"","_kad_post_title":"","_kad_post_layout":"","_kad_post_sidebar_id":"","_kad_post_content_style":"","_kad_post_vertical_padding":"","_kad_post_feature":"","_kad_post_feature_position":"","_kad_post_header":false,"_kad_post_footer":false,"_kad_post_classname":"","footnotes":""},"class_list":["post-1597","page","type-page","status-publish","hentry"],"_links":{"self":[{"href":"http:\/\/targowiska.tarnow.pl\/index.php?rest_route=\/wp\/v2\/pages\/1597","targetHints":{"allow":["GET"]}}],"collection":[{"href":"http:\/\/targowiska.tarnow.pl\/index.php?rest_route=\/wp\/v2\/pages"}],"about":[{"href":"http:\/\/targowiska.tarnow.pl\/index.php?rest_route=\/wp\/v2\/types\/page"}],"author":[{"embeddable":true,"href":"http:\/\/targowiska.tarnow.pl\/index.php?rest_route=\/wp\/v2\/users\/1"}],"replies":[{"embeddable":true,"href":"http:\/\/targowiska.tarnow.pl\/index.php?rest_route=%2Fwp%2Fv2%2Fcomments&post=1597"}],"version-history":[{"count":0,"href":"http:\/\/targowiska.tarnow.pl\/index.php?rest_route=\/wp\/v2\/pages\/1597\/revisions"}],"wp:attachment":[{"href":"http:\/\/targowiska.tarnow.pl\/index.php?rest_route=%2Fwp%2Fv2%2Fmedia&parent=1597"}],"curies":[{"name":"wp","href":"https:\/\/api.w.org\/{rel}","templated":true}]}}