{"id":1605,"date":"2025-06-03T09:31:23","date_gmt":"2025-06-03T07:31:23","guid":{"rendered":"http:\/\/dev.targowiska.tarnow.pl\/?page_id=1605"},"modified":"2025-08-15T21:48:41","modified_gmt":"2025-08-15T19:48:41","slug":"parkowanie-za-pomoca-telefonu-komorkowego","status":"publish","type":"page","link":"http:\/\/targowiska.tarnow.pl\/?page_id=1605","title":{"rendered":"Parkowanie za pomoc\u0105 telefonu kom\u00f3rkowego"},"content":{"rendered":"\n<p><strong>Zap\u0142a\u0107 wygodnie za parking w strefie p\u0142atnego parkowania w Tarnowie jedn\u0105&nbsp; z ponizszych aplikacji mobilnych:<\/strong><\/p>\n\n\n\n<p><strong>AnyPark<\/strong>\u00a0(dawniej PANGO) &#8211; wi\u0119cej na stronie <strong><a href=\"https:\/\/anypark.pl\/\">anypark.pl<\/a><\/strong><br><strong>ePARK &#8211;\u00a0<\/strong>wiecej na stronie<strong> <a href=\"https:\/\/electronicparking.pl\/\">electronikparking.pl<\/a><\/strong><br><strong>flowbird &#8211;<\/strong>\u00a0wiecej na stronie<strong>\u00a0<a href=\"https:\/\/flowbird.pl\/\">flowbird.pl<\/a><\/strong><br><strong>mobilet &#8211;\u00a0<\/strong>wi\u0119cej na stronie<strong>\u00a0<a href=\"https:\/\/mobilet.eu\/pl\/\">mobilet.eu<\/a><\/strong><br><strong>skycash &#8211;\u00a0<\/strong>wi\u0119cej na stronie<strong>\u00a0<a href=\"https:\/\/skycash.com\/\">skycash.com<\/a><\/strong><\/p>\n\n\n\n<p><\/p>\n","protected":false},"excerpt":{"rendered":"<p>Zap\u0142a\u0107 wygodnie za parking w strefie p\u0142atnego parkowania w Tarnowie jedn\u0105&nbsp; z ponizszych aplikacji mobilnych: AnyPark\u00a0(dawniej PANGO) &#8211; wi\u0119cej na stronie anypark.plePARK &#8211;\u00a0wiecej na stronie electronikparking.plflowbird &#8211;\u00a0wiecej na stronie\u00a0flowbird.plmobilet &#8211;\u00a0wi\u0119cej na stronie\u00a0mobilet.euskycash &#8211;\u00a0wi\u0119cej na stronie\u00a0skycash.com<\/p>\n","protected":false},"author":1,"featured_media":0,"parent":0,"menu_order":0,"comment_status":"closed","ping_status":"closed","template":"","meta":{"_kad_post_transparent":"","_kad_post_title":"","_kad_post_layout":"","_kad_post_sidebar_id":"","_kad_post_content_style":"","_kad_post_vertical_padding":"","_kad_post_feature":"","_kad_post_feature_position":"","_kad_post_header":false,"_kad_post_footer":false,"_kad_post_classname":"","footnotes":""},"class_list":["post-1605","page","type-page","status-publish","hentry"],"_links":{"self":[{"href":"http:\/\/targowiska.tarnow.pl\/index.php?rest_route=\/wp\/v2\/pages\/1605","targetHints":{"allow":["GET"]}}],"collection":[{"href":"http:\/\/targowiska.tarnow.pl\/index.php?rest_route=\/wp\/v2\/pages"}],"about":[{"href":"http:\/\/targowiska.tarnow.pl\/index.php?rest_route=\/wp\/v2\/types\/page"}],"author":[{"embeddable":true,"href":"http:\/\/targowiska.tarnow.pl\/index.php?rest_route=\/wp\/v2\/users\/1"}],"replies":[{"embeddable":true,"href":"http:\/\/targowiska.tarnow.pl\/index.php?rest_route=%2Fwp%2Fv2%2Fcomments&post=1605"}],"version-history":[{"count":0,"href":"http:\/\/targowiska.tarnow.pl\/index.php?rest_route=\/wp\/v2\/pages\/1605\/revisions"}],"wp:attachment":[{"href":"http:\/\/targowiska.tarnow.pl\/index.php?rest_route=%2Fwp%2Fv2%2Fmedia&parent=1605"}],"curies":[{"name":"wp","href":"https:\/\/api.w.org\/{rel}","templated":true}]}}