{"id":1607,"date":"2025-06-03T09:31:49","date_gmt":"2025-06-03T07:31:49","guid":{"rendered":"http:\/\/dev.targowiska.tarnow.pl\/?page_id=1607"},"modified":"2025-06-11T18:05:30","modified_gmt":"2025-06-11T16:05:30","slug":"informacje-podstawowe","status":"publish","type":"page","link":"http:\/\/targowiska.tarnow.pl\/?page_id=1607","title":{"rendered":"Informacje Podstawowe"},"content":{"rendered":"\n<p><strong>Strefa P\u0142atnego Parkowania w Tarnowie<\/strong>:<\/p>\n\n\n<style>.kt-svg-icons1607_400c2e-6a .kt-svg-item-0 .kb-svg-icon-wrap{color:var(--global-palette4, #2D3748);font-size:50px;}.wp-block-kadence-icon.kt-svg-icons1607_400c2e-6a{justify-content:center;}<\/style>\n<div class=\"wp-block-kadence-icon kt-svg-icons kt-svg-icons1607_400c2e-6a alignleft\"><style>.kt-svg-item-1607_91b578-c0 .kb-svg-icon-wrap, .kt-svg-style-stacked.kt-svg-item-1607_91b578-c0 .kb-svg-icon-wrap{font-size:40px;}<\/style>\n<div class=\"wp-block-kadence-single-icon kt-svg-style-default kt-svg-icon-wrap kt-svg-item-1607_91b578-c0\"><span class=\"kb-svg-icon-wrap kb-svg-icon-fe_home\"><svg viewBox=\"0 0 24 24\"  fill=\"none\" stroke=\"currentColor\" stroke-width=\"2\" stroke-linecap=\"round\" stroke-linejoin=\"round\" xmlns=\"http:\/\/www.w3.org\/2000\/svg\"  aria-hidden=\"true\"><path d=\"M3 9l9-7 9 7v11a2 2 0 0 1-2 2H5a2 2 0 0 1-2-2z\"\/><polyline points=\"9 22 9 12 15 12 15 22\"\/><\/svg><\/span><\/div>\n<\/div>\n\n\n\n<p>ul. N. M. Panny 3, 33-100 Tarn\u00f3w<\/p>\n\n\n<style>.kt-svg-icons1607_c4012a-52 .kt-svg-item-0 .kb-svg-icon-wrap{color:var(--global-palette4, #2D3748);font-size:50px;}.wp-block-kadence-icon.kt-svg-icons1607_c4012a-52{justify-content:center;}<\/style>\n<div class=\"wp-block-kadence-icon kt-svg-icons kt-svg-icons1607_c4012a-52 alignleft\"><style>.kt-svg-item-1607_4bb407-9b .kb-svg-icon-wrap, .kt-svg-style-stacked.kt-svg-item-1607_4bb407-9b .kb-svg-icon-wrap{font-size:40px;}<\/style>\n<div class=\"wp-block-kadence-single-icon kt-svg-style-default kt-svg-icon-wrap kt-svg-item-1607_4bb407-9b\"><span class=\"kb-svg-icon-wrap kb-svg-icon-fe_phone\"><svg viewBox=\"0 0 24 24\"  fill=\"none\" stroke=\"currentColor\" stroke-width=\"2\" stroke-linecap=\"round\" stroke-linejoin=\"round\" xmlns=\"http:\/\/www.w3.org\/2000\/svg\"  aria-hidden=\"true\"><path d=\"M22 16.92v3a2 2 0 0 1-2.18 2 19.79 19.79 0 0 1-8.63-3.07 19.5 19.5 0 0 1-6-6 19.79 19.79 0 0 1-3.07-8.67A2 2 0 0 1 4.11 2h3a2 2 0 0 1 2 1.72 12.84 12.84 0 0 0 .7 2.81 2 2 0 0 1-.45 2.11L8.09 9.91a16 16 0 0 0 6 6l1.27-1.27a2 2 0 0 1 2.11-.45 12.84 12.84 0 0 0 2.81.7A2 2 0 0 1 22 16.92z\"\/><\/svg><\/span><\/div>\n<\/div>\n\n\n\n<p>tel.: 14 656 45 05, wew. 35<\/p>\n\n\n\n<p>Strefa P\u0142atnego Parkowania w Tarnowie obejmuje obszar centrum miasta o znacznym deficycie miejsc postojowych. Strefa oznakowana jest znakami D-44 i D-45 oznaczaj\u0105cymi odpowiednio wjazd do Strefy P\u0142atnego Parkowania i wyjazd ze Strefy P\u0142atnego Parkowania.<br><br>Op\u0142aty za parkowanie pojazd\u00f3w samochodowych na drogach publicznych w SPP pobiera sie w&nbsp;<strong>dni powszednie od<\/strong><strong>&nbsp;poniedzia\u0142ku do pi\u0105tku w godzinach od 8:00 do 18:00<\/strong>.<\/p>\n\n\n\n<p>Op\u0142at\u0119 za parkowanie w strefie p\u0142atnego parkowania w Tarnowie mo\u017cna wnie\u015b\u0107 poprzez:<\/p>\n\n\n\n<ul class=\"wp-block-list\">\n<li>uiszczenie op\u0142aty w parkomacie; <\/li>\n\n\n\n<li>system p\u0142atno\u015bci mobilnych &#8211; po uprzednim zarejestrowaniu si\u0119 w systemie &#8222;AnyPark dawniej PANGO&#8221;,\u00a0 &#8222;e-PARK&#8221;, &#8222;flowbird&#8221;, &#8222;mobilet&#8221; oraz &#8222;SkyCash<strong>&#8222;.<\/strong><\/li>\n\n\n\n<li>zakup abonamentu.<\/li>\n<\/ul>\n\n\n\n<p>Rachunek bankowy Targowisk Miejskich Gminy Miasta Tarnowa w Banku&nbsp;<strong>PKO BP S.A.<\/strong>&nbsp;nr:&nbsp;<strong>49 1020 2892 0000 5902 0766 0774 &#8211;&nbsp;<\/strong>wy\u0142acznie dla Organ\u00f3w Egzekucyjnych, kt\u00f3re przekazuja nale\u017cno\u015bci z wyegzekwowanych tytu\u0142\u00f3w wykonawczych wystawionych przez Prezydenta Miasta Tarnowa.<\/p>\n","protected":false},"excerpt":{"rendered":"<p>Strefa P\u0142atnego Parkowania w Tarnowie: ul. N. M. Panny 3, 33-100 Tarn\u00f3w tel.: 14 656 45 05, wew. 35 Strefa P\u0142atnego Parkowania w Tarnowie obejmuje obszar centrum miasta o znacznym deficycie miejsc postojowych. Strefa oznakowana jest znakami D-44 i D-45 oznaczaj\u0105cymi odpowiednio wjazd do Strefy P\u0142atnego Parkowania i wyjazd ze Strefy P\u0142atnego Parkowania. Op\u0142aty za&#8230;<\/p>\n","protected":false},"author":1,"featured_media":0,"parent":0,"menu_order":0,"comment_status":"closed","ping_status":"closed","template":"","meta":{"_kad_post_transparent":"","_kad_post_title":"","_kad_post_layout":"","_kad_post_sidebar_id":"","_kad_post_content_style":"","_kad_post_vertical_padding":"","_kad_post_feature":"","_kad_post_feature_position":"","_kad_post_header":false,"_kad_post_footer":false,"_kad_post_classname":"","footnotes":""},"class_list":["post-1607","page","type-page","status-publish","hentry"],"_links":{"self":[{"href":"http:\/\/targowiska.tarnow.pl\/index.php?rest_route=\/wp\/v2\/pages\/1607","targetHints":{"allow":["GET"]}}],"collection":[{"href":"http:\/\/targowiska.tarnow.pl\/index.php?rest_route=\/wp\/v2\/pages"}],"about":[{"href":"http:\/\/targowiska.tarnow.pl\/index.php?rest_route=\/wp\/v2\/types\/page"}],"author":[{"embeddable":true,"href":"http:\/\/targowiska.tarnow.pl\/index.php?rest_route=\/wp\/v2\/users\/1"}],"replies":[{"embeddable":true,"href":"http:\/\/targowiska.tarnow.pl\/index.php?rest_route=%2Fwp%2Fv2%2Fcomments&post=1607"}],"version-history":[{"count":0,"href":"http:\/\/targowiska.tarnow.pl\/index.php?rest_route=\/wp\/v2\/pages\/1607\/revisions"}],"wp:attachment":[{"href":"http:\/\/targowiska.tarnow.pl\/index.php?rest_route=%2Fwp%2Fv2%2Fmedia&parent=1607"}],"curies":[{"name":"wp","href":"https:\/\/api.w.org\/{rel}","templated":true}]}}