{"id":1611,"date":"2025-06-03T09:35:47","date_gmt":"2025-06-03T07:35:47","guid":{"rendered":"http:\/\/dev.targowiska.tarnow.pl\/?page_id=1611"},"modified":"2026-03-10T13:10:55","modified_gmt":"2026-03-10T12:10:55","slug":"podstawy-prawne-strefa","status":"publish","type":"page","link":"http:\/\/targowiska.tarnow.pl\/?page_id=1611","title":{"rendered":"Podstawy Prawne &#8211; Strefa p\u0142atnego parkowania"},"content":{"rendered":"\n<p>Op\u0142aty za parkowanie w strefie p\u0142atnego parkowania&nbsp; pobierane s\u0105 na podstawie:<\/p>\n\n\n\n<p><strong>1.<\/strong>&nbsp;<em><a href=\"https:\/\/isap.sejm.gov.pl\/isap.nsf\/download.xsp\/WDU20210001376\/U\/D20211376Lj.pdf\">Ustawy z dnia 21 marca 1985 r. o drogach publicznych (t.j. Dz.U. z 2021 r., poz. 1376 z p\u00f3\u017a\u0144. zm.).<\/a><\/em><\/p>\n\n\n\n<p><strong>2.<\/strong><em> <a href=\"https:\/\/edziennik.malopolska.uw.gov.pl\/eli\/POL_WOJ_MP\/2012\/2491\/ogl\/pol\/pdf\">Uchwa\u0142y NR XXII\/304\/2012 Rady Miejskiej w Tarnowie z dnia 26 kwietnia 20212 r.&nbsp; zmieniajaca uchwa\u0142\u0119 zmieniajac\u0105 uchwa\u0142\u0119 w sprawie utworzenia jednostki organizacyjnej Gminy Miasta Tarnowa &#8222;Targowiska Miejskie&#8221; (Dz. Urz\u0119d. Woj. Ma\u0142op. 2012.2491).<\/a><\/em><\/p>\n\n\n\n<p><em>oraz<\/em><\/p>\n\n\n\n<p><strong>3.<\/strong>&nbsp;<em><a href=\"https:\/\/edziennik.malopolska.uw.gov.pl\/WDU_K\/2019\/5627\/akt.pdf\">Uchwa\u0142y Nr XIII\/162\/2019 Rady Miejskiej w Tarnowie z dnia 11 lipca 2019 r. w sprawie ustalenia strefy p\u0142atnego parkowania pojazd\u00f3w samochodowych na drogach publicznych w Tarnowie oraz wysoko\u015bci op\u0142at za parkowanie pojazd\u00f3w w tej strefie i sposobu ich pobierania (Dz. Urzed. Woj. Ma\u0142op. 2019.5627).<\/a><\/em><\/p>\n\n\n\n<p><em>a tak\u017ce Uchwa\u0142 zmieniaj\u0105cych Uchwa\u0142\u0119 Nr XIII\/162\/2019 Rady Miejskiej w Tarnowie z dnia 11 lipca 2019 r.<\/em><\/p>\n\n\n\n<p><strong>1. <\/strong><em><a href=\"https:\/\/edziennik.malopolska.uw.gov.pl\/WDU_K\/2021\/1436\/akt.pdf\">Uchwa\u0142y Nr XLVI\/412\/2021 Rady Miejskiej w Tarnowie z dnia 25 lutego 2021 r. zmieniaj\u0105cej uchwa\u0142\u0119 w sprawie ustalenia strefy p\u0142atnego parkowania pojazd\u00f3w samochodowych na drogach publicznych w Tarnowie oraz wysoko\u015bci op\u0142at za parkowanie pojazd\u00f3w w tej strefie i sposobu ich pobierania\u00a0 ( Dz. Urz\u0119d Woj Ma\u0142op. 2021.1436).<\/a><\/em><\/p>\n\n\n\n<p><strong>2.<\/strong><em>&nbsp;<a href=\"https:\/\/edziennik.malopolska.uw.gov.pl\/eli\/POL_WOJ_MP\/2022\/2778\/ogl\/pol\/pdf\">Uchwa\u0142y Nr LXII\/614\/2022 Rady Miejskiej w Tarnowie z dnia 31 marca 2022 r. zmieniaj\u0105cej uchwa\u0142\u0119 w sprawie ustalenia strefy p\u0142atnego parkowania pojazd\u00f3w samochodowych na drogach publicznych w Tarnowie oraz wysoko\u015bci op\u0142at za parkowanie pojazd\u00f3w w tej strefie i sposobu ich pobierania&nbsp; ( Dz. Urz\u0119d Woj Ma\u0142op. 2022.2778).<\/a><\/em><\/p>\n\n\n\n<p><strong>3.<\/strong><em>&nbsp;<a href=\"https:\/\/edziennik.malopolska.uw.gov.pl\/eli\/POL_WOJ_MP\/2022\/4955\/ogl\/pol\/pdf\">Uchwa\u0142y Nr LXVII\/662\/2022 Rady Miejskiej w Tarnowie z dnia 30 czerwca 2022 r. zmieniaj\u0105cej uchwa\u0142\u0119 w sprawie ustalenia strefy p\u0142atnego parkowania pojazd\u00f3w samochodowych na drogach publicznych w Tarnowie oraz wysoko\u015bci op\u0142at za parkowanie pojazd\u00f3w w tej strefie i sposobu ich pobierania&nbsp; ( Dz. Urz\u0119d Woj Ma\u0142op. 2022.4955).<\/a><\/em><\/p>\n\n\n\n<p><strong>4.<\/strong><em>&nbsp;<a href=\"https:\/\/edziennik.malopolska.uw.gov.pl\/WDU_K\/2023\/3841\/akt.pdf\">Uchwa\u0142y Nr LXXXV\/816\/2023 Rady Miejskiej w Tarnowie z dnia 25 maja 2023 r. zmieniaj\u0105cej uchwa\u0142\u0119 w sprawie ustalenia strefy p\u0142atnego parkowania pojazd\u00f3w samochodowych na drogach publicznych w Tarnowie oraz wysoko\u015bci op\u0142at za parkowanie pojazd\u00f3w w tej strefie i sposobu ich pobierania&nbsp; ( Dz. Urz\u0119d Woj Ma\u0142op. 2023.3841).<\/a><\/em><\/p>\n\n\n\n<p><strong>5. <\/strong><em><a href=\"https:\/\/edziennik.malopolska.uw.gov.pl\/eli\/POL_WOJ_MP\/2023\/8627\/ogl\/pol\/pdf\">Uchwa\u0142y Nr XCV\/888\/2023 Rady Miejskiej w Tarnowie z dnia 30 listpoada 2023 r. zmieniaj\u0105cej\u00a0uchwa\u0142\u0119 w sprawie ustalenia strefy p\u0142atnego parkowania pojazd\u00f3w samochodowych na drogach publicznych w Tarnowie oraz wysoko\u015bci op\u0142at za parkowanie pojazd\u00f3w w tej strefie i sposobu ich pobierania\u00a0 ( Dz. Urz\u0119d Woj Ma\u0142op. 2023.8627).<\/a><\/em><\/p>\n\n\n\n<p><strong>6.<\/strong><em>&nbsp;<a href=\"https:\/\/edziennik.malopolska.uw.gov.pl\/WDU_K\/2024\/4480\/akt.pdf\">Uchwa\u0142y Nr IV\/35\/2024 Rady Miejskiej w Tarnowie z dnia 19 czerwca 2024 r. zmieniaj\u0105cej&nbsp;uchwa\u0142\u0119 w sprawie ustalenia strefy p\u0142atnego parkowania pojazd\u00f3w samochodowych na drogach publicznych w Tarnowie oraz wysoko\u015bci op\u0142at za parkowanie pojazd\u00f3w w tej strefie i sposobu ich pobierania&nbsp; ( Dz. Urz\u0119d Woj Ma\u0142op. 2024.4480).<\/a><\/em><\/p>\n\n\n\n<p><strong>7.<\/strong><em>&nbsp;<a href=\"https:\/\/edziennik.malopolska.uw.gov.pl\/WDU_K\/2024\/6923\/akt.pdf\">Uchwa\u0142y Nr IX\/83\/2024 Rady Miejskiej w Tarnowie z dnia 24 pa\u017adziernika 2024 r. zmieniaj\u0105cej&nbsp;uchwa\u0142\u0119 w sprawie ustalenia strefy p\u0142atnego parkowania pojazd\u00f3w samochodowych na drogach publicznych w Tarnowie oraz wysoko\u015bci op\u0142at za parkowanie pojazd\u00f3w w tej strefie i sposobu ich pobierania&nbsp; ( Dz. Urz\u0119d Woj Ma\u0142op. 2024.6923).<\/a><\/em><\/p>\n\n\n\n<p><strong>8.<\/strong><em>&nbsp;<a href=\"https:\/\/edziennik.malopolska.uw.gov.pl\/WDU_K\/2025\/7279\/akt.pdf\">Uchwa\u0142y Nr XXVII\/253\/2025 Rady Miejskiej w Tarnowie z dnia 27 listopada 2025 r. zmieniaj\u0105cej uchwa\u0142\u0119 w sprawie ustalenia strefy p\u0142atnego parkowania pojazd\u00f3w samochodowych na drogach publicznych w Tarnowie oraz wysoko\u015bci op\u0142at za parkowanie pojazd\u00f3w w tej strefie i sposobu ich pobierania&nbsp;(Dz. Urz\u0119d. Woj. Ma\u0142op. 2025.7279).<\/a><\/em><\/p>\n\n\n\n<p class=\"has-text-align-left\"><strong>9.<\/strong> <em><a href=\"https:\/\/edziennik.malopolska.uw.gov.pl\/WDU_K\/2026\/1287\/akt.pdf\">Uchwa\u0142y Nr XXXII\/303\/2026 Rady Miejskiej w Tarnowie z dnia 26 lutego 2026 r. zmieniaj\u0105cej uchwa\u0142\u0119 w sprawie ustalenia strefy p\u0142atnego parkowania pojazd\u00f3w samochodowych na drogach publicznych w Tarnowie oraz wysoko\u015bci op\u0142at za parkowanie pojazd\u00f3w w tej strefie <br>i sposobu ich pobierania (Dz. Urz\u0119d. Woj. Ma\u0142op. 1287.2026).<\/a><\/em><\/p>\n\n\n\n<p>Uchwa\u0142y Rady Miejskiej w Tarnowie dost\u0119pne s\u0105 w Dzienniku Urz\u0119dowym Wojew\u00f3dztwa Ma\u0142opolskiego.<\/p>\n\n\n\n<p><\/p>\n","protected":false},"excerpt":{"rendered":"<p>Op\u0142aty za parkowanie w strefie p\u0142atnego parkowania&nbsp; pobierane s\u0105 na podstawie: 1.&nbsp;Ustawy z dnia 21 marca 1985 r. o drogach publicznych (t.j. Dz.U. z 2021 r., poz. 1376 z p\u00f3\u017a\u0144. zm.). 2. Uchwa\u0142y NR XXII\/304\/2012 Rady Miejskiej w Tarnowie z dnia 26 kwietnia 20212 r.&nbsp; zmieniajaca uchwa\u0142\u0119 zmieniajac\u0105 uchwa\u0142\u0119 w sprawie utworzenia jednostki organizacyjnej Gminy&#8230;<\/p>\n","protected":false},"author":1,"featured_media":0,"parent":0,"menu_order":0,"comment_status":"closed","ping_status":"closed","template":"","meta":{"_kad_post_transparent":"","_kad_post_title":"","_kad_post_layout":"","_kad_post_sidebar_id":"","_kad_post_content_style":"","_kad_post_vertical_padding":"","_kad_post_feature":"","_kad_post_feature_position":"","_kad_post_header":false,"_kad_post_footer":false,"_kad_post_classname":"","footnotes":""},"class_list":["post-1611","page","type-page","status-publish","hentry"],"_links":{"self":[{"href":"http:\/\/targowiska.tarnow.pl\/index.php?rest_route=\/wp\/v2\/pages\/1611","targetHints":{"allow":["GET"]}}],"collection":[{"href":"http:\/\/targowiska.tarnow.pl\/index.php?rest_route=\/wp\/v2\/pages"}],"about":[{"href":"http:\/\/targowiska.tarnow.pl\/index.php?rest_route=\/wp\/v2\/types\/page"}],"author":[{"embeddable":true,"href":"http:\/\/targowiska.tarnow.pl\/index.php?rest_route=\/wp\/v2\/users\/1"}],"replies":[{"embeddable":true,"href":"http:\/\/targowiska.tarnow.pl\/index.php?rest_route=%2Fwp%2Fv2%2Fcomments&post=1611"}],"version-history":[{"count":5,"href":"http:\/\/targowiska.tarnow.pl\/index.php?rest_route=\/wp\/v2\/pages\/1611\/revisions"}],"predecessor-version":[{"id":1895,"href":"http:\/\/targowiska.tarnow.pl\/index.php?rest_route=\/wp\/v2\/pages\/1611\/revisions\/1895"}],"wp:attachment":[{"href":"http:\/\/targowiska.tarnow.pl\/index.php?rest_route=%2Fwp%2Fv2%2Fmedia&parent=1611"}],"curies":[{"name":"wp","href":"https:\/\/api.w.org\/{rel}","templated":true}]}}