{"id":1615,"date":"2025-06-03T09:43:35","date_gmt":"2025-06-03T07:43:35","guid":{"rendered":"http:\/\/dev.targowiska.tarnow.pl\/?page_id=1615"},"modified":"2025-12-31T09:51:13","modified_gmt":"2025-12-31T08:51:13","slug":"abonamenty","status":"publish","type":"page","link":"http:\/\/targowiska.tarnow.pl\/?page_id=1615","title":{"rendered":"Abonamenty"},"content":{"rendered":"\n<p>Ustala si\u0119 nast\u0119puj\u0105ce typy abonament\u00f3w:<\/p>\n\n\n\n<ol class=\"wp-block-list\">\n<li><strong>abonament typu &#8222;M&#8221;<\/strong> &#8211; uprawniaj\u0105cy do postoju wy\u0142\u0105cznie na dw\u00f3ch ulicach s\u0105siaduj\u0105cych z miejscem zameldowania jego posiadacza; abonament wystawiany jest wy\u0142\u0105cznie osobom fizycznym zameldowanym w lokalach mieszkalnych lub budynkach mieszkalnych po\u0142o\u017conych przy ulicach zlokalizowanych w obszarze SPP na posiadane przez nie pojazdy, w ilo\u015bci jeden abonament na dany pojazd, jednak nie wi\u0119cej ni\u017c dwa abonamenty na jednego mieszka\u0144ca; abonament wydawany jest osobom zameldowanym na pobyt sta\u0142y albo osobom zameldowanym na pobyt czasowy, o ile osoba ta posiada r\u00f3wnocze\u015bnie aktywn\u0105 Tarnowsk\u0105 Kart\u0119 Miejsk\u0105 PREMIUM; abonament wydawany jest na podstawie:\n<ul class=\"wp-block-list\">\n<li>dowodu osobistego, prawa jazdy lub paszportu,<\/li>\n\n\n\n<li>dowodu rejestracyjnego, z kt\u00f3rego wynika potwierdzenie w\u0142asno\u015bci pojazdu lub dokumentu, z kt\u00f3rego wynika posiadanie pojazdu na podstawie umowy leasingu, umowy najmu powy\u017cej 12 miesi\u0119cy, umowy kredytu na zakup samochodu lub umowy u\u017cyczenia zawartej przez mieszka\u0144ca ze swoim pracodawc\u0105; fakt zatrudnienia u danego pracodawcy winien by\u0107  potwierdzony stosownym za\u015bwiadczeniem Zak\u0142adu Ubezpiecze\u0144 Spo\u0142ecznych;<\/li>\n<\/ul>\n<\/li>\n<\/ol>\n\n\n\n<p>Abonament typu &#8222;M&#8221; mo\u017ce by\u0107 wydany r\u00f3wnie\u017c osobom fizycznym b\u0119d\u0105cym wsp\u00f3lnikami sp\u00f3\u0142ek jawnych albo komandytowych, o ile osoby te spe\u0142niaj\u0105 wskazane powy\u017cej warunki dotycz\u0105ce zameldowania oraz posiadania aktywnej Tarnowskiej Karty Miejskiej PREMIUM; osobom takim abonament jest wydawany w ilo\u015bci jeden abonament na jednego mieszka\u0144ca b\u0119d\u0105cego wsp\u00f3lnikiem sp\u00f3\u0142ki jawnej albo komandytowej na podstawie dokument\u00f3w wskazanych powy\u017cej z tym, ze z dowodu rejestracyjnego lub innego dokumentu musi wynika\u0107, \u017ce sp\u00f3\u0142ka jawna albo komandytowa (kt\u00f3rej wsp\u00f3lnikiem jest osoba ubiegaj\u0105ca si\u0119 o wydanie abonamentu) jest w\u0142a\u015bcicielem danego pojazdu lub \u017ce posiada ona pojazd na podstawie umowy leasingu lub umowy kredytu na zakup samochodu.<\/p>\n\n\n\n<ol start=\"2\" class=\"wp-block-list\">\n<li><strong>abonament typu &#8222;Z&#8221; <\/strong>&#8211; uprawniaj\u0105cy do kr\u00f3tkotrwa\u0142ego postoju w okre\u015blonym miejscu, w obr\u0119bie Rynku i ul. Wa\u0142owej, w godzinach od 10:00 do 18:00, na czas czynnego za\u0142adunku i wy\u0142adunku towar\u00f3w; abonament wystawiany jest dla podmiot\u00f3w prowadz\u0105cych w obr\u0119bie Rynku i na ul. Wa\u0142owej dzia\u0142alno\u015b\u0107 gospodarcz\u0105 w zakresie handlu i us\u0142ug oraz dla urz\u0119d\u00f3w obs\u0142uguj\u0105cych organy administracji publicznej posiadaj\u0105cych swoje siedziby w obr\u0119bie Rynku i ulicy Wa\u0142owej, na te podmioty lub urz\u0119dy; abonament wydawany jest na podstawie dokumentu po\u015bwiadczaj\u0105cego adres siedziby lub miejsca prowadzenia dzia\u0142alno\u015bci;<br><\/li>\n\n\n\n<li><strong>abonament typu &#8222;S&#8221;<\/strong> &#8211; uprawniaj\u0105cy do postoju na wszystkich miejscach obj\u0119tych op\u0142atami; abonament wystawiany jest na pojazdy s\u0142u\u017cbowe organizacji spo\u0142ecznych, zawodowych, politycznych, wyznaniowych, redakcji prasy, radia, telewizji, jednostek sektora finans\u00f3w publicznych \u2013 w ilo\u015bci nie wi\u0119kszej ni\u017c cztery abonamenty na dan\u0105 organizacj\u0119, redakcj\u0119 lub jednostk\u0119; abonament wydawany jest na podstawie dowodu rejestracyjnego, z kt\u00f3rego wynika potwierdzenie w\u0142asno\u015bci pojazdu lub dokumentu, z kt\u00f3rego wynika posiadanie pojazdu na podstawie umowy leasingu lub umowy kredytu na zakup samochodu;<br><\/li>\n\n\n\n<li><strong>abonament typu &#8222;L&#8221; <\/strong>&#8211; uprawniaj\u0105cy do postoju na wszystkich miejscach w SPP wyznaczonych do parkowania; abonament jest abonamentem na okaziciela; abonament wystawiany jest podmiotom wykonuj\u0105cym dzia\u0142alno\u015b\u0107 lecznicz\u0105 i posiadaj\u0105cym swoj\u0105 siedzib\u0119 na terenie Gminy Miasta Tarnowa, realizuj\u0105cym \u015bwiadczenia zdrowotne w domu pacjenta, finansowane ze \u015brodk\u00f3w publicznych w ilo\u015bci jeden abonament na 2000 pacjent\u00f3w wed\u0142ug stanu na dzie\u0144 1 stycznia danego roku, jednak\u017ce nie wi\u0119cej ni\u017c trzy abonamenty dla jednego podmiotu; abonament wydawany jest na dany rok kalendarzowy, na pojazdy wskazane przez ten podmiot, na podstawie:\n<ul class=\"wp-block-list\">\n<li>dokumentu po\u015bwiadczaj\u0105cego wpis do rejestru pomiot\u00f3w wykonuj\u0105cych dzia\u0142alno\u015b\u0107 lecznicz\u0105,<\/li>\n\n\n\n<li>o\u015bwiadczenia podmiotu wykonuj\u0105cego dzia\u0142alno\u015b\u0107 lecznicz\u0105 o realizacji \u015bwiadcze\u0144 zdrowotnych w domu pacjenta, finansowanych ze \u015brodk\u00f3w publicznych,<\/li>\n\n\n\n<li>o\u015bwiadczenia o ilo\u015bci pacjent\u00f3w, kt\u00f3rym podmiot wykonuj\u0105cy dzia\u0142alno\u015b\u0107 lecznicz\u0105 \u015bwiadczy us\u0142ugi zdrowotne, finansowane ze \u015brodk\u00f3w publicznych &#8211; wed\u0142ug stanu na dzie\u0144 1 stycznia danego roku;<br><\/li>\n<\/ul>\n<\/li>\n\n\n\n<li><strong>abonament typu &#8222;T&#8221;<\/strong> &#8211; uprawniaj\u0105cy do postoju na wszystkich miejscach w SPP wyznaczonych do parkowania; abonament wystawiany jest na konkretny pojazd i musi zawiera\u0107 jego numer rejestracyjny; posiadacz aktywnej Tarnowskiej karty Miejskiej Premium  mo\u017ce zakupi\u0107 1 abonament;<br><\/li>\n\n\n\n<li><strong>abonament typu &#8222;I&#8221; <\/strong>&#8211; uprawniaj\u0105cy do postoju na wszystkich miejscach w SPP wyznaczonych do parkowania; abonament wystawiany jest na pojazdy os\u00f3b niepe\u0142nosprawnych, rodzic\u00f3w osoby niepe\u0142nosprawnej mieszkaj\u0105cych razem z ni\u0105 w jednym gospodarstwie domowym lub opiekun\u00f3w prawnych osoby niepe\u0142nosprawnej, w ilo\u015bci jeden abonament na jedn\u0105 osob\u0119 niepe\u0142nosprawn\u0105; abonament wydawany jest na podstawie:\n<ul class=\"wp-block-list\">\n<li>dowodu rejestracyjnego, z kt\u00f3rego wynika potwierdzenie w\u0142asno\u015bci pojazdu lub dokumentu, z kt\u00f3rego wynika posiadanie pojazdu na podstawie umowy leasingu lub umowy kredytu na zakup samochodu;<\/li>\n\n\n\n<li>wa\u017cnej karty parkingowej osoby niepe\u0142nosprawnej,<\/li>\n\n\n\n<li>dowodu osobistego lub innego dokumentu, z kt\u00f3rego wynika spe\u0142nianie przes\u0142anek do uzyskania abonamentu.<br><\/li>\n<\/ul>\n<\/li>\n\n\n\n<li><strong>abonament typu &#8222;A&#8221;<\/strong> \u2013 zast\u0119pczy, dla ka\u017cdego z typ\u00f3w abonament\u00f3w wydanych na numer rejestracyjny pojazdu; abonament typu A wydawany w\u0142a\u015bcicielowi abonamentu, kt\u00f3ry utraci\u0142 mo\u017cliwo\u015b\u0107 korzystania z pojazdu, na kt\u00f3ry by\u0142 wydany abonament wskutek uszkodzenia lub wypadku, abonament wydawany jest na czas nie d\u0142u\u017cszy ni\u017c okres wa\u017cno\u015bci abonamentu, za kt\u00f3ry jest wydawany; wznowienie wa\u017cno\u015bci abonamentu zast\u0119powanego jest r\u00f3wnoznaczne z utrat\u0105 wa\u017cno\u015bci abonamentu zast\u0119pczego; abonament wydawany jest na podstawie:\n<ul class=\"wp-block-list\">\n<li>dokumentu wskazuj\u0105cego na utrat\u0119 mo\u017cliwo\u015bci korzystania z samochodu, a w szczeg\u00f3lno\u015bci notatki Policji lub innej s\u0142u\u017cby, zg\u0142oszenia do ubezpieczyciela, za\u015bwiadczenia zak\u0142adu naprawczego;<\/li>\n\n\n\n<li>umowy po\u015bwiadczaj\u0105cej posiadanie pojazdu, kt\u00f3ry b\u0119dzie u\u017cywany w zamian za pojazd zast\u0119powany na okres nie d\u0142u\u017cszy ni\u017c czas naprawy albo likwidacji szkody,<\/li>\n\n\n\n<li>zwrotu abonamentu, za kt\u00f3ry wydawany jest abonament zast\u0119pczy.<br><\/li>\n<\/ul>\n<\/li>\n\n\n\n<li><strong>abonament typu &#8222;K&#8221; <\/strong>&#8211; uprawniaj\u0105cy do postoju na wszystkich miejscach w SPP wyznaczonych do parkowania; abonament wystawiany jest osobom posiadaj\u0105cym tytu\u0142 honorowego dawcy krwi pierwszego stopnia; abonament wystawiany jest na konkretny pojazd i musi zawiera\u0107 jego numer rejestracyjny; abonament wystawiany jest wy\u0142\u0105cznie osobom fizycznym zameldowanym na terenie miasta Tarnowa na pobyt sta\u0142y albo osobom zameldowanym na pobyt czasowy o ile osoba ta posiada r\u00f3wnocze\u015bnie aktywn\u0105 Tarnowsk\u0105 kart\u0119 Miejsk\u0105 PREMIUM na posiadany przez nie pojazd, w ilo\u015bci jeden abonament, na jednego mieszka\u0144ca, przy czym abonament wydawany jest na kolejne 12 miesi\u0119cy kalendarzowych, na podstawie:\n<ul class=\"wp-block-list\">\n<li>legitymacji Honorowego Dawcy Krwi z odpowiednim wpisem, po\u015bwiadczonym piecz\u0105tk\u0105 Centrum Krwiodawstwa oraz dokumentem umo\u017cliwiaj\u0105cym potwierdzenie to\u017csamo\u015bci osoby uprawnionej.<\/li>\n\n\n\n<li>Dowodu rejestracyjnego, z kt\u00f3rego wynika potwierdzenie w\u0142asno\u015bci pojazdu lub dokumentu z kt\u00f3rego wynika posiadanie pojazdu na podstawie umowy leasingu lub umowy kredytu na zakup samochodu.<br><\/li>\n<\/ul>\n<\/li>\n\n\n\n<li><strong>&#8222;Zegar&#8221;<\/strong> &#8211; uprawnia do postoju do 20 minut na ulicy lub cz\u0119\u015bci ulicy, oznaczonej odpowiednimi tablicami informacyjnymi &#8222;Plac\u00f3wka szkolna&#8221; &#8211; pod warunkiem uiszczenia op\u0142aty zrycza\u0142towanej w wysoko\u015bci <strong>20 z\u0142<\/strong> i z\u0142o\u017cenia przez rodzica lub opiekuna prawnego o\u015bwiadczenia o ucz\u0119szczaniu dziecka do danej plac\u00f3wki szkolnej zlokalizowanej na terenie SPP. Zegar mo\u017ce by\u0107 wydany rodzicom lub opiekunom prawnym dzieci ucz\u0119szczaj\u0105cych do po\u0142o\u017conych w SPP \u017c\u0142obk\u00f3w, przedszkoli oraz szk\u00f3\u0142 podstawowych, zwanych &#8222;plac\u00f3wka szkolna&#8221;. Op\u0142ata zrycza\u0142towana &#8222;Zegar&#8221;, wa\u017cna jest w okresie od 1 wrze\u015bnia danego roku do 31 sierpnia roku nast\u0119pnego, niezale\u017cnie od chwili jej wykupu i przys\u0142uguje na jeden pojazd. Niewykorzystana cz\u0119\u015b\u0107 op\u0142aty nie podlega zwrotowi.<br><\/li>\n\n\n\n<li><strong>abonament typu \u201eR\u201d<\/strong> \u2013 uprawniaj\u0105cy do postoju na wszystkich miejscach w SPP wyznaczonych do parkowania; abonament wystawiany jest na pojazdy os\u00f3b pe\u0142ni\u0105cych funkcj\u0119 rodzica zast\u0119pczego; abonament wystawiany jest na konkretny pojazd i musi zawiera\u0107 jego numer rejestracyjny; abonament wystawiany jest wy\u0142\u0105cznie osobom zameldowanym na terenie Gminy Miasta Tarnowa na pobyt sta\u0142y albo osobom zameldowanym na pobyt czasowy, o ile osoba ta posiada r\u00f3wnocze\u015bnie aktywn\u0105 Tarnowska Kart\u0119 Miejsk\u0105 PREMIUM, na posiadany przez nie pojazd, w ilo\u015bci jeden abonament dla jednego rodzica zast\u0119pczego, przy czym abonament wydawany jest na dany rok kalendarzowy na podstawie:\n<ul class=\"wp-block-list\">\n<li>za\u015bwiadczenia o pe\u0142nieniu funkcji rodzica zast\u0119pczego wydanego przez w\u0142a\u015bciwego starost\u0119 oraz dokumentu umo\u017cliwiaj\u0105cego potwierdzenie to\u017csamo\u015bci osoby uprawnionej;<\/li>\n\n\n\n<li>dowodu rejestracyjnego, z kt\u00f3rego wynika potwierdzenie w\u0142asno\u015bci pojazdu lub dokumentu, z kt\u00f3rego wynika posiadanie pojazdu na podstawie umowy leasingu lub umowy kredytu na zakup samochodu.<\/li>\n<\/ul>\n<\/li>\n<\/ol>\n\n\n\n<p><strong>Op\u0142aty za poszczeg\u00f3lne abonamenty wynosz\u0105:<\/strong><br>(obowi\u0105zuj\u0105 od 01 lutego 2024 r.)<\/p>\n\n\n\n<ol class=\"wp-block-list\">\n<li>za roczny abonament typu: <strong>&#8222;M&#8221;, &#8222;I&#8221;, &#8222;K&#8221;, &#8222;R&#8221;<\/strong> &#8211; 60,00 z\u0142;<\/li>\n\n\n\n<li>za roczny abonament typu: <strong>&#8222;L&#8221;<\/strong> \u2013 120,00 z\u0142;<\/li>\n\n\n\n<li>za roczny <strong>&#8222;Zegar&#8221;<\/strong> &#8211; 20,00 z\u0142;<\/li>\n\n\n\n<li>za abonament typu <strong>\u201eZ\u201d<\/strong> :\n<ul class=\"wp-block-list\">\n<li>miesi\u0119czny \u2013 110,00 z\u0142,<\/li>\n\n\n\n<li>p\u00f3\u0142roczny \u2013 600,00 z\u0142,<\/li>\n\n\n\n<li>roczny \u2013 1 100,00 z\u0142;<\/li>\n<\/ul>\n<\/li>\n\n\n\n<li>za roczny abonament typu <strong>\u201eS\u201d<\/strong> \u2013 850,00 z\u0142;<\/li>\n\n\n\n<li>za abonament typu <strong>\u201eT\u201d<\/strong>:\n<ul class=\"wp-block-list\">\n<li>miesi\u0119czny \u2013 340,00 z\u0142, a dla posiadaczy Tarnowskiej Karty Miejskiej PREMIUM &#8211; 170,00 z\u0142<\/li>\n\n\n\n<li>p\u00f3\u0142roczny \u2013 1 700,00 z\u0142, a dla posiadaczy Tarnowskiej Karty Miejskiej PREMIUM &#8211; 850,00 z\u0142<\/li>\n\n\n\n<li>roczny \u2013 3 400,00 z\u0142, a dla posiadaczy Tarnowskiej Karty Miejskiej PREMIUM &#8211; <br>1 700,00 z\u0142<\/li>\n<\/ul>\n<\/li>\n\n\n\n<li>za abonament typu <strong>&#8222;A&#8221;<\/strong> &#8211; 10,00 z\u0142<\/li>\n<\/ol>\n","protected":false},"excerpt":{"rendered":"<p>Ustala si\u0119 nast\u0119puj\u0105ce typy abonament\u00f3w: Abonament typu &#8222;M&#8221; mo\u017ce by\u0107 wydany r\u00f3wnie\u017c osobom fizycznym b\u0119d\u0105cym wsp\u00f3lnikami sp\u00f3\u0142ek jawnych albo komandytowych, o ile osoby te spe\u0142niaj\u0105 wskazane powy\u017cej warunki dotycz\u0105ce zameldowania oraz posiadania aktywnej Tarnowskiej Karty Miejskiej PREMIUM; osobom takim abonament jest wydawany w ilo\u015bci jeden abonament na jednego mieszka\u0144ca b\u0119d\u0105cego wsp\u00f3lnikiem sp\u00f3\u0142ki jawnej albo komandytowej&#8230;<\/p>\n","protected":false},"author":1,"featured_media":0,"parent":0,"menu_order":0,"comment_status":"closed","ping_status":"closed","template":"","meta":{"_kad_post_transparent":"","_kad_post_title":"","_kad_post_layout":"","_kad_post_sidebar_id":"","_kad_post_content_style":"","_kad_post_vertical_padding":"","_kad_post_feature":"","_kad_post_feature_position":"","_kad_post_header":false,"_kad_post_footer":false,"_kad_post_classname":"","footnotes":""},"class_list":["post-1615","page","type-page","status-publish","hentry"],"_links":{"self":[{"href":"http:\/\/targowiska.tarnow.pl\/index.php?rest_route=\/wp\/v2\/pages\/1615","targetHints":{"allow":["GET"]}}],"collection":[{"href":"http:\/\/targowiska.tarnow.pl\/index.php?rest_route=\/wp\/v2\/pages"}],"about":[{"href":"http:\/\/targowiska.tarnow.pl\/index.php?rest_route=\/wp\/v2\/types\/page"}],"author":[{"embeddable":true,"href":"http:\/\/targowiska.tarnow.pl\/index.php?rest_route=\/wp\/v2\/users\/1"}],"replies":[{"embeddable":true,"href":"http:\/\/targowiska.tarnow.pl\/index.php?rest_route=%2Fwp%2Fv2%2Fcomments&post=1615"}],"version-history":[{"count":9,"href":"http:\/\/targowiska.tarnow.pl\/index.php?rest_route=\/wp\/v2\/pages\/1615\/revisions"}],"predecessor-version":[{"id":1883,"href":"http:\/\/targowiska.tarnow.pl\/index.php?rest_route=\/wp\/v2\/pages\/1615\/revisions\/1883"}],"wp:attachment":[{"href":"http:\/\/targowiska.tarnow.pl\/index.php?rest_route=%2Fwp%2Fv2%2Fmedia&parent=1615"}],"curies":[{"name":"wp","href":"https:\/\/api.w.org\/{rel}","templated":true}]}}