{"id":1626,"date":"2025-06-03T09:56:02","date_gmt":"2025-06-03T07:56:02","guid":{"rendered":"http:\/\/dev.targowiska.tarnow.pl\/?page_id=1626"},"modified":"2025-06-11T17:01:42","modified_gmt":"2025-06-11T15:01:42","slug":"obszar-strefy-platnego-parkowania","status":"publish","type":"page","link":"http:\/\/targowiska.tarnow.pl\/?page_id=1626","title":{"rendered":"Obszar Strefy P\u0142atnego Parkowania"},"content":{"rendered":"\n<p>Na drogach publicznych Tarnowa wyznacza si\u0119 stref\u0119 p\u0142atnego parkowania w obszarze ograniczonym ulicami: Gabriela Narutowicza, Stanis\u0142awa Konarskiego, Jaros\u0142awa D\u0105browskiego, Hugona Ko\u0142\u0142\u0105taja, Mostow\u0105, Lwowsk\u0105, Starod\u0105browsk\u0105, S\u0142oneczn\u0105, B\u0142ogos\u0142awionego Ksi\u0119dza Romana Sitko, Juliusza S\u0142owackiego, Klikowsk\u0105, J\u00f3zefa Szujskiego, Szkotnik, Ignacego Mo\u015bcickiego, Kazimierza Pu\u0142askiego, Krakowsk\u0105 oraz na ulicy Tadeusza Ko\u015bciuszki od ulicy Kazimierza Pu\u0142askiego do ulicy W\u0142adys\u0142awa Reymonta, na ulicy Bartosza G\u0142owackiego od ulicy W\u0142adys\u0142awa Reymonta do ulicy Kazimierza Pu\u0142askiego, na ulicy Dworcowej, na Placu Dworcowym, na ulicy Wita Stwosza od ulicy Gabriela Narutowicza do ulicy Towarowej i na ulicy El\u017cbiety Dru\u017cbackiej, zwanej &#8222;SPP&#8221;. SPP obejmuje r\u00f3wnie\u017c pasy drogowe ulic wyznaczaj\u0105cych jej granice.<\/p>\n\n\n\n<p><\/p>\n\n\n\n<p><strong><a href=\"https:\/\/edziennik.malopolska.uw.gov.pl\/WDU_K\/2019\/5627\/akt.pdf\">Uchwa\u0142a Nr XIII\/162\/2019 Rady Miejskiej w Tarnowie z dnia 11 lipca 2019 r. (Dz. Urz\u0119d. Woj. Ma\u0142opol. 2019.5627 ze zm.).<\/a><\/strong><\/p>\n\n\n\n<p><\/p>\n","protected":false},"excerpt":{"rendered":"<p>Na drogach publicznych Tarnowa wyznacza si\u0119 stref\u0119 p\u0142atnego parkowania w obszarze ograniczonym ulicami: Gabriela Narutowicza, Stanis\u0142awa Konarskiego, Jaros\u0142awa D\u0105browskiego, Hugona Ko\u0142\u0142\u0105taja, Mostow\u0105, Lwowsk\u0105, Starod\u0105browsk\u0105, S\u0142oneczn\u0105, B\u0142ogos\u0142awionego Ksi\u0119dza Romana Sitko, Juliusza S\u0142owackiego, Klikowsk\u0105, J\u00f3zefa Szujskiego, Szkotnik, Ignacego Mo\u015bcickiego, Kazimierza Pu\u0142askiego, Krakowsk\u0105 oraz na ulicy Tadeusza Ko\u015bciuszki od ulicy Kazimierza Pu\u0142askiego do ulicy W\u0142adys\u0142awa Reymonta, na ulicy&#8230;<\/p>\n","protected":false},"author":1,"featured_media":0,"parent":0,"menu_order":0,"comment_status":"closed","ping_status":"closed","template":"","meta":{"_kad_post_transparent":"","_kad_post_title":"","_kad_post_layout":"","_kad_post_sidebar_id":"","_kad_post_content_style":"","_kad_post_vertical_padding":"","_kad_post_feature":"","_kad_post_feature_position":"","_kad_post_header":false,"_kad_post_footer":false,"_kad_post_classname":"","footnotes":""},"class_list":["post-1626","page","type-page","status-publish","hentry"],"_links":{"self":[{"href":"http:\/\/targowiska.tarnow.pl\/index.php?rest_route=\/wp\/v2\/pages\/1626","targetHints":{"allow":["GET"]}}],"collection":[{"href":"http:\/\/targowiska.tarnow.pl\/index.php?rest_route=\/wp\/v2\/pages"}],"about":[{"href":"http:\/\/targowiska.tarnow.pl\/index.php?rest_route=\/wp\/v2\/types\/page"}],"author":[{"embeddable":true,"href":"http:\/\/targowiska.tarnow.pl\/index.php?rest_route=\/wp\/v2\/users\/1"}],"replies":[{"embeddable":true,"href":"http:\/\/targowiska.tarnow.pl\/index.php?rest_route=%2Fwp%2Fv2%2Fcomments&post=1626"}],"version-history":[{"count":0,"href":"http:\/\/targowiska.tarnow.pl\/index.php?rest_route=\/wp\/v2\/pages\/1626\/revisions"}],"wp:attachment":[{"href":"http:\/\/targowiska.tarnow.pl\/index.php?rest_route=%2Fwp%2Fv2%2Fmedia&parent=1626"}],"curies":[{"name":"wp","href":"https:\/\/api.w.org\/{rel}","templated":true}]}}