{"id":1628,"date":"2025-06-03T10:01:20","date_gmt":"2025-06-03T08:01:20","guid":{"rendered":"http:\/\/dev.targowiska.tarnow.pl\/?page_id=1628"},"modified":"2026-01-05T11:53:35","modified_gmt":"2026-01-05T10:53:35","slug":"reklamacja-zawiadomienia","status":"publish","type":"page","link":"http:\/\/targowiska.tarnow.pl\/?page_id=1628","title":{"rendered":"Reklamacja Zawiadomienia"},"content":{"rendered":"\n<p><strong>Reklamacja Zawiadomienia<br><\/strong>Od otrzymanego zawiadomienia przys\u0142uguje mo\u017cliwo\u015b\u0107 wniesienia reklamacji w terminie 7 dni od otrzymanego zawiadomienia. Z\u0142o\u017cenie reklamacji nie zwalnia z obowiazku&nbsp;terminowego&nbsp;wniesienia op\u0142aty dodatkowej. W przypadku pozytywnego rozpatrzenia reklamacji, op\u0142ata dodatkowa zostanie zwr\u00f3cona.<\/p>\n\n\n\n<p>Reklamacje sa rozpatrywane wed\u0142ug kolejno\u015bci zg\u0142osze\u0144:<\/p>\n\n\n\n<ul class=\"wp-block-list\">\n<li>w sprawach dotyczacych SPP w terminie do 30 dni kalendarzowych;<\/li>\n\n\n\n<li>w sprawach dotycz\u0105cych TKM w terminie do 14 dni kalendarzowych.<\/li>\n<\/ul>\n\n\n\n<p>Szczeg\u00f3\u0142owe informacje : tel. 14 656 45 05 wew. 35<\/p>\n\n\n\n<p><\/p>\n\n\n\n<p>Reklamacje mo\u017cna sk\u0142ada\u0107:<\/p>\n\n\n\n<ol class=\"wp-block-list\">\n<li>Poczt\u0105 na adres korespondencyjny:<br><strong>Targowiska Miejskie Gminy Miasta Tarnowa<\/strong><br><strong>33-100 Tarn\u00f3w<\/strong><br><strong>ul. N. M. Panny 3<\/strong><br><\/li>\n\n\n\n<li>Za po\u015brednictwem poczty elektronicznej na adres e-mail:<br><strong>targowiska@targowiska.tarnow.pl<\/strong>;<br><\/li>\n\n\n\n<li>Pismem z\u0142o\u017conym osobi\u015bcie w biurze Strefy P\u0142atnego Parkowania w\u00a0 Tarnowie przy<br>ul. N. M. Panny 3, w dni robocze od poniedzia\u0142ku do pi\u0105tku w godzinach 7:00 do 15:00;<br><\/li>\n\n\n\n<li>Za po\u015brednictwem platformy <strong>E-PUAP<\/strong>;<br><\/li>\n\n\n\n<li>Za po\u015brednictwem e-Dor\u0119cze\u0144 na adres <strong>AE: PL-83308-35360-JTFFF-13<\/strong>;<br><br>Na podstawie \u00a712 ust. 7 Uchwa\u0142y Nr XIII\/162\/2019 Rady Miejskiej w Tarnowie z dnia 11 lipca 2019 roku ( Dz. Urz\u0119d. Woj. Ma\u0142op. 2019.5627 z p\u00f3\u017a\u0144. zm.) w przypadku wniesienia op\u0142aty za post\u00f3j pojazdu samochodowego w obszarze strefy p\u0142atnego parkowania w formie \u015brodk\u00f3w pieni\u0119\u017cnych w parkomacie, warunkiem uwzgl\u0119dnienia reklamacji (zwolnienia si\u0119 z obowi\u0105zku uiszczenia op\u0142aty dodatkowej)<span style=\"text-decoration: underline;\">\u00a0jest przed\u0142o\u017cenie w Biurze Strefy P\u0142atnego Parkowania w terminie do 7 dni od powstania obowi\u0105zku<strong>\u00a0orygina\u0142u<\/strong>\u00a0w\u0142a\u015bciwego wydruku z urz\u0105dzenia do poboru op\u0142at \u2013 parkomatu.<\/span><br><\/li>\n<\/ol>\n\n\n\n<p><strong>Reklamacja nie zostanie uwzgl\u0119dniona, je\u015bli<\/strong>:<\/p>\n\n\n\n<ul class=\"wp-block-list\">\n<li>op\u0142ata postojowa zosta\u0142a wniesiona po dokonanej kontroli i wystawieniu wezwania &#8211; zawiadomienia;<\/li>\n\n\n\n<li>nast\u0105pi\u0142o przekroczenie op\u0142aconego czasu postoju;<\/li>\n\n\n\n<li>parkomat nie przyj\u0105\u0142 op\u0142aty bilonem, kart\u0105 p\u0142atnicz\u0105 lub kart\u0105 miejsk\u0105 (TKM) (w\u00f3wczas nale\u017cy wnie\u015b\u0107 op\u0142at\u0119 w innym najbli\u017cszym parkomacie);<\/li>\n\n\n\n<li>b\u0142\u0119dnie wprowadzono w aplikacji mobilnej lub parkomacie (dotyczy bilet\u00f3w zerowych) numer rejestracyjny pojazdu albo wybrano inn\u0105 stref\u0119 (miasto) lub parking;<\/li>\n\n\n\n<li>osoba reklamuj\u0105ca t\u0142umaczy si\u0119 brakiem wiedzy albo tym, \u017ce zapomnia\u0142a wnie\u015b\u0107 op\u0142at\u0119 postojow\u0105;<\/li>\n\n\n\n<li>&#8222;zegar&#8221; b\u0119dzie mia\u0142 nieprawid\u0142owo ustawiona godzin\u0119 rozpocz\u0119cia postoju albo wyst\u0105pi brak mo\u017cliwo\u015bci jednoznacznego sprawdzenia przez osob\u0119 kontroluj\u0105c\u0105 ustanowionego czasu rozpocz\u0119cia postoju.<\/li>\n<\/ul>\n\n\n\n<p>Zarz\u0105dca parking\u00f3w nie ponosi odpowiedzialno\u015bci za ewentualne nieprawid\u0142owe dzia\u0142anie aplikacji mobilnych do wnoszenia op\u0142at za post\u00f3j pojazd\u00f3w. W takim przypadku u\u017cytkownik aplikacji mo\u017ce wyst\u0105pi\u0107 z reklamacj\u0105 do operatora aplikacji.<\/p>\n\n\n\n<p><\/p>\n","protected":false},"excerpt":{"rendered":"<p>Reklamacja ZawiadomieniaOd otrzymanego zawiadomienia przys\u0142uguje mo\u017cliwo\u015b\u0107 wniesienia reklamacji w terminie 7 dni od otrzymanego zawiadomienia. Z\u0142o\u017cenie reklamacji nie zwalnia z obowiazku&nbsp;terminowego&nbsp;wniesienia op\u0142aty dodatkowej. W przypadku pozytywnego rozpatrzenia reklamacji, op\u0142ata dodatkowa zostanie zwr\u00f3cona. Reklamacje sa rozpatrywane wed\u0142ug kolejno\u015bci zg\u0142osze\u0144: Szczeg\u00f3\u0142owe informacje : tel. 14 656 45 05 wew. 35 Reklamacje mo\u017cna sk\u0142ada\u0107: Reklamacja nie zostanie uwzgl\u0119dniona,&#8230;<\/p>\n","protected":false},"author":1,"featured_media":0,"parent":0,"menu_order":0,"comment_status":"closed","ping_status":"closed","template":"","meta":{"_kad_post_transparent":"","_kad_post_title":"","_kad_post_layout":"","_kad_post_sidebar_id":"","_kad_post_content_style":"","_kad_post_vertical_padding":"","_kad_post_feature":"","_kad_post_feature_position":"","_kad_post_header":false,"_kad_post_footer":false,"_kad_post_classname":"","footnotes":""},"class_list":["post-1628","page","type-page","status-publish","hentry"],"_links":{"self":[{"href":"http:\/\/targowiska.tarnow.pl\/index.php?rest_route=\/wp\/v2\/pages\/1628","targetHints":{"allow":["GET"]}}],"collection":[{"href":"http:\/\/targowiska.tarnow.pl\/index.php?rest_route=\/wp\/v2\/pages"}],"about":[{"href":"http:\/\/targowiska.tarnow.pl\/index.php?rest_route=\/wp\/v2\/types\/page"}],"author":[{"embeddable":true,"href":"http:\/\/targowiska.tarnow.pl\/index.php?rest_route=\/wp\/v2\/users\/1"}],"replies":[{"embeddable":true,"href":"http:\/\/targowiska.tarnow.pl\/index.php?rest_route=%2Fwp%2Fv2%2Fcomments&post=1628"}],"version-history":[{"count":2,"href":"http:\/\/targowiska.tarnow.pl\/index.php?rest_route=\/wp\/v2\/pages\/1628\/revisions"}],"predecessor-version":[{"id":1887,"href":"http:\/\/targowiska.tarnow.pl\/index.php?rest_route=\/wp\/v2\/pages\/1628\/revisions\/1887"}],"wp:attachment":[{"href":"http:\/\/targowiska.tarnow.pl\/index.php?rest_route=%2Fwp%2Fv2%2Fmedia&parent=1628"}],"curies":[{"name":"wp","href":"https:\/\/api.w.org\/{rel}","templated":true}]}}