{"id":7,"date":"2022-05-05T15:47:43","date_gmt":"2022-05-05T15:47:43","guid":{"rendered":"https:\/\/startertemplatecloud.com\/g23\/?page_id=7"},"modified":"2025-12-29T10:37:11","modified_gmt":"2025-12-29T09:37:11","slug":"home","status":"publish","type":"page","link":"http:\/\/targowiska.tarnow.pl\/","title":{"rendered":"Aktualno\u015bci"},"content":{"rendered":"\n<div class=\"wp-block-group\"><div class=\"wp-block-group__inner-container is-layout-constrained wp-block-group-is-layout-constrained\">\n<div class=\"wp-block-columns is-layout-flex wp-container-core-columns-is-layout-9d6595d7 wp-block-columns-is-layout-flex\">\n<div class=\"wp-block-column is-layout-flow wp-block-column-is-layout-flow\" style=\"flex-basis:50%\">\n<p class=\"has-small-font-size\"><strong>Kasa Targowisk Miejskich czynna:<\/strong><br>poniedzia\u0142ek &#8211; pi\u0105tek:&nbsp;&nbsp;<strong>7:15<\/strong>&nbsp;&#8211;&nbsp;<strong>15:00<\/strong><\/p>\n\n\n\n<p class=\"has-small-font-size\"><strong>Biuro Strefy P\u0142atnego Parkowania (SPP) czynne:<\/strong><br>poniedzia\u0142ek &#8211; pi\u0105tek:&nbsp;&nbsp;<strong>7:15&nbsp;<\/strong>&#8211;&nbsp;<strong>15:00<\/strong><br><\/p>\n<\/div>\n<\/div>\n<\/div><\/div>\n\n\n<style>.kb-row-layout-id7_659352-e2 > .kt-row-column-wrap{align-content:start;}:where(.kb-row-layout-id7_659352-e2 > .kt-row-column-wrap) > .wp-block-kadence-column{justify-content:start;}.kb-row-layout-id7_659352-e2 > .kt-row-column-wrap{column-gap:var(--global-kb-gap-md, 2rem);row-gap:var(--global-kb-gap-md, 2rem);padding-top:5px;grid-template-columns:minmax(0, 1fr);}.kb-row-layout-id7_659352-e2{box-shadow:0px 0px 60px 5px rgba(0, 0, 0, 0.2);border-top:0px solid #000000;border-right:0px solid #000000;border-bottom:0px solid #000000;border-left:0px solid #000000;}.kb-row-layout-id7_659352-e2 > .kt-row-layout-overlay{opacity:0.30;}.kb-row-layout-id7_659352-e2 .kt-row-layout-bottom-sep{height:100px;}.kb-row-layout-id7_659352-e2 .kt-row-layout-bottom-sep svg{width:100%;}.kb-row-layout-id7_659352-e2 .kt-row-layout-bottom-sep svg{fill:#ffffff!important;}.kb-row-layout-id7_659352-e2 .kt-row-layout-top-sep{height:100px;}.kb-row-layout-id7_659352-e2 .kt-row-layout-top-sep svg{width:100%;}.kb-row-layout-id7_659352-e2 .kt-row-layout-top-sep svg{fill:#ffffff!important;}@media all and (max-width: 1024px){.kb-row-layout-id7_659352-e2 > .kt-row-column-wrap{grid-template-columns:minmax(0, 1fr);}}@media all and (max-width: 1024px){.kb-row-layout-id7_659352-e2{border-top:0px solid #000000;border-right:0px solid #000000;border-bottom:0px solid #000000;border-left:0px solid #000000;}}@media all and (max-width: 1024px){.kb-row-layout-id7_659352-e2 .kt-row-layout-bottom-sep{height:px;}}@media all and (max-width: 1024px){.kb-row-layout-id7_659352-e2 .kt-row-layout-bottom-sep svg{width:%;}}@media all and (max-width: 767px){.kb-row-layout-id7_659352-e2 > .kt-row-column-wrap{grid-template-columns:minmax(0, 1fr);}.kb-row-layout-id7_659352-e2{border-top:0px solid #000000;border-right:0px solid #000000;border-bottom:0px solid #000000;border-left:0px solid #000000;}.kb-row-layout-id7_659352-e2 .kt-row-layout-bottom-sep{height:px;}.kb-row-layout-id7_659352-e2 .kt-row-layout-bottom-sep svg{width:%;}}<\/style><div class=\"kb-row-layout-wrap kb-row-layout-id7_659352-e2 alignnone kt-row-has-bg wp-block-kadence-rowlayout\"><div class=\"kt-row-column-wrap kt-has-1-columns kt-row-layout-equal kt-tab-layout-inherit kt-mobile-layout-row kt-row-valign-top\">\n<style>.kadence-column7_70fe77-ca > .kt-inside-inner-col,.kadence-column7_70fe77-ca > .kt-inside-inner-col:before{border-top-left-radius:0px;border-top-right-radius:0px;border-bottom-right-radius:0px;border-bottom-left-radius:0px;}.kadence-column7_70fe77-ca > .kt-inside-inner-col{column-gap:var(--global-kb-gap-sm, 1rem);}.kadence-column7_70fe77-ca > .kt-inside-inner-col{flex-direction:column;}.kadence-column7_70fe77-ca > .kt-inside-inner-col > .aligncenter{width:100%;}.kadence-column7_70fe77-ca > .kt-inside-inner-col:before{opacity:0.3;}.kadence-column7_70fe77-ca{text-align:center;}.kadence-column7_70fe77-ca{position:relative;}@media all and (max-width: 1024px){.kadence-column7_70fe77-ca > .kt-inside-inner-col{flex-direction:column;justify-content:center;}}@media all and (max-width: 767px){.kadence-column7_70fe77-ca > .kt-inside-inner-col{flex-direction:column;justify-content:center;}}<\/style>\n<div class=\"wp-block-kadence-column kadence-column7_70fe77-ca\"><div class=\"kt-inside-inner-col\"><style>.kb-posts-id-7_9f533b-b5 .entry.loop-entry .entry-header .entry-title{font-size:var(--global-kb-font-size-md, 1.25rem);}.kb-posts-id-7_9f533b-b5 .kb-post-list-item{display:grid;}<\/style><ul class=\"wp-block-kadence-posts kb-posts kadence-posts-list kb-posts-id-7_9f533b-b5 content-wrap grid-cols kb-posts-style-boxed grid-sm-col-1 grid-lg-col-1 item-image-style-beside\"><li class=\"kb-post-list-item\">\n\t<article class=\"entry content-bg loop-entry kb-post-no-image post-1869 post type-post status-publish format-standard hentry category-bez-kategorii\">\n\t\t\t\t<div class=\"entry-content-wrap\">\n\t\t\t<header class=\"entry-header\">\n\t<h5 class=\"entry-title\"><a href=\"http:\/\/targowiska.tarnow.pl\/?p=1869\" rel=\"bookmark\">Skr\u00f3cony czas pracy 31.12.2025 r.<\/a><\/h5>\t<div class=\"entry-meta entry-meta-divider-dot\">\n\t\t\t\t<span class=\"posted-on\">\n\t\t\t\t<time class=\"entry-date published\" datetime=\"2025-12-29T10:51:01+01:00\">29\/12\/2025<\/time><time class=\"updated\" datetime=\"2025-12-29T10:54:54+01:00\">29\/12\/2025<\/time>\t\t\t<\/span>\n\t\t\t\t<\/div><!-- .entry-meta -->\n\t<\/header><!-- .entry-header -->\n\t<div class=\"entry-summary\">\n\t\t<p>Dnia 31.12.2025 r. (Sylwester) biuro strefy p\u0142atnego parkowania czynne do godz. 11:00. P\u0142atno\u015b\u0107 tego dnia w biurze strefy wy\u0142\u0105cznie kart\u0105 bankow\u0105. Kasa Targowisk Miejskich w dniu 31.12.2025 r. b\u0119dzie nieczynna. Za utrudnienia przepraszamy.<\/p>\n\t<\/div><!-- .entry-summary -->\n\t<footer class=\"entry-footer\">\n\t\t\t<div class=\"entry-actions\">\n\t\t\t<p class=\"more-link-wrap\">\n\t\t\t\t<a href=\"http:\/\/targowiska.tarnow.pl\/?p=1869\" class=\"post-more-link\">\n\t\t\t\t\tCzytaj wi\u0119cej<span class=\"screen-reader-text\"> Skr\u00f3cony czas pracy 31.12.2025 r.<\/span><span class=\"kadence-svg-iconset svg-baseline\"><svg aria-hidden=\"true\" class=\"kadence-svg-icon kadence-arrow-right-alt-svg\" fill=\"currentColor\" version=\"1.1\" xmlns=\"http:\/\/www.w3.org\/2000\/svg\" width=\"27\" height=\"28\" viewBox=\"0 0 27 28\"><title>Kontynuuj<\/title><path d=\"M27 13.953c0 0.141-0.063 0.281-0.156 0.375l-6 5.531c-0.156 0.141-0.359 0.172-0.547 0.094-0.172-0.078-0.297-0.25-0.297-0.453v-3.5h-19.5c-0.281 0-0.5-0.219-0.5-0.5v-3c0-0.281 0.219-0.5 0.5-0.5h19.5v-3.5c0-0.203 0.109-0.375 0.297-0.453s0.391-0.047 0.547 0.078l6 5.469c0.094 0.094 0.156 0.219 0.156 0.359v0z\"><\/path>\n\t\t\t<\/svg><\/span>\t\t\t\t<\/a>\n\t\t\t<\/p>\n\t\t<\/div><!-- .entry-actions -->\n\t\t<\/footer><!-- .entry-footer -->\t\t<\/div>\n\t<\/article>\n<\/li>\n<li class=\"kb-post-list-item\">\n\t<article class=\"entry content-bg loop-entry kb-post-no-image post-1843 post type-post status-publish format-standard hentry category-bez-kategorii\">\n\t\t\t\t<div class=\"entry-content-wrap\">\n\t\t\t<header class=\"entry-header\">\n\t<h5 class=\"entry-title\"><a href=\"http:\/\/targowiska.tarnow.pl\/?p=1843\" rel=\"bookmark\">Godziny otwarcia 10.11.2025 r.<\/a><\/h5>\t<div class=\"entry-meta entry-meta-divider-dot\">\n\t\t\t\t<span class=\"posted-on\">\n\t\t\t\t<time class=\"entry-date published\" datetime=\"2025-11-05T11:39:36+01:00\">05\/11\/2025<\/time><time class=\"updated\" datetime=\"2025-11-05T11:40:10+01:00\">05\/11\/2025<\/time>\t\t\t<\/span>\n\t\t\t\t<\/div><!-- .entry-meta -->\n\t<\/header><!-- .entry-header -->\n\t<div class=\"entry-summary\">\n\t\t<p>W dniu 10.11.2025 r. Biuro Obs\u0142ugi Strefy P\u0142atnego Parkowania, Kasa targowisk Miejskich oraz Administracja Plac\u00f3w targowych b\u0119d\u0105 nieczynne.<\/p>\n\t<\/div><!-- .entry-summary -->\n\t<footer class=\"entry-footer\">\n\t\t\t<div class=\"entry-actions\">\n\t\t\t<p class=\"more-link-wrap\">\n\t\t\t\t<a href=\"http:\/\/targowiska.tarnow.pl\/?p=1843\" class=\"post-more-link\">\n\t\t\t\t\tCzytaj wi\u0119cej<span class=\"screen-reader-text\"> Godziny otwarcia 10.11.2025 r.<\/span><span class=\"kadence-svg-iconset svg-baseline\"><svg aria-hidden=\"true\" class=\"kadence-svg-icon kadence-arrow-right-alt-svg\" fill=\"currentColor\" version=\"1.1\" xmlns=\"http:\/\/www.w3.org\/2000\/svg\" width=\"27\" height=\"28\" viewBox=\"0 0 27 28\"><title>Kontynuuj<\/title><path d=\"M27 13.953c0 0.141-0.063 0.281-0.156 0.375l-6 5.531c-0.156 0.141-0.359 0.172-0.547 0.094-0.172-0.078-0.297-0.25-0.297-0.453v-3.5h-19.5c-0.281 0-0.5-0.219-0.5-0.5v-3c0-0.281 0.219-0.5 0.5-0.5h19.5v-3.5c0-0.203 0.109-0.375 0.297-0.453s0.391-0.047 0.547 0.078l6 5.469c0.094 0.094 0.156 0.219 0.156 0.359v0z\"><\/path>\n\t\t\t<\/svg><\/span>\t\t\t\t<\/a>\n\t\t\t<\/p>\n\t\t<\/div><!-- .entry-actions -->\n\t\t<\/footer><!-- .entry-footer -->\t\t<\/div>\n\t<\/article>\n<\/li>\n<li class=\"kb-post-list-item\">\n\t<article class=\"entry content-bg loop-entry kb-post-no-image post-1454 post type-post status-publish format-standard hentry category-bez-kategorii\">\n\t\t\t\t<div class=\"entry-content-wrap\">\n\t\t\t<header class=\"entry-header\">\n\t<h5 class=\"entry-title\"><a href=\"http:\/\/targowiska.tarnow.pl\/?p=1454\" rel=\"bookmark\">Zakup abonamentu Parkuj i Jed\u017a na TKM<\/a><\/h5>\t<div class=\"entry-meta entry-meta-divider-dot\">\n\t\t\t\t<span class=\"posted-on\">\n\t\t\t\t<time class=\"entry-date published\" datetime=\"2025-03-03T11:39:00+01:00\">03\/03\/2025<\/time><time class=\"updated\" datetime=\"2025-06-02T11:46:51+02:00\">02\/06\/2025<\/time>\t\t\t<\/span>\n\t\t\t\t<\/div><!-- .entry-meta -->\n\t<\/header><!-- .entry-header -->\n\t<div class=\"entry-summary\">\n\t\t<p>Informujemy, \u017ce od 03.03.2025 r. istnieje mozliwo\u015b\u0107 zakupu abonamentu miesi\u0119cznego na Parking Parkuj i Jed\u017a ul. Do Huty 14. dla posiadaczy Tarnowskiej Karty Miejskiej Premium w cenie 60 z\u0142. Abonamenty mo\u017cna naby\u0107 w Biurze Strefy P\u0142atnego Parkowania ul. N. M&#8230;.<\/p>\n\t<\/div><!-- .entry-summary -->\n\t<footer class=\"entry-footer\">\n\t\t\t<div class=\"entry-actions\">\n\t\t\t<p class=\"more-link-wrap\">\n\t\t\t\t<a href=\"http:\/\/targowiska.tarnow.pl\/?p=1454\" class=\"post-more-link\">\n\t\t\t\t\tCzytaj wi\u0119cej<span class=\"screen-reader-text\"> Zakup abonamentu Parkuj i Jed\u017a na TKM<\/span><span class=\"kadence-svg-iconset svg-baseline\"><svg aria-hidden=\"true\" class=\"kadence-svg-icon kadence-arrow-right-alt-svg\" fill=\"currentColor\" version=\"1.1\" xmlns=\"http:\/\/www.w3.org\/2000\/svg\" width=\"27\" height=\"28\" viewBox=\"0 0 27 28\"><title>Kontynuuj<\/title><path d=\"M27 13.953c0 0.141-0.063 0.281-0.156 0.375l-6 5.531c-0.156 0.141-0.359 0.172-0.547 0.094-0.172-0.078-0.297-0.25-0.297-0.453v-3.5h-19.5c-0.281 0-0.5-0.219-0.5-0.5v-3c0-0.281 0.219-0.5 0.5-0.5h19.5v-3.5c0-0.203 0.109-0.375 0.297-0.453s0.391-0.047 0.547 0.078l6 5.469c0.094 0.094 0.156 0.219 0.156 0.359v0z\"><\/path>\n\t\t\t<\/svg><\/span>\t\t\t\t<\/a>\n\t\t\t<\/p>\n\t\t<\/div><!-- .entry-actions -->\n\t\t<\/footer><!-- .entry-footer -->\t\t<\/div>\n\t<\/article>\n<\/li>\n<li class=\"kb-post-list-item\">\n\t<article class=\"entry content-bg loop-entry kb-post-no-image post-1463 post type-post status-publish format-standard hentry category-bez-kategorii\">\n\t\t\t\t<div class=\"entry-content-wrap\">\n\t\t\t<header class=\"entry-header\">\n\t<h5 class=\"entry-title\"><a href=\"http:\/\/targowiska.tarnow.pl\/?p=1463\" rel=\"bookmark\">Skr\u00f3cony czas pracy biura SPP oraz Kasy<\/a><\/h5>\t<div class=\"entry-meta entry-meta-divider-dot\">\n\t\t\t\t<span class=\"posted-on\">\n\t\t\t\t<time class=\"entry-date published\" datetime=\"2024-03-30T11:50:00+01:00\">30\/03\/2024<\/time><time class=\"updated\" datetime=\"2025-06-02T11:51:13+02:00\">02\/06\/2025<\/time>\t\t\t<\/span>\n\t\t\t\t<\/div><!-- .entry-meta -->\n\t<\/header><!-- .entry-header -->\n\t<div class=\"entry-summary\">\n\t\t<p>W dniu 29.03.2024 r. (tj. wielki pi\u0105tek) biuro Strefy P\u0142atnego Parkowania oraz Kasa Targowisk Miejskich\u00a0 czynne do godz. 12:00.<\/p>\n\t<\/div><!-- .entry-summary -->\n\t<footer class=\"entry-footer\">\n\t\t\t<div class=\"entry-actions\">\n\t\t\t<p class=\"more-link-wrap\">\n\t\t\t\t<a href=\"http:\/\/targowiska.tarnow.pl\/?p=1463\" class=\"post-more-link\">\n\t\t\t\t\tCzytaj wi\u0119cej<span class=\"screen-reader-text\"> Skr\u00f3cony czas pracy biura SPP oraz Kasy<\/span><span class=\"kadence-svg-iconset svg-baseline\"><svg aria-hidden=\"true\" class=\"kadence-svg-icon kadence-arrow-right-alt-svg\" fill=\"currentColor\" version=\"1.1\" xmlns=\"http:\/\/www.w3.org\/2000\/svg\" width=\"27\" height=\"28\" viewBox=\"0 0 27 28\"><title>Kontynuuj<\/title><path d=\"M27 13.953c0 0.141-0.063 0.281-0.156 0.375l-6 5.531c-0.156 0.141-0.359 0.172-0.547 0.094-0.172-0.078-0.297-0.25-0.297-0.453v-3.5h-19.5c-0.281 0-0.5-0.219-0.5-0.5v-3c0-0.281 0.219-0.5 0.5-0.5h19.5v-3.5c0-0.203 0.109-0.375 0.297-0.453s0.391-0.047 0.547 0.078l6 5.469c0.094 0.094 0.156 0.219 0.156 0.359v0z\"><\/path>\n\t\t\t<\/svg><\/span>\t\t\t\t<\/a>\n\t\t\t<\/p>\n\t\t<\/div><!-- .entry-actions -->\n\t\t<\/footer><!-- .entry-footer -->\t\t<\/div>\n\t<\/article>\n<\/li>\n<li class=\"kb-post-list-item\">\n\t<article class=\"entry content-bg loop-entry kb-post-no-image post-1461 post type-post status-publish format-standard hentry category-bez-kategorii\">\n\t\t\t\t<div class=\"entry-content-wrap\">\n\t\t\t<header class=\"entry-header\">\n\t<h5 class=\"entry-title\"><a href=\"http:\/\/targowiska.tarnow.pl\/?p=1461\" rel=\"bookmark\">Wzrost op\u0142aty dodatkowej za parkowanie w SPP<\/a><\/h5>\t<div class=\"entry-meta entry-meta-divider-dot\">\n\t\t\t\t<span class=\"posted-on\">\n\t\t\t\t<time class=\"entry-date published\" datetime=\"2024-02-01T11:47:00+01:00\">01\/02\/2024<\/time><time class=\"updated\" datetime=\"2025-06-02T11:47:59+02:00\">02\/06\/2025<\/time>\t\t\t<\/span>\n\t\t\t\t<\/div><!-- .entry-meta -->\n\t<\/header><!-- .entry-header -->\n\t<div class=\"entry-summary\">\n\t\t<p>Z dniem 1 lutego 2024 r. zmianie uleg\u0142 zapis \u00a7 12.1. Uchwa\u0142y Nr XIII\/162\/2019 Rady Miejskiej w Tarnowie z dnia 11 lipca 2019 r. (Dz. Urz\u0119d. Woj. Ma\u0142op. 2019.5627 ze zm.), kt\u00f3ry otrzyma\u0142 brzmienie: &#8222;Za nie uiszczanie op\u0142at za parkowanie&#8230;<\/p>\n\t<\/div><!-- .entry-summary -->\n\t<footer class=\"entry-footer\">\n\t\t\t<div class=\"entry-actions\">\n\t\t\t<p class=\"more-link-wrap\">\n\t\t\t\t<a href=\"http:\/\/targowiska.tarnow.pl\/?p=1461\" class=\"post-more-link\">\n\t\t\t\t\tCzytaj wi\u0119cej<span class=\"screen-reader-text\"> Wzrost op\u0142aty dodatkowej za parkowanie w SPP<\/span><span class=\"kadence-svg-iconset svg-baseline\"><svg aria-hidden=\"true\" class=\"kadence-svg-icon kadence-arrow-right-alt-svg\" fill=\"currentColor\" version=\"1.1\" xmlns=\"http:\/\/www.w3.org\/2000\/svg\" width=\"27\" height=\"28\" viewBox=\"0 0 27 28\"><title>Kontynuuj<\/title><path d=\"M27 13.953c0 0.141-0.063 0.281-0.156 0.375l-6 5.531c-0.156 0.141-0.359 0.172-0.547 0.094-0.172-0.078-0.297-0.25-0.297-0.453v-3.5h-19.5c-0.281 0-0.5-0.219-0.5-0.5v-3c0-0.281 0.219-0.5 0.5-0.5h19.5v-3.5c0-0.203 0.109-0.375 0.297-0.453s0.391-0.047 0.547 0.078l6 5.469c0.094 0.094 0.156 0.219 0.156 0.359v0z\"><\/path>\n\t\t\t<\/svg><\/span>\t\t\t\t<\/a>\n\t\t\t<\/p>\n\t\t<\/div><!-- .entry-actions -->\n\t\t<\/footer><!-- .entry-footer -->\t\t<\/div>\n\t<\/article>\n<\/li>\n<li class=\"kb-post-list-item\">\n\t<article class=\"entry content-bg loop-entry kb-post-no-image post-1465 post type-post status-publish format-standard hentry category-bez-kategorii\">\n\t\t\t\t<div class=\"entry-content-wrap\">\n\t\t\t<header class=\"entry-header\">\n\t<h5 class=\"entry-title\"><a href=\"http:\/\/targowiska.tarnow.pl\/?p=1465\" rel=\"bookmark\">UWAGA !!! Wzrost op\u0142aty dodatkowej z parkowanie<\/a><\/h5>\t<div class=\"entry-meta entry-meta-divider-dot\">\n\t\t\t\t<span class=\"posted-on\">\n\t\t\t\t<time class=\"entry-date published\" datetime=\"2021-04-01T11:51:00+02:00\">01\/04\/2021<\/time><time class=\"updated\" datetime=\"2025-06-02T11:52:11+02:00\">02\/06\/2025<\/time>\t\t\t<\/span>\n\t\t\t\t<\/div><!-- .entry-meta -->\n\t<\/header><!-- .entry-header -->\n\t<div class=\"entry-summary\">\n\t\t<p>Z dniem 1 kwietnia 2021 r. zmianie uleg\u0142 zapis \u00a7 12.1. Uchwa\u0142y Nr XIII\/162\/2019 Rady Miejskiej w Tarnowie z dnia 11 lipca 2019 r. (Dz. Urz\u0119d. Woj. Ma\u0142op. 2019.5627 ze zm.), kt\u00f3ry otrzyma\u0142 brzmienie: &#8222;Za nie uiszczanie op\u0142at za parkowanie&#8230;<\/p>\n\t<\/div><!-- .entry-summary -->\n\t<footer class=\"entry-footer\">\n\t\t\t<div class=\"entry-actions\">\n\t\t\t<p class=\"more-link-wrap\">\n\t\t\t\t<a href=\"http:\/\/targowiska.tarnow.pl\/?p=1465\" class=\"post-more-link\">\n\t\t\t\t\tCzytaj wi\u0119cej<span class=\"screen-reader-text\"> UWAGA !!! Wzrost op\u0142aty dodatkowej z parkowanie<\/span><span class=\"kadence-svg-iconset svg-baseline\"><svg aria-hidden=\"true\" class=\"kadence-svg-icon kadence-arrow-right-alt-svg\" fill=\"currentColor\" version=\"1.1\" xmlns=\"http:\/\/www.w3.org\/2000\/svg\" width=\"27\" height=\"28\" viewBox=\"0 0 27 28\"><title>Kontynuuj<\/title><path d=\"M27 13.953c0 0.141-0.063 0.281-0.156 0.375l-6 5.531c-0.156 0.141-0.359 0.172-0.547 0.094-0.172-0.078-0.297-0.25-0.297-0.453v-3.5h-19.5c-0.281 0-0.5-0.219-0.5-0.5v-3c0-0.281 0.219-0.5 0.5-0.5h19.5v-3.5c0-0.203 0.109-0.375 0.297-0.453s0.391-0.047 0.547 0.078l6 5.469c0.094 0.094 0.156 0.219 0.156 0.359v0z\"><\/path>\n\t\t\t<\/svg><\/span>\t\t\t\t<\/a>\n\t\t\t<\/p>\n\t\t<\/div><!-- .entry-actions -->\n\t\t<\/footer><!-- .entry-footer -->\t\t<\/div>\n\t<\/article>\n<\/li>\n<\/ul><\/div><\/div>\n\n<\/div><\/div>\n\n\n<p><\/p>\n","protected":false},"excerpt":{"rendered":"<p>Kasa Targowisk Miejskich czynna:poniedzia\u0142ek &#8211; pi\u0105tek:&nbsp;&nbsp;7:15&nbsp;&#8211;&nbsp;15:00 Biuro Strefy P\u0142atnego Parkowania (SPP) czynne:poniedzia\u0142ek &#8211; pi\u0105tek:&nbsp;&nbsp;7:15&nbsp;&#8211;&nbsp;15:00<\/p>\n","protected":false},"author":1,"featured_media":0,"parent":0,"menu_order":0,"comment_status":"closed","ping_status":"closed","template":"","meta":{"_kad_post_transparent":"","_kad_post_title":"","_kad_post_layout":"","_kad_post_sidebar_id":"","_kad_post_content_style":"","_kad_post_vertical_padding":"","_kad_post_feature":"","_kad_post_feature_position":"","_kad_post_header":false,"_kad_post_footer":false,"_kad_post_classname":"","footnotes":""},"class_list":["post-7","page","type-page","status-publish","hentry"],"_links":{"self":[{"href":"http:\/\/targowiska.tarnow.pl\/index.php?rest_route=\/wp\/v2\/pages\/7","targetHints":{"allow":["GET"]}}],"collection":[{"href":"http:\/\/targowiska.tarnow.pl\/index.php?rest_route=\/wp\/v2\/pages"}],"about":[{"href":"http:\/\/targowiska.tarnow.pl\/index.php?rest_route=\/wp\/v2\/types\/page"}],"author":[{"embeddable":true,"href":"http:\/\/targowiska.tarnow.pl\/index.php?rest_route=\/wp\/v2\/users\/1"}],"replies":[{"embeddable":true,"href":"http:\/\/targowiska.tarnow.pl\/index.php?rest_route=%2Fwp%2Fv2%2Fcomments&post=7"}],"version-history":[{"count":18,"href":"http:\/\/targowiska.tarnow.pl\/index.php?rest_route=\/wp\/v2\/pages\/7\/revisions"}],"predecessor-version":[{"id":1868,"href":"http:\/\/targowiska.tarnow.pl\/index.php?rest_route=\/wp\/v2\/pages\/7\/revisions\/1868"}],"wp:attachment":[{"href":"http:\/\/targowiska.tarnow.pl\/index.php?rest_route=%2Fwp%2Fv2%2Fmedia&parent=7"}],"curies":[{"name":"wp","href":"https:\/\/api.w.org\/{rel}","templated":true}]}}